{"id":5499,"date":"2022-09-14T09:49:31","date_gmt":"2022-09-14T07:49:31","guid":{"rendered":"https:\/\/cellerdelleida.com\/politica-de-cookies\/"},"modified":"2022-09-30T17:49:27","modified_gmt":"2022-09-30T15:49:27","slug":"politica-de-cookies","status":"publish","type":"page","link":"https:\/\/cellerdelleida.com\/es\/politica-de-cookies\/","title":{"rendered":"Pol\u00edtica de cookies"},"content":{"rendered":"\n<p>En cumplimiento con el deber de informaci\u00f3n recogido en el apartado 2\u00ba del art\u00edculo 22 de la Ley 34\/2002, de 11 de Julio, de Servicios de la Sociedad de la Informaci\u00f3n y del Comercio Electr\u00f3nico, la presente pol\u00edtica de cookies tiene por finalidad informarle de forma clara y precisa sobre las cookies que se utilizan en la p\u00e1gina web de CELLER TORRES DE SANUI SL.<br\/>\u00bfQu\u00e9 son las cookies?<br\/>Una cookie es un archivo de peque\u00f1o tama\u00f1o que los sitios web env\u00edan al navegador y se descargan en su ordenador. Las cookies permiten que la p\u00e1gina web almacene y recupere la informaci\u00f3n sobre su visita, como su idioma preferido y otras opciones, con el fin de mejorar los servicios que se ofrecen y contribuir a tener una mejor experiencia de navegaci\u00f3n para el usuario.<br\/>Autorizaci\u00f3n para el uso de cookies<br\/>De conformidad con el aviso de cookies que aparece en el sitio web, el usuario acepta que, al navegar por \u00e9ste, consiente expresamente el uso de cookies seg\u00fan la descripci\u00f3n que a continuaci\u00f3n se detalla, sin perjuicio de que el usuario pueda modificar la configuraci\u00f3n de su navegador para rechazar el uso de cookies.<br\/>Tipo de cookies<br\/>En funci\u00f3n de quien gestione el dominio desde donde se env\u00edan las cookies y se traten los datos, se distinguir\u00e1 entre cookies propias y cookies de terceros.<br\/>Las cookies tambi\u00e9n pueden clasificarse seg\u00fan el plazo de tiempo que permanezcan almacenadas en el navegador del usuario, distingui\u00e9ndose entre cookies de sesi\u00f3n o cookies persistentes.<br\/>Por \u00faltimo, en funci\u00f3n de la finalidad para la que se trate la informaci\u00f3n recopilada, las cookies se pueden clasificar en las siguientes categor\u00edas:<\/p>\n\n<p>\u2022 Cookies t\u00e9cnicas: permiten al usuario navegar por un sitio web y utilizar algunos de los servicios ofrecidos por el mismo (como, por ejemplo, las que sirven para recordar los elementos integrantes de un carrito de compra).<br\/>\u2022 Cookies de personalizaci\u00f3n: permiten que el usuario acceda al sitio web con unas caracter\u00edsticas determinadas, como puede ser el idioma.<br\/>\u2022 Cookies de seguridad: sirven para impedir o dificultar los ataques contra el sitio web.<br\/>\u2022 Cookies de complemento para intercambiar contenidos sociales: los llamados conector, que permiten compartir contenidos en redes sociales.<br\/>\u2022 Cookies de an\u00e1lisis: permiten al responsable el seguimiento del comportamiento del usuario.<br\/>\u2022 Cookies publicitarias: permiten gestionar los espacios de publicidad del sitio web.<br\/>\u2022 Cookies de publicidad comportamental: como las anteriores, sirven para gestionar los espacios de publicidad del sitio web en funci\u00f3n de la informaci\u00f3n recogida sobre el comportamiento del usuario y sus h\u00e1bitos, adaptando la publicidad al perfil del usuario-ri\u00f3.<br\/>\u2022 Cookies de geolocalizaci\u00f3n: utilizadas para averiguar el pa\u00eds donde se encuentra el usuario.<\/p>\n\n<p>C\u00f3mo modificar la configuraci\u00f3n de las cookies:<\/p>\n\n<p>Usted puede restringir, bloquear o borrar las cookies de CELLER TORRES DE SANUI SL o cualquier otra p\u00e1gina web utilizando su navegador. En cada navegador la operativa es diferente, puede encontrar c\u00f3mo hacerlo en el men\u00fa de ayuda de su navegador donde se establece el procedimiento para su eliminaci\u00f3n. Para m\u00e1s informaci\u00f3n:<\/p>\n\n<p>\u2022 Google Chrome: <a href=\"https:\/\/support.google.com\/chrome\/answer\/95647?co=genie.plat-form%3DDesktop&amp;hl=%C3%A9s\" target=\"_blank\" rel=\"noreferrer noopener\">https:\/\/support.google.com\/chrome\/answer\/95647?co=genie.plat-form%3DDesktop&amp;hl=es<\/a><br\/>\u2022 Mozilla Firefox: <a href=\"https:\/\/support.mozilla.org\/es\/kb\/habilitar-y-deshabilitar-cookies-si-tios-web-rastrear-preferencias\" target=\"_blank\" rel=\"noreferrer noopener\">https:\/\/support.mozilla.org\/es\/kb\/habilitar-y-deshabilitar-cookies-si-tios-web-rastrear-preferencias<\/a><br\/>\u2022 Safari: <a href=\"https:\/\/support.apple.com\/es-es\/guide\/safari\/sfri11471\/mac\" target=\"_blank\" rel=\"noreferrer noopener\">https:\/\/support.apple.com\/es-es\/guide\/safari\/sfri11471\/mac<\/a><br\/>\u2022 Internet Explorer: <a href=\"https:\/\/support.microsoft.com\/es-es\/help\/278835\/how-to-delete-cookie-files-in-internet-explorer\" target=\"_blank\" rel=\"noreferrer noopener\">https:\/\/support.microsoft.com\/es-es\/help\/278835\/how-to-delete-cookie-files-in-internet-explorer<\/a><\/p>\n\n<p>Es posible que al deshabilitar las cookies la p\u00e1gina web no funcione correctamente o no pueda acceder a determinadas funciones de la misma. Modificaci\u00f3n de las condiciones<br\/>BODEGA TORRES DE SANUI SL se reserva expresamente el derecho a modificar unilateralmente, total o parcialmente, sin necesidad de previo aviso, la presente Pol\u00edtica de Cookies. El usuario reconoce y acepta que es su responsabilidad revisar la presente Pol\u00edtica de Cookies.<\/p>\n","protected":false},"excerpt":{"rendered":"<p>En cumplimiento con el deber de informaci\u00f3n recogido en el apartado 2\u00ba del art\u00edculo 22 de la Ley 34\/2002, de 11 de Julio, de Servicios de la Sociedad de la Informaci\u00f3n y del Comercio Electr\u00f3nico, la presente pol\u00edtica de cookies tiene por finalidad informarle de forma clara y precisa sobre las cookies que se utilizan [&hellip;]<\/p>\n","protected":false},"author":1,"featured_media":0,"parent":0,"menu_order":0,"comment_status":"closed","ping_status":"closed","template":"elementor_theme","meta":{"footnotes":""},"class_list":["post-5499","page","type-page","status-publish","hentry"],"yoast_head":"<!-- This site is optimized with the Yoast SEO plugin v27.4 - https:\/\/yoast.com\/product\/yoast-seo-wordpress\/ -->\n<title>Pol\u00edtica de cookies - El Celler de Sanui<\/title>\n<meta name=\"robots\" content=\"noindex, nofollow\" \/>\n<meta property=\"og:locale\" content=\"es_ES\" \/>\n<meta property=\"og:type\" content=\"article\" \/>\n<meta property=\"og:title\" content=\"Pol\u00edtica de cookies - El Celler de Sanui\" \/>\n<meta property=\"og:description\" content=\"En cumplimiento con el deber de informaci\u00f3n recogido en el apartado 2\u00ba del art\u00edculo 22 de la Ley 34\/2002, de 11 de Julio, de Servicios de la Sociedad de la Informaci\u00f3n y del Comercio Electr\u00f3nico, la presente pol\u00edtica de cookies tiene por finalidad informarle de forma clara y precisa sobre las cookies que se utilizan [&hellip;]\" \/>\n<meta property=\"og:url\" content=\"https:\/\/cellerdelleida.com\/es\/politica-de-cookies\/\" \/>\n<meta property=\"og:site_name\" content=\"El Celler de Sanui\" \/>\n<meta property=\"article:modified_time\" content=\"2022-09-30T15:49:27+00:00\" \/>\n<meta name=\"twitter:card\" content=\"summary_large_image\" \/>\n<meta name=\"twitter:label1\" content=\"Tiempo de lectura\" \/>\n\t<meta name=\"twitter:data1\" content=\"3 minutos\" \/>\n<script type=\"application\/ld+json\" class=\"yoast-schema-graph\">{\"@context\":\"https:\\\/\\\/schema.org\",\"@graph\":[{\"@type\":\"WebPage\",\"@id\":\"https:\\\/\\\/cellerdelleida.com\\\/es\\\/politica-de-cookies\\\/\",\"url\":\"https:\\\/\\\/cellerdelleida.com\\\/es\\\/politica-de-cookies\\\/\",\"name\":\"Pol\u00edtica de cookies - El Celler de Sanui\",\"isPartOf\":{\"@id\":\"https:\\\/\\\/cellerdelleida.com\\\/es\\\/#website\"},\"datePublished\":\"2022-09-14T07:49:31+00:00\",\"dateModified\":\"2022-09-30T15:49:27+00:00\",\"breadcrumb\":{\"@id\":\"https:\\\/\\\/cellerdelleida.com\\\/es\\\/politica-de-cookies\\\/#breadcrumb\"},\"inLanguage\":\"es\",\"potentialAction\":[{\"@type\":\"ReadAction\",\"target\":[\"https:\\\/\\\/cellerdelleida.com\\\/es\\\/politica-de-cookies\\\/\"]}]},{\"@type\":\"BreadcrumbList\",\"@id\":\"https:\\\/\\\/cellerdelleida.com\\\/es\\\/politica-de-cookies\\\/#breadcrumb\",\"itemListElement\":[{\"@type\":\"ListItem\",\"position\":1,\"name\":\"Portada\",\"item\":\"https:\\\/\\\/cellerdelleida.com\\\/es\\\/\"},{\"@type\":\"ListItem\",\"position\":2,\"name\":\"Pol\u00edtica de cookies\"}]},{\"@type\":\"WebSite\",\"@id\":\"https:\\\/\\\/cellerdelleida.com\\\/es\\\/#website\",\"url\":\"https:\\\/\\\/cellerdelleida.com\\\/es\\\/\",\"name\":\"El Celler de Sanui\",\"description\":\"Productes frescos de LLeida\",\"publisher\":{\"@id\":\"https:\\\/\\\/cellerdelleida.com\\\/es\\\/#organization\"},\"potentialAction\":[{\"@type\":\"SearchAction\",\"target\":{\"@type\":\"EntryPoint\",\"urlTemplate\":\"https:\\\/\\\/cellerdelleida.com\\\/es\\\/?s={search_term_string}\"},\"query-input\":{\"@type\":\"PropertyValueSpecification\",\"valueRequired\":true,\"valueName\":\"search_term_string\"}}],\"inLanguage\":\"es\"},{\"@type\":\"Organization\",\"@id\":\"https:\\\/\\\/cellerdelleida.com\\\/es\\\/#organization\",\"name\":\"El Celler de Sanui\",\"url\":\"https:\\\/\\\/cellerdelleida.com\\\/es\\\/\",\"logo\":{\"@type\":\"ImageObject\",\"inLanguage\":\"es\",\"@id\":\"https:\\\/\\\/cellerdelleida.com\\\/es\\\/#\\\/schema\\\/logo\\\/image\\\/\",\"url\":\"https:\\\/\\\/cellerdelleida.com\\\/wp-content\\\/uploads\\\/2022\\\/09\\\/Logo-marro.png\",\"contentUrl\":\"https:\\\/\\\/cellerdelleida.com\\\/wp-content\\\/uploads\\\/2022\\\/09\\\/Logo-marro.png\",\"width\":451,\"height\":304,\"caption\":\"El Celler de Sanui\"},\"image\":{\"@id\":\"https:\\\/\\\/cellerdelleida.com\\\/es\\\/#\\\/schema\\\/logo\\\/image\\\/\"}}]}<\/script>\n<!-- \/ Yoast SEO plugin. -->","yoast_head_json":{"title":"Pol\u00edtica de cookies - El Celler de Sanui","robots":{"index":"noindex","follow":"nofollow"},"og_locale":"es_ES","og_type":"article","og_title":"Pol\u00edtica de cookies - El Celler de Sanui","og_description":"En cumplimiento con el deber de informaci\u00f3n recogido en el apartado 2\u00ba del art\u00edculo 22 de la Ley 34\/2002, de 11 de Julio, de Servicios de la Sociedad de la Informaci\u00f3n y del Comercio Electr\u00f3nico, la presente pol\u00edtica de cookies tiene por finalidad informarle de forma clara y precisa sobre las cookies que se utilizan [&hellip;]","og_url":"https:\/\/cellerdelleida.com\/es\/politica-de-cookies\/","og_site_name":"El Celler de Sanui","article_modified_time":"2022-09-30T15:49:27+00:00","twitter_card":"summary_large_image","twitter_misc":{"Tiempo de lectura":"3 minutos"},"schema":{"@context":"https:\/\/schema.org","@graph":[{"@type":"WebPage","@id":"https:\/\/cellerdelleida.com\/es\/politica-de-cookies\/","url":"https:\/\/cellerdelleida.com\/es\/politica-de-cookies\/","name":"Pol\u00edtica de cookies - El Celler de Sanui","isPartOf":{"@id":"https:\/\/cellerdelleida.com\/es\/#website"},"datePublished":"2022-09-14T07:49:31+00:00","dateModified":"2022-09-30T15:49:27+00:00","breadcrumb":{"@id":"https:\/\/cellerdelleida.com\/es\/politica-de-cookies\/#breadcrumb"},"inLanguage":"es","potentialAction":[{"@type":"ReadAction","target":["https:\/\/cellerdelleida.com\/es\/politica-de-cookies\/"]}]},{"@type":"BreadcrumbList","@id":"https:\/\/cellerdelleida.com\/es\/politica-de-cookies\/#breadcrumb","itemListElement":[{"@type":"ListItem","position":1,"name":"Portada","item":"https:\/\/cellerdelleida.com\/es\/"},{"@type":"ListItem","position":2,"name":"Pol\u00edtica de cookies"}]},{"@type":"WebSite","@id":"https:\/\/cellerdelleida.com\/es\/#website","url":"https:\/\/cellerdelleida.com\/es\/","name":"El Celler de Sanui","description":"Productes frescos de LLeida","publisher":{"@id":"https:\/\/cellerdelleida.com\/es\/#organization"},"potentialAction":[{"@type":"SearchAction","target":{"@type":"EntryPoint","urlTemplate":"https:\/\/cellerdelleida.com\/es\/?s={search_term_string}"},"query-input":{"@type":"PropertyValueSpecification","valueRequired":true,"valueName":"search_term_string"}}],"inLanguage":"es"},{"@type":"Organization","@id":"https:\/\/cellerdelleida.com\/es\/#organization","name":"El Celler de Sanui","url":"https:\/\/cellerdelleida.com\/es\/","logo":{"@type":"ImageObject","inLanguage":"es","@id":"https:\/\/cellerdelleida.com\/es\/#\/schema\/logo\/image\/","url":"https:\/\/cellerdelleida.com\/wp-content\/uploads\/2022\/09\/Logo-marro.png","contentUrl":"https:\/\/cellerdelleida.com\/wp-content\/uploads\/2022\/09\/Logo-marro.png","width":451,"height":304,"caption":"El Celler de Sanui"},"image":{"@id":"https:\/\/cellerdelleida.com\/es\/#\/schema\/logo\/image\/"}}]}},"_links":{"self":[{"href":"https:\/\/cellerdelleida.com\/es\/wp-json\/wp\/v2\/pages\/5499","targetHints":{"allow":["GET"]}}],"collection":[{"href":"https:\/\/cellerdelleida.com\/es\/wp-json\/wp\/v2\/pages"}],"about":[{"href":"https:\/\/cellerdelleida.com\/es\/wp-json\/wp\/v2\/types\/page"}],"author":[{"embeddable":true,"href":"https:\/\/cellerdelleida.com\/es\/wp-json\/wp\/v2\/users\/1"}],"replies":[{"embeddable":true,"href":"https:\/\/cellerdelleida.com\/es\/wp-json\/wp\/v2\/comments?post=5499"}],"version-history":[{"count":1,"href":"https:\/\/cellerdelleida.com\/es\/wp-json\/wp\/v2\/pages\/5499\/revisions"}],"predecessor-version":[{"id":5508,"href":"https:\/\/cellerdelleida.com\/es\/wp-json\/wp\/v2\/pages\/5499\/revisions\/5508"}],"wp:attachment":[{"href":"https:\/\/cellerdelleida.com\/es\/wp-json\/wp\/v2\/media?parent=5499"}],"curies":[{"name":"wp","href":"https:\/\/api.w.org\/{rel}","templated":true}]}}