{"id":5498,"date":"2022-09-07T07:49:32","date_gmt":"2022-09-07T05:49:32","guid":{"rendered":"https:\/\/cellerdelleida.com\/prado-de-horas-negro-de-sanui\/"},"modified":"2023-01-17T18:35:49","modified_gmt":"2023-01-17T17:35:49","slug":"prado-de-horas-negro-de-sanui","status":"publish","type":"page","link":"https:\/\/cellerdelleida.com\/es\/prado-de-horas-negro-de-sanui\/","title":{"rendered":"PRAT D&#8217;HORAS Tinto de Sanui"},"content":{"rendered":"\t\t<div data-elementor-type=\"wp-page\" data-elementor-id=\"5498\" class=\"elementor elementor-5498\" data-elementor-post-type=\"page\">\n\t\t\t\t<header class=\"elementor-element elementor-element-21b580c6 e-con-full e-flex e-con e-parent\" data-id=\"21b580c6\" data-element_type=\"container\" data-e-type=\"container\">\n\t\t\t\t<div class=\"elementor-element elementor-element-697067bb elementor-widget elementor-widget-heading\" data-id=\"697067bb\" data-element_type=\"widget\" data-e-type=\"widget\" data-widget_type=\"heading.default\">\n\t\t\t\t<div class=\"elementor-widget-container\">\n\t\t\t\t\t<p class=\"elementor-heading-title elementor-size-default\">DO Costers del Segre<\/p>\t\t\t\t<\/div>\n\t\t\t\t<\/div>\n\t\t\t\t<div class=\"elementor-element elementor-element-50808246 elementor-widget elementor-widget-heading\" data-id=\"50808246\" data-element_type=\"widget\" data-e-type=\"widget\" data-widget_type=\"heading.default\">\n\t\t\t\t<div class=\"elementor-widget-container\">\n\t\t\t\t\t<h1 class=\"elementor-heading-title elementor-size-default\">PRAT D'HORAS | Tinto 2019<\/h1>\t\t\t\t<\/div>\n\t\t\t\t<\/div>\n\t\t\t\t<\/header>\n\t\t<main class=\"elementor-element elementor-element-3e9f9e9d e-con-full e-flex e-con e-parent\" data-id=\"3e9f9e9d\" data-element_type=\"container\" data-e-type=\"container\">\n\t\t<div class=\"elementor-element elementor-element-1575090 e-con-full e-flex elementor-invisible e-con e-parent\" data-id=\"1575090\" data-element_type=\"container\" data-e-type=\"container\" data-settings=\"{&quot;animation&quot;:&quot;fadeInLeft&quot;,&quot;background_background&quot;:&quot;classic&quot;}\">\n\t\t<div class=\"elementor-element elementor-element-75737f82 e-con-full e-flex e-con e-parent\" data-id=\"75737f82\" data-element_type=\"container\" data-e-type=\"container\">\n\t\t\t\t<div class=\"elementor-element elementor-element-27f34202 elementor-widget__width-auto elementor-align-left elementor-button-info elementor-tablet-align-center elementor-widget elementor-widget-button\" data-id=\"27f34202\" data-element_type=\"widget\" data-e-type=\"widget\" data-widget_type=\"button.default\">\n\t\t\t\t<div class=\"elementor-widget-container\">\n\t\t\t\t\t\t\t\t\t<div class=\"elementor-button-wrapper\">\n\t\t\t\t\t<a class=\"elementor-button elementor-button-link elementor-size-sm\" href=\"\/es\/productos\/\">\n\t\t\t\t\t\t<span class=\"elementor-button-content-wrapper\">\n\t\t\t\t\t\t<span class=\"elementor-button-icon\">\n\t\t\t\t<i aria-hidden=\"true\" class=\"fas fa-chevron-left\"><\/i>\t\t\t<\/span>\n\t\t\t\t\t\t\t\t\t<span class=\"elementor-button-text\">Vuelve a productos<\/span>\n\t\t\t\t\t<\/span>\n\t\t\t\t\t<\/a>\n\t\t\t\t<\/div>\n\t\t\t\t\t\t\t\t<\/div>\n\t\t\t\t<\/div>\n\t\t\t\t<\/div>\n\t\t\t\t<div class=\"elementor-element elementor-element-405d8f66 elementor-widget elementor-widget-image\" data-id=\"405d8f66\" data-element_type=\"widget\" data-e-type=\"widget\" data-widget_type=\"image.default\">\n\t\t\t\t<div class=\"elementor-widget-container\">\n\t\t\t\t\t\t\t\t\t\t\t\t\t\t\t<img fetchpriority=\"high\" decoding=\"async\" width=\"600\" height=\"900\" src=\"https:\/\/cellerdelleida.com\/wp-content\/uploads\/2022\/09\/prat-negre.jpg\" class=\"attachment-full size-full wp-image-1545\" alt=\"Ampolla de vi Prat d&#039;hores negre\" srcset=\"https:\/\/cellerdelleida.com\/wp-content\/uploads\/2022\/09\/prat-negre.jpg 600w, https:\/\/cellerdelleida.com\/wp-content\/uploads\/2022\/09\/prat-negre-300x450.jpg 300w, https:\/\/cellerdelleida.com\/wp-content\/uploads\/2022\/09\/prat-negre-200x300.jpg 200w\" sizes=\"(max-width: 600px) 100vw, 600px\" \/>\t\t\t\t\t\t\t\t\t\t\t\t\t\t\t<\/div>\n\t\t\t\t<\/div>\n\t\t<div class=\"elementor-element elementor-element-3a2cc109 e-flex e-con-boxed e-con e-parent\" data-id=\"3a2cc109\" data-element_type=\"container\" data-e-type=\"container\" data-settings=\"{&quot;background_background&quot;:&quot;classic&quot;}\">\n\t\t\t\t\t<div class=\"e-con-inner\">\n\t\t\t\t<div class=\"elementor-element elementor-element-745dcc1d elementor-widget elementor-widget-heading\" data-id=\"745dcc1d\" data-element_type=\"widget\" data-e-type=\"widget\" data-widget_type=\"heading.default\">\n\t\t\t\t<div class=\"elementor-widget-container\">\n\t\t\t\t\t<h2 class=\"elementor-heading-title elementor-size-default\">Prueba nuestros vinos<\/h2>\t\t\t\t<\/div>\n\t\t\t\t<\/div>\n\t\t\t\t<div class=\"elementor-element elementor-element-6b5f7c6f elementor-widget elementor-widget-heading\" data-id=\"6b5f7c6f\" data-element_type=\"widget\" data-e-type=\"widget\" data-widget_type=\"heading.default\">\n\t\t\t\t<div class=\"elementor-widget-container\">\n\t\t\t\t\t<h3 class=\"elementor-heading-title elementor-size-default\">DO COSTEROS DE SEGRE<\/h3>\t\t\t\t<\/div>\n\t\t\t\t<\/div>\n\t\t\t\t<div class=\"elementor-element elementor-element-2a6cec6d elementor-widget__width-auto elementor-align-left elementor-button-info elementor-tablet-align-center elementor-widget elementor-widget-button\" data-id=\"2a6cec6d\" data-element_type=\"widget\" data-e-type=\"widget\" data-widget_type=\"button.default\">\n\t\t\t\t<div class=\"elementor-widget-container\">\n\t\t\t\t\t\t\t\t\t<div class=\"elementor-button-wrapper\">\n\t\t\t\t\t<a class=\"elementor-button elementor-button-link elementor-size-sm\" href=\"\/es\/tienda\">\n\t\t\t\t\t\t<span class=\"elementor-button-content-wrapper\">\n\t\t\t\t\t\t<span class=\"elementor-button-icon\">\n\t\t\t\t<i aria-hidden=\"true\" class=\"fas fa-chevron-right\"><\/i>\t\t\t<\/span>\n\t\t\t\t\t\t\t\t\t<span class=\"elementor-button-text\">COMPRAR<\/span>\n\t\t\t\t\t<\/span>\n\t\t\t\t\t<\/a>\n\t\t\t\t<\/div>\n\t\t\t\t\t\t\t\t<\/div>\n\t\t\t\t<\/div>\n\t\t\t\t\t<\/div>\n\t\t\t\t<\/div>\n\t\t\t\t<\/div>\n\t\t<div class=\"elementor-element elementor-element-5170a589 e-con-full e-flex e-con e-parent\" data-id=\"5170a589\" data-element_type=\"container\" data-e-type=\"container\">\n\t\t\t\t<div class=\"elementor-element elementor-element-f338f43 elementor-widget elementor-widget-text-editor\" data-id=\"f338f43\" data-element_type=\"widget\" data-e-type=\"widget\" data-widget_type=\"text-editor.default\">\n\t\t\t\t<div class=\"elementor-widget-container\">\n\t\t\t\t\t\t\t\t\t<p><b>BODEGA:<\/b> Celler de SANUI \u2013 Productes Frescos de Lleida, SLU.<\/p>\n\t\t\t\t\t\t\t\t<\/div>\n\t\t\t\t<\/div>\n\t\t\t\t<div class=\"elementor-element elementor-element-144aa641 elementor-widget elementor-widget-text-editor\" data-id=\"144aa641\" data-element_type=\"widget\" data-e-type=\"widget\" data-widget_type=\"text-editor.default\">\n\t\t\t\t<div class=\"elementor-widget-container\">\n\t\t\t\t\t\t\t\t\t<p><b>ZONA:<\/b> Denominaci\u00f3n de origen <b>COSTERS DEL SEGRE<\/b><\/p>\n\t\t\t\t\t\t\t\t<\/div>\n\t\t\t\t<\/div>\n\t\t\t\t<div class=\"elementor-element elementor-element-1431cd6e elementor-widget elementor-widget-text-editor\" data-id=\"1431cd6e\" data-element_type=\"widget\" data-e-type=\"widget\" data-widget_type=\"text-editor.default\">\n\t\t\t\t<div class=\"elementor-widget-container\">\n\t\t\t\t\t\t\t\t\t<p><b>VENDIMIA:<\/b> Cosecha 2019<\/p>\n\t\t\t\t\t\t\t\t<\/div>\n\t\t\t\t<\/div>\n\t\t\t\t<div class=\"elementor-element elementor-element-5d3512f6 elementor-widget elementor-widget-text-editor\" data-id=\"5d3512f6\" data-element_type=\"widget\" data-e-type=\"widget\" data-widget_type=\"text-editor.default\">\n\t\t\t\t<div class=\"elementor-widget-container\">\n\t\t\t\t\t\t\t\t\t<p><b>VARIEDADES:<\/b><\/p>\n\t\t\t\t\t\t\t\t<\/div>\n\t\t\t\t<\/div>\n\t\t\t\t<div class=\"elementor-element elementor-element-6b032279 elementor-icon-list--layout-traditional elementor-list-item-link-full_width elementor-widget elementor-widget-icon-list\" data-id=\"6b032279\" data-element_type=\"widget\" data-e-type=\"widget\" data-widget_type=\"icon-list.default\">\n\t\t\t\t<div class=\"elementor-widget-container\">\n\t\t\t\t\t\t\t<ul class=\"elementor-icon-list-items\">\n\t\t\t\t\t\t\t<li class=\"elementor-icon-list-item\">\n\t\t\t\t\t\t\t\t\t\t\t<span class=\"elementor-icon-list-icon\">\n\t\t\t\t\t\t\t<i aria-hidden=\"true\" class=\"fas fa-check\"><\/i>\t\t\t\t\t\t<\/span>\n\t\t\t\t\t\t\t\t\t\t<span class=\"elementor-icon-list-text\">55% Garnacha Negra<\/span>\n\t\t\t\t\t\t\t\t\t<\/li>\n\t\t\t\t\t\t\t\t<li class=\"elementor-icon-list-item\">\n\t\t\t\t\t\t\t\t\t\t\t<span class=\"elementor-icon-list-icon\">\n\t\t\t\t\t\t\t<i aria-hidden=\"true\" class=\"fas fa-check\"><\/i>\t\t\t\t\t\t<\/span>\n\t\t\t\t\t\t\t\t\t\t<span class=\"elementor-icon-list-text\">25% Merlot<\/span>\n\t\t\t\t\t\t\t\t\t<\/li>\n\t\t\t\t\t\t\t\t<li class=\"elementor-icon-list-item\">\n\t\t\t\t\t\t\t\t\t\t\t<span class=\"elementor-icon-list-icon\">\n\t\t\t\t\t\t\t<i aria-hidden=\"true\" class=\"fas fa-check\"><\/i>\t\t\t\t\t\t<\/span>\n\t\t\t\t\t\t\t\t\t\t<span class=\"elementor-icon-list-text\">20% Tempranillo (Tempranillo)<\/span>\n\t\t\t\t\t\t\t\t\t<\/li>\n\t\t\t\t\t\t<\/ul>\n\t\t\t\t\t\t<\/div>\n\t\t\t\t<\/div>\n\t\t\t\t<div class=\"elementor-element elementor-element-4ff838f2 elementor-widget elementor-widget-text-editor\" data-id=\"4ff838f2\" data-element_type=\"widget\" data-e-type=\"widget\" data-widget_type=\"text-editor.default\">\n\t\t\t\t<div class=\"elementor-widget-container\">\n\t\t\t\t\t\t\t\t\t<p><b>AN\u00c1LISIS:<\/b><\/p>\n\t\t\t\t\t\t\t\t<\/div>\n\t\t\t\t<\/div>\n\t\t\t\t<div class=\"elementor-element elementor-element-1e278279 elementor-icon-list--layout-traditional elementor-list-item-link-full_width elementor-widget elementor-widget-icon-list\" data-id=\"1e278279\" data-element_type=\"widget\" data-e-type=\"widget\" data-widget_type=\"icon-list.default\">\n\t\t\t\t<div class=\"elementor-widget-container\">\n\t\t\t\t\t\t\t<ul class=\"elementor-icon-list-items\">\n\t\t\t\t\t\t\t<li class=\"elementor-icon-list-item\">\n\t\t\t\t\t\t\t\t\t\t\t<span class=\"elementor-icon-list-icon\">\n\t\t\t\t\t\t\t<i aria-hidden=\"true\" class=\"fas fa-check\"><\/i>\t\t\t\t\t\t<\/span>\n\t\t\t\t\t\t\t\t\t\t<span class=\"elementor-icon-list-text\">Graduaci\u00f3n 14,50% vol.<\/span>\n\t\t\t\t\t\t\t\t\t<\/li>\n\t\t\t\t\t\t\t\t<li class=\"elementor-icon-list-item\">\n\t\t\t\t\t\t\t\t\t\t\t<span class=\"elementor-icon-list-icon\">\n\t\t\t\t\t\t\t<i aria-hidden=\"true\" class=\"fas fa-check\"><\/i>\t\t\t\t\t\t<\/span>\n\t\t\t\t\t\t\t\t\t\t<span class=\"elementor-icon-list-text\">Acidez Total 4,80 g\/l (en H2T)<\/span>\n\t\t\t\t\t\t\t\t\t<\/li>\n\t\t\t\t\t\t\t\t<li class=\"elementor-icon-list-item\">\n\t\t\t\t\t\t\t\t\t\t\t<span class=\"elementor-icon-list-icon\">\n\t\t\t\t\t\t\t<i aria-hidden=\"true\" class=\"fas fa-check\"><\/i>\t\t\t\t\t\t<\/span>\n\t\t\t\t\t\t\t\t\t\t<span class=\"elementor-icon-list-text\">Acidez Vol\u00e1til 0,79 g\/l<\/span>\n\t\t\t\t\t\t\t\t\t<\/li>\n\t\t\t\t\t\t\t\t<li class=\"elementor-icon-list-item\">\n\t\t\t\t\t\t\t\t\t\t\t<span class=\"elementor-icon-list-icon\">\n\t\t\t\t\t\t\t<i aria-hidden=\"true\" class=\"fas fa-check\"><\/i>\t\t\t\t\t\t<\/span>\n\t\t\t\t\t\t\t\t\t\t<span class=\"elementor-icon-list-text\">Di\u00f3xido de Azufre Total 111 mg\/l<\/span>\n\t\t\t\t\t\t\t\t\t<\/li>\n\t\t\t\t\t\t\t\t<li class=\"elementor-icon-list-item\">\n\t\t\t\t\t\t\t\t\t\t\t<span class=\"elementor-icon-list-icon\">\n\t\t\t\t\t\t\t<i aria-hidden=\"true\" class=\"fas fa-check\"><\/i>\t\t\t\t\t\t<\/span>\n\t\t\t\t\t\t\t\t\t\t<span class=\"elementor-icon-list-text\">Az\u00facares Totales 0,3 g\/l<\/span>\n\t\t\t\t\t\t\t\t\t<\/li>\n\t\t\t\t\t\t\t\t<li class=\"elementor-icon-list-item\">\n\t\t\t\t\t\t\t\t\t\t\t<span class=\"elementor-icon-list-icon\">\n\t\t\t\t\t\t\t<i aria-hidden=\"true\" class=\"fas fa-check\"><\/i>\t\t\t\t\t\t<\/span>\n\t\t\t\t\t\t\t\t\t\t<span class=\"elementor-icon-list-text\">Intensidad colorante 9,490<\/span>\n\t\t\t\t\t\t\t\t\t<\/li>\n\t\t\t\t\t\t<\/ul>\n\t\t\t\t\t\t<\/div>\n\t\t\t\t<\/div>\n\t\t\t\t<div class=\"elementor-element elementor-element-2dd26cc elementor-widget elementor-widget-text-editor\" data-id=\"2dd26cc\" data-element_type=\"widget\" data-e-type=\"widget\" data-widget_type=\"text-editor.default\">\n\t\t\t\t<div class=\"elementor-widget-container\">\n\t\t\t\t\t\t\t\t\t<p><b>SERVICIO:<\/b><\/p>\n\t\t\t\t\t\t\t\t<\/div>\n\t\t\t\t<\/div>\n\t\t\t\t<div class=\"elementor-element elementor-element-5ad66504 elementor-widget elementor-widget-text-editor\" data-id=\"5ad66504\" data-element_type=\"widget\" data-e-type=\"widget\" data-widget_type=\"text-editor.default\">\n\t\t\t\t<div class=\"elementor-widget-container\">\n\t\t\t\t\t\t\t\t\t<ul><li>Recomendamos tomarlo entre 16 y 18 \u00baC.<\/li>\n<li>Destapar un tiempo antes de ser servido y, si es posible, decantarlo<\/li>\n<li>Este vino, por su forma natural de elaboraci\u00f3n, puede presentar una ligera sedimentaci\u00f3n en el fondo de la botella.<\/li>\n<li>Con unas buenas condiciones de guarda, puede seguir evolucionando favorablemente en los pr\u00f3ximos 5 a\u00f1os.<\/li>\n<\/ul>\t\t\t\t\t\t\t\t<\/div>\n\t\t\t\t<\/div>\n\t\t<div class=\"elementor-element elementor-element-61a6f13f e-con-full e-flex e-con e-parent\" data-id=\"61a6f13f\" data-element_type=\"container\" data-e-type=\"container\">\n\t\t\t\t<div class=\"elementor-element elementor-element-3df23452 elementor-widget elementor-widget-text-editor\" data-id=\"3df23452\" data-element_type=\"widget\" data-e-type=\"widget\" data-widget_type=\"text-editor.default\">\n\t\t\t\t<div class=\"elementor-widget-container\">\n\t\t\t\t\t\t\t\t\t<p><b>ELABORACI\u00d3N:<\/b> Vino elaborado exclusivamente en la finca \u00abLes Torres\u00bb de nuestra propiedad. Sus cepas se cultivan en lo alto, con una orientaci\u00f3n suroeste, en espaldera y sobre un suelo semi-profundo, de textura arcillosa-calc\u00e1rea, con buena composici\u00f3n mineral y bien aireado. Tienen una edad m\u00ednima de entre 16 y 19 a\u00f1os.<\/p>\n<p>La uva, vendimiada por separado y con una ligera sobremaduraci\u00f3n de forma manual y perfecto estado sanitario, se traslada r\u00e1pidamente a la bodega en tolvas de 1000 kg. Una vez despalillado, pasa a los dep\u00f3sitos de acero inoxidable, fermentando por separado a una temperatura m\u00e1xima de 22\u00ba C. y con una maceraci\u00f3n entre 18 y 22 d\u00edas, dependiendo de cada variedad. Se trasiega y seguidamente se inicia la fermentaci\u00f3n malol\u00e1ctica.<\/p>\n<p>Terminada \u00e9sta, estos vinos varietales comienzan su crianza en barricas de roble franc\u00e9s Allier y roble americano; las primeras de 230 litros y las segundas de 300 litros.<\/p>\n<p>Despu\u00e9s de una permanencia de 5 meses en estas barricas, se hace el \u201ccoupage\u201d para que siga envejeciendo en estas mismas barricas hasta completar un m\u00e1ximo de 8.000 horas.<\/p>\n<p>Pasado este tiempo, se trasiega de nuevo y se embotella, despu\u00e9s de una ligera filtraci\u00f3n, para continuar reposando por un tiempo m\u00ednimo de 6 meses a fin de conseguir su personalidad y equilibrio.<\/p>\n<p><b>NOTA DE CATA:<\/b> De color rub\u00ed intenso, su delicado aroma denota los frutos rojos maduros y la compota de cereza picota que marca la madurez de la uva.<\/p>\n<p>En boca es intenso, potente, buena acidez, bien estructurado y con un buen equilibrio de las maderas en las que ha permanecido. Post-gusto sedoso, arm\u00f3nico y muy largo.<\/p>\n\t\t\t\t\t\t\t\t<\/div>\n\t\t\t\t<\/div>\n\t\t\t\t<\/div>\n\t\t\t\t<\/div>\n\t\t\t\t<\/main>\n\t\t\t\t<\/div>\n\t\t","protected":false},"excerpt":{"rendered":"<p>DO Costers del Segre PRAT D&#8217;HORAS | Tinto 2019 Vuelve a productos Prueba nuestros vinos DO COSTEROS DE SEGRE COMPRAR BODEGA: Celler de SANUI \u2013 Productes Frescos de Lleida, SLU. ZONA: Denominaci\u00f3n de origen COSTERS DEL SEGRE VENDIMIA: Cosecha 2019 VARIEDADES: 55% Garnacha Negra 25% Merlot 20% Tempranillo (Tempranillo) AN\u00c1LISIS: Graduaci\u00f3n 14,50% vol. Acidez Total [&hellip;]<\/p>\n","protected":false},"author":1,"featured_media":0,"parent":0,"menu_order":0,"comment_status":"closed","ping_status":"closed","template":"","meta":{"footnotes":""},"class_list":["post-5498","page","type-page","status-publish","hentry"],"yoast_head":"<!-- This site is optimized with the Yoast SEO plugin v27.4 - https:\/\/yoast.com\/product\/yoast-seo-wordpress\/ -->\n<title>PRAT D&#039;HORAS Tinto de Sanui - El Celler de Sanui<\/title>\n<meta name=\"description\" content=\"De color rub\u00ed intenso, su delicado aroma de frutos rojos maduros y la compota de cereza picota que marca la madurez de la uva\" \/>\n<meta name=\"robots\" content=\"index, follow, max-snippet:-1, max-image-preview:large, max-video-preview:-1\" \/>\n<link rel=\"canonical\" href=\"https:\/\/cellerdelleida.com\/es\/prado-de-horas-negro-de-sanui\/\" \/>\n<meta property=\"og:locale\" content=\"es_ES\" \/>\n<meta property=\"og:type\" content=\"article\" \/>\n<meta property=\"og:title\" content=\"PRAT D&#039;HORAS Tinto de Sanui - El Celler de Sanui\" \/>\n<meta property=\"og:description\" content=\"De color rub\u00ed intenso, su delicado aroma de frutos rojos maduros y la compota de cereza picota que marca la madurez de la uva\" \/>\n<meta property=\"og:url\" content=\"https:\/\/cellerdelleida.com\/es\/prado-de-horas-negro-de-sanui\/\" \/>\n<meta property=\"og:site_name\" content=\"El Celler de Sanui\" \/>\n<meta property=\"article:modified_time\" content=\"2023-01-17T17:35:49+00:00\" \/>\n<meta property=\"og:image\" content=\"https:\/\/cellerdelleida.com\/wp-content\/uploads\/2022\/09\/prat-negre.jpg\" \/>\n<meta name=\"twitter:card\" content=\"summary_large_image\" \/>\n<meta name=\"twitter:label1\" content=\"Tiempo de lectura\" \/>\n\t<meta name=\"twitter:data1\" content=\"3 minutos\" \/>\n<script type=\"application\/ld+json\" class=\"yoast-schema-graph\">{\"@context\":\"https:\\\/\\\/schema.org\",\"@graph\":[{\"@type\":\"WebPage\",\"@id\":\"https:\\\/\\\/cellerdelleida.com\\\/es\\\/prado-de-horas-negro-de-sanui\\\/\",\"url\":\"https:\\\/\\\/cellerdelleida.com\\\/es\\\/prado-de-horas-negro-de-sanui\\\/\",\"name\":\"PRAT D'HORAS Tinto de Sanui - El Celler de Sanui\",\"isPartOf\":{\"@id\":\"https:\\\/\\\/cellerdelleida.com\\\/es\\\/#website\"},\"primaryImageOfPage\":{\"@id\":\"https:\\\/\\\/cellerdelleida.com\\\/es\\\/prado-de-horas-negro-de-sanui\\\/#primaryimage\"},\"image\":{\"@id\":\"https:\\\/\\\/cellerdelleida.com\\\/es\\\/prado-de-horas-negro-de-sanui\\\/#primaryimage\"},\"thumbnailUrl\":\"https:\\\/\\\/cellerdelleida.com\\\/wp-content\\\/uploads\\\/2022\\\/09\\\/prat-negre.jpg\",\"datePublished\":\"2022-09-07T05:49:32+00:00\",\"dateModified\":\"2023-01-17T17:35:49+00:00\",\"description\":\"De color rub\u00ed intenso, su delicado aroma de frutos rojos maduros y la compota de cereza picota que marca la madurez de la uva\",\"breadcrumb\":{\"@id\":\"https:\\\/\\\/cellerdelleida.com\\\/es\\\/prado-de-horas-negro-de-sanui\\\/#breadcrumb\"},\"inLanguage\":\"es\",\"potentialAction\":[{\"@type\":\"ReadAction\",\"target\":[\"https:\\\/\\\/cellerdelleida.com\\\/es\\\/prado-de-horas-negro-de-sanui\\\/\"]}]},{\"@type\":\"ImageObject\",\"inLanguage\":\"es\",\"@id\":\"https:\\\/\\\/cellerdelleida.com\\\/es\\\/prado-de-horas-negro-de-sanui\\\/#primaryimage\",\"url\":\"https:\\\/\\\/cellerdelleida.com\\\/wp-content\\\/uploads\\\/2022\\\/09\\\/prat-negre.jpg\",\"contentUrl\":\"https:\\\/\\\/cellerdelleida.com\\\/wp-content\\\/uploads\\\/2022\\\/09\\\/prat-negre.jpg\"},{\"@type\":\"BreadcrumbList\",\"@id\":\"https:\\\/\\\/cellerdelleida.com\\\/es\\\/prado-de-horas-negro-de-sanui\\\/#breadcrumb\",\"itemListElement\":[{\"@type\":\"ListItem\",\"position\":1,\"name\":\"Portada\",\"item\":\"https:\\\/\\\/cellerdelleida.com\\\/es\\\/\"},{\"@type\":\"ListItem\",\"position\":2,\"name\":\"PRAT D&#8217;HORAS Tinto de Sanui\"}]},{\"@type\":\"WebSite\",\"@id\":\"https:\\\/\\\/cellerdelleida.com\\\/es\\\/#website\",\"url\":\"https:\\\/\\\/cellerdelleida.com\\\/es\\\/\",\"name\":\"El Celler de Sanui\",\"description\":\"Productes frescos de LLeida\",\"publisher\":{\"@id\":\"https:\\\/\\\/cellerdelleida.com\\\/es\\\/#organization\"},\"potentialAction\":[{\"@type\":\"SearchAction\",\"target\":{\"@type\":\"EntryPoint\",\"urlTemplate\":\"https:\\\/\\\/cellerdelleida.com\\\/es\\\/?s={search_term_string}\"},\"query-input\":{\"@type\":\"PropertyValueSpecification\",\"valueRequired\":true,\"valueName\":\"search_term_string\"}}],\"inLanguage\":\"es\"},{\"@type\":\"Organization\",\"@id\":\"https:\\\/\\\/cellerdelleida.com\\\/es\\\/#organization\",\"name\":\"El Celler de Sanui\",\"url\":\"https:\\\/\\\/cellerdelleida.com\\\/es\\\/\",\"logo\":{\"@type\":\"ImageObject\",\"inLanguage\":\"es\",\"@id\":\"https:\\\/\\\/cellerdelleida.com\\\/es\\\/#\\\/schema\\\/logo\\\/image\\\/\",\"url\":\"https:\\\/\\\/cellerdelleida.com\\\/wp-content\\\/uploads\\\/2022\\\/09\\\/Logo-marro.png\",\"contentUrl\":\"https:\\\/\\\/cellerdelleida.com\\\/wp-content\\\/uploads\\\/2022\\\/09\\\/Logo-marro.png\",\"width\":451,\"height\":304,\"caption\":\"El Celler de Sanui\"},\"image\":{\"@id\":\"https:\\\/\\\/cellerdelleida.com\\\/es\\\/#\\\/schema\\\/logo\\\/image\\\/\"}}]}<\/script>\n<!-- \/ Yoast SEO plugin. -->","yoast_head_json":{"title":"PRAT D'HORAS Tinto de Sanui - El Celler de Sanui","description":"De color rub\u00ed intenso, su delicado aroma de frutos rojos maduros y la compota de cereza picota que marca la madurez de la uva","robots":{"index":"index","follow":"follow","max-snippet":"max-snippet:-1","max-image-preview":"max-image-preview:large","max-video-preview":"max-video-preview:-1"},"canonical":"https:\/\/cellerdelleida.com\/es\/prado-de-horas-negro-de-sanui\/","og_locale":"es_ES","og_type":"article","og_title":"PRAT D'HORAS Tinto de Sanui - El Celler de Sanui","og_description":"De color rub\u00ed intenso, su delicado aroma de frutos rojos maduros y la compota de cereza picota que marca la madurez de la uva","og_url":"https:\/\/cellerdelleida.com\/es\/prado-de-horas-negro-de-sanui\/","og_site_name":"El Celler de Sanui","article_modified_time":"2023-01-17T17:35:49+00:00","og_image":[{"url":"https:\/\/cellerdelleida.com\/wp-content\/uploads\/2022\/09\/prat-negre.jpg","type":"","width":"","height":""}],"twitter_card":"summary_large_image","twitter_misc":{"Tiempo de lectura":"3 minutos"},"schema":{"@context":"https:\/\/schema.org","@graph":[{"@type":"WebPage","@id":"https:\/\/cellerdelleida.com\/es\/prado-de-horas-negro-de-sanui\/","url":"https:\/\/cellerdelleida.com\/es\/prado-de-horas-negro-de-sanui\/","name":"PRAT D'HORAS Tinto de Sanui - El Celler de Sanui","isPartOf":{"@id":"https:\/\/cellerdelleida.com\/es\/#website"},"primaryImageOfPage":{"@id":"https:\/\/cellerdelleida.com\/es\/prado-de-horas-negro-de-sanui\/#primaryimage"},"image":{"@id":"https:\/\/cellerdelleida.com\/es\/prado-de-horas-negro-de-sanui\/#primaryimage"},"thumbnailUrl":"https:\/\/cellerdelleida.com\/wp-content\/uploads\/2022\/09\/prat-negre.jpg","datePublished":"2022-09-07T05:49:32+00:00","dateModified":"2023-01-17T17:35:49+00:00","description":"De color rub\u00ed intenso, su delicado aroma de frutos rojos maduros y la compota de cereza picota que marca la madurez de la uva","breadcrumb":{"@id":"https:\/\/cellerdelleida.com\/es\/prado-de-horas-negro-de-sanui\/#breadcrumb"},"inLanguage":"es","potentialAction":[{"@type":"ReadAction","target":["https:\/\/cellerdelleida.com\/es\/prado-de-horas-negro-de-sanui\/"]}]},{"@type":"ImageObject","inLanguage":"es","@id":"https:\/\/cellerdelleida.com\/es\/prado-de-horas-negro-de-sanui\/#primaryimage","url":"https:\/\/cellerdelleida.com\/wp-content\/uploads\/2022\/09\/prat-negre.jpg","contentUrl":"https:\/\/cellerdelleida.com\/wp-content\/uploads\/2022\/09\/prat-negre.jpg"},{"@type":"BreadcrumbList","@id":"https:\/\/cellerdelleida.com\/es\/prado-de-horas-negro-de-sanui\/#breadcrumb","itemListElement":[{"@type":"ListItem","position":1,"name":"Portada","item":"https:\/\/cellerdelleida.com\/es\/"},{"@type":"ListItem","position":2,"name":"PRAT D&#8217;HORAS Tinto de Sanui"}]},{"@type":"WebSite","@id":"https:\/\/cellerdelleida.com\/es\/#website","url":"https:\/\/cellerdelleida.com\/es\/","name":"El Celler de Sanui","description":"Productes frescos de LLeida","publisher":{"@id":"https:\/\/cellerdelleida.com\/es\/#organization"},"potentialAction":[{"@type":"SearchAction","target":{"@type":"EntryPoint","urlTemplate":"https:\/\/cellerdelleida.com\/es\/?s={search_term_string}"},"query-input":{"@type":"PropertyValueSpecification","valueRequired":true,"valueName":"search_term_string"}}],"inLanguage":"es"},{"@type":"Organization","@id":"https:\/\/cellerdelleida.com\/es\/#organization","name":"El Celler de Sanui","url":"https:\/\/cellerdelleida.com\/es\/","logo":{"@type":"ImageObject","inLanguage":"es","@id":"https:\/\/cellerdelleida.com\/es\/#\/schema\/logo\/image\/","url":"https:\/\/cellerdelleida.com\/wp-content\/uploads\/2022\/09\/Logo-marro.png","contentUrl":"https:\/\/cellerdelleida.com\/wp-content\/uploads\/2022\/09\/Logo-marro.png","width":451,"height":304,"caption":"El Celler de Sanui"},"image":{"@id":"https:\/\/cellerdelleida.com\/es\/#\/schema\/logo\/image\/"}}]}},"_links":{"self":[{"href":"https:\/\/cellerdelleida.com\/es\/wp-json\/wp\/v2\/pages\/5498","targetHints":{"allow":["GET"]}}],"collection":[{"href":"https:\/\/cellerdelleida.com\/es\/wp-json\/wp\/v2\/pages"}],"about":[{"href":"https:\/\/cellerdelleida.com\/es\/wp-json\/wp\/v2\/types\/page"}],"author":[{"embeddable":true,"href":"https:\/\/cellerdelleida.com\/es\/wp-json\/wp\/v2\/users\/1"}],"replies":[{"embeddable":true,"href":"https:\/\/cellerdelleida.com\/es\/wp-json\/wp\/v2\/comments?post=5498"}],"version-history":[{"count":11,"href":"https:\/\/cellerdelleida.com\/es\/wp-json\/wp\/v2\/pages\/5498\/revisions"}],"predecessor-version":[{"id":7003,"href":"https:\/\/cellerdelleida.com\/es\/wp-json\/wp\/v2\/pages\/5498\/revisions\/7003"}],"wp:attachment":[{"href":"https:\/\/cellerdelleida.com\/es\/wp-json\/wp\/v2\/media?parent=5498"}],"curies":[{"name":"wp","href":"https:\/\/api.w.org\/{rel}","templated":true}]}}