{"id":5475,"date":"2022-09-07T07:46:20","date_gmt":"2022-09-07T05:46:20","guid":{"rendered":"https:\/\/cellerdelleida.com\/el-pequeno-de-sanui-blanco\/"},"modified":"2023-01-17T18:32:21","modified_gmt":"2023-01-17T17:32:21","slug":"el-pequeno-de-sanui-blanco","status":"publish","type":"page","link":"https:\/\/cellerdelleida.com\/es\/el-pequeno-de-sanui-blanco\/","title":{"rendered":"El Peque\u00f1o de SANUI BLANCO"},"content":{"rendered":"\t\t<div data-elementor-type=\"wp-page\" data-elementor-id=\"5475\" class=\"elementor elementor-5475\" data-elementor-post-type=\"page\">\n\t\t\t\t<header class=\"elementor-element elementor-element-1f468c5 e-con-full e-flex e-con e-parent\" data-id=\"1f468c5\" data-element_type=\"container\" data-e-type=\"container\">\n\t\t\t\t<div class=\"elementor-element elementor-element-497e344 elementor-widget elementor-widget-heading\" data-id=\"497e344\" data-element_type=\"widget\" data-e-type=\"widget\" data-widget_type=\"heading.default\">\n\t\t\t\t<div class=\"elementor-widget-container\">\n\t\t\t\t\t<p class=\"elementor-heading-title elementor-size-default\">DO Costers del Segre<\/p>\t\t\t\t<\/div>\n\t\t\t\t<\/div>\n\t\t\t\t<div class=\"elementor-element elementor-element-541ce62 elementor-widget elementor-widget-heading\" data-id=\"541ce62\" data-element_type=\"widget\" data-e-type=\"widget\" data-widget_type=\"heading.default\">\n\t\t\t\t<div class=\"elementor-widget-container\">\n\t\t\t\t\t<h1 class=\"elementor-heading-title elementor-size-default\">El Peque\u00f1o de SANUI | Blanco 2019<\/h1>\t\t\t\t<\/div>\n\t\t\t\t<\/div>\n\t\t\t\t<\/header>\n\t\t<main class=\"elementor-element elementor-element-ef20f65 e-con-full e-flex e-con e-parent\" data-id=\"ef20f65\" data-element_type=\"container\" data-e-type=\"container\">\n\t\t<div class=\"elementor-element elementor-element-ee61bf1 e-con-full e-flex elementor-invisible e-con e-parent\" data-id=\"ee61bf1\" data-element_type=\"container\" data-e-type=\"container\" data-settings=\"{&quot;animation&quot;:&quot;fadeInLeft&quot;,&quot;background_background&quot;:&quot;classic&quot;}\">\n\t\t<div class=\"elementor-element elementor-element-a6b1a55 e-con-full e-flex e-con e-parent\" data-id=\"a6b1a55\" data-element_type=\"container\" data-e-type=\"container\">\n\t\t\t\t<div class=\"elementor-element elementor-element-ce01afe elementor-widget__width-auto elementor-align-left elementor-button-info elementor-tablet-align-center elementor-widget elementor-widget-button\" data-id=\"ce01afe\" data-element_type=\"widget\" data-e-type=\"widget\" data-widget_type=\"button.default\">\n\t\t\t\t<div class=\"elementor-widget-container\">\n\t\t\t\t\t\t\t\t\t<div class=\"elementor-button-wrapper\">\n\t\t\t\t\t<a class=\"elementor-button elementor-button-link elementor-size-sm\" href=\"\/es\/productos\/\">\n\t\t\t\t\t\t<span class=\"elementor-button-content-wrapper\">\n\t\t\t\t\t\t<span class=\"elementor-button-icon\">\n\t\t\t\t<i aria-hidden=\"true\" class=\"fas fa-chevron-left\"><\/i>\t\t\t<\/span>\n\t\t\t\t\t\t\t\t\t<span class=\"elementor-button-text\">Vuelve a productos<\/span>\n\t\t\t\t\t<\/span>\n\t\t\t\t\t<\/a>\n\t\t\t\t<\/div>\n\t\t\t\t\t\t\t\t<\/div>\n\t\t\t\t<\/div>\n\t\t\t\t<\/div>\n\t\t\t\t<div class=\"elementor-element elementor-element-eb2dba6 elementor-widget elementor-widget-image\" data-id=\"eb2dba6\" data-element_type=\"widget\" data-e-type=\"widget\" data-widget_type=\"image.default\">\n\t\t\t\t<div class=\"elementor-widget-container\">\n\t\t\t\t\t\t\t\t\t\t\t\t\t\t\t<img fetchpriority=\"high\" decoding=\"async\" width=\"600\" height=\"900\" src=\"https:\/\/cellerdelleida.com\/wp-content\/uploads\/2022\/09\/petit-blanc.jpg\" class=\"attachment-full size-full wp-image-1542\" alt=\"Ampolla de vi el petit de Sanui blanc\" srcset=\"https:\/\/cellerdelleida.com\/wp-content\/uploads\/2022\/09\/petit-blanc.jpg 600w, https:\/\/cellerdelleida.com\/wp-content\/uploads\/2022\/09\/petit-blanc-300x450.jpg 300w, https:\/\/cellerdelleida.com\/wp-content\/uploads\/2022\/09\/petit-blanc-200x300.jpg 200w\" sizes=\"(max-width: 600px) 100vw, 600px\" \/>\t\t\t\t\t\t\t\t\t\t\t\t\t\t\t<\/div>\n\t\t\t\t<\/div>\n\t\t<div class=\"elementor-element elementor-element-7fa802e e-flex e-con-boxed e-con e-parent\" data-id=\"7fa802e\" data-element_type=\"container\" data-e-type=\"container\" data-settings=\"{&quot;background_background&quot;:&quot;classic&quot;}\">\n\t\t\t\t\t<div class=\"e-con-inner\">\n\t\t\t\t<div class=\"elementor-element elementor-element-43727376 elementor-widget elementor-widget-heading\" data-id=\"43727376\" data-element_type=\"widget\" data-e-type=\"widget\" data-widget_type=\"heading.default\">\n\t\t\t\t<div class=\"elementor-widget-container\">\n\t\t\t\t\t<h2 class=\"elementor-heading-title elementor-size-default\">Prueba nuestros vinos<\/h2>\t\t\t\t<\/div>\n\t\t\t\t<\/div>\n\t\t\t\t<div class=\"elementor-element elementor-element-31b39efc elementor-widget elementor-widget-heading\" data-id=\"31b39efc\" data-element_type=\"widget\" data-e-type=\"widget\" data-widget_type=\"heading.default\">\n\t\t\t\t<div class=\"elementor-widget-container\">\n\t\t\t\t\t<h3 class=\"elementor-heading-title elementor-size-default\">DO COSTEROS DE SEGRE<\/h3>\t\t\t\t<\/div>\n\t\t\t\t<\/div>\n\t\t\t\t<div class=\"elementor-element elementor-element-2ac3ef8f elementor-widget__width-auto elementor-align-left elementor-button-info elementor-tablet-align-left elementor-widget elementor-widget-button\" data-id=\"2ac3ef8f\" data-element_type=\"widget\" data-e-type=\"widget\" data-widget_type=\"button.default\">\n\t\t\t\t<div class=\"elementor-widget-container\">\n\t\t\t\t\t\t\t\t\t<div class=\"elementor-button-wrapper\">\n\t\t\t\t\t<a class=\"elementor-button elementor-button-link elementor-size-sm\" href=\"\/es\/tienda\">\n\t\t\t\t\t\t<span class=\"elementor-button-content-wrapper\">\n\t\t\t\t\t\t<span class=\"elementor-button-icon\">\n\t\t\t\t<i aria-hidden=\"true\" class=\"fas fa-chevron-right\"><\/i>\t\t\t<\/span>\n\t\t\t\t\t\t\t\t\t<span class=\"elementor-button-text\">COMPRAR<\/span>\n\t\t\t\t\t<\/span>\n\t\t\t\t\t<\/a>\n\t\t\t\t<\/div>\n\t\t\t\t\t\t\t\t<\/div>\n\t\t\t\t<\/div>\n\t\t\t\t\t<\/div>\n\t\t\t\t<\/div>\n\t\t\t\t<\/div>\n\t\t<div class=\"elementor-element elementor-element-424ce55 e-con-full e-flex e-con e-parent\" data-id=\"424ce55\" data-element_type=\"container\" data-e-type=\"container\">\n\t\t\t\t<div class=\"elementor-element elementor-element-0a33e5a elementor-widget elementor-widget-text-editor\" data-id=\"0a33e5a\" data-element_type=\"widget\" data-e-type=\"widget\" data-widget_type=\"text-editor.default\">\n\t\t\t\t<div class=\"elementor-widget-container\">\n\t\t\t\t\t\t\t\t\t<p><b>BODEGA:<\/b> Celler de SANUI \u2013 Productes Frescos de Lleida, SLU.<\/p>\n\t\t\t\t\t\t\t\t<\/div>\n\t\t\t\t<\/div>\n\t\t\t\t<div class=\"elementor-element elementor-element-9518785 elementor-widget elementor-widget-text-editor\" data-id=\"9518785\" data-element_type=\"widget\" data-e-type=\"widget\" data-widget_type=\"text-editor.default\">\n\t\t\t\t<div class=\"elementor-widget-container\">\n\t\t\t\t\t\t\t\t\t<p><b>ZONA:<\/b> Denominaci\u00f3n de origen <b>COSTERS DEL SEGRE<\/b><\/p>\n\t\t\t\t\t\t\t\t<\/div>\n\t\t\t\t<\/div>\n\t\t\t\t<div class=\"elementor-element elementor-element-1884cf0 elementor-widget elementor-widget-text-editor\" data-id=\"1884cf0\" data-element_type=\"widget\" data-e-type=\"widget\" data-widget_type=\"text-editor.default\">\n\t\t\t\t<div class=\"elementor-widget-container\">\n\t\t\t\t\t\t\t\t\t<p><b>VENDIMIA:<\/b> Cosecha 2019<\/p>\n\t\t\t\t\t\t\t\t<\/div>\n\t\t\t\t<\/div>\n\t\t\t\t<div class=\"elementor-element elementor-element-0197f83 elementor-widget elementor-widget-text-editor\" data-id=\"0197f83\" data-element_type=\"widget\" data-e-type=\"widget\" data-widget_type=\"text-editor.default\">\n\t\t\t\t<div class=\"elementor-widget-container\">\n\t\t\t\t\t\t\t\t\t<p><b>VARIEDADES:<\/b><\/p>\n\t\t\t\t\t\t\t\t<\/div>\n\t\t\t\t<\/div>\n\t\t\t\t<div class=\"elementor-element elementor-element-ef14254 elementor-icon-list--layout-traditional elementor-list-item-link-full_width elementor-widget elementor-widget-icon-list\" data-id=\"ef14254\" data-element_type=\"widget\" data-e-type=\"widget\" data-widget_type=\"icon-list.default\">\n\t\t\t\t<div class=\"elementor-widget-container\">\n\t\t\t\t\t\t\t<ul class=\"elementor-icon-list-items\">\n\t\t\t\t\t\t\t<li class=\"elementor-icon-list-item\">\n\t\t\t\t\t\t\t\t\t\t\t<span class=\"elementor-icon-list-icon\">\n\t\t\t\t\t\t\t<i aria-hidden=\"true\" class=\"fas fa-check\"><\/i>\t\t\t\t\t\t<\/span>\n\t\t\t\t\t\t\t\t\t\t<span class=\"elementor-icon-list-text\">85% Macabeo<\/span>\n\t\t\t\t\t\t\t\t\t<\/li>\n\t\t\t\t\t\t\t\t<li class=\"elementor-icon-list-item\">\n\t\t\t\t\t\t\t\t\t\t\t<span class=\"elementor-icon-list-icon\">\n\t\t\t\t\t\t\t<i aria-hidden=\"true\" class=\"fas fa-check\"><\/i>\t\t\t\t\t\t<\/span>\n\t\t\t\t\t\t\t\t\t\t<span class=\"elementor-icon-list-text\">12% Riesling<\/span>\n\t\t\t\t\t\t\t\t\t<\/li>\n\t\t\t\t\t\t\t\t<li class=\"elementor-icon-list-item\">\n\t\t\t\t\t\t\t\t\t\t\t<span class=\"elementor-icon-list-icon\">\n\t\t\t\t\t\t\t<i aria-hidden=\"true\" class=\"fas fa-check\"><\/i>\t\t\t\t\t\t<\/span>\n\t\t\t\t\t\t\t\t\t\t<span class=\"elementor-icon-list-text\">3% Muscat<\/span>\n\t\t\t\t\t\t\t\t\t<\/li>\n\t\t\t\t\t\t<\/ul>\n\t\t\t\t\t\t<\/div>\n\t\t\t\t<\/div>\n\t\t\t\t<div class=\"elementor-element elementor-element-1059d66 elementor-widget elementor-widget-text-editor\" data-id=\"1059d66\" data-element_type=\"widget\" data-e-type=\"widget\" data-widget_type=\"text-editor.default\">\n\t\t\t\t<div class=\"elementor-widget-container\">\n\t\t\t\t\t\t\t\t\t<p><b>AN\u00c1LISIS:<\/b><\/p>\n\t\t\t\t\t\t\t\t<\/div>\n\t\t\t\t<\/div>\n\t\t\t\t<div class=\"elementor-element elementor-element-212ec29 elementor-icon-list--layout-traditional elementor-list-item-link-full_width elementor-widget elementor-widget-icon-list\" data-id=\"212ec29\" data-element_type=\"widget\" data-e-type=\"widget\" data-widget_type=\"icon-list.default\">\n\t\t\t\t<div class=\"elementor-widget-container\">\n\t\t\t\t\t\t\t<ul class=\"elementor-icon-list-items\">\n\t\t\t\t\t\t\t<li class=\"elementor-icon-list-item\">\n\t\t\t\t\t\t\t\t\t\t\t<span class=\"elementor-icon-list-icon\">\n\t\t\t\t\t\t\t<i aria-hidden=\"true\" class=\"fas fa-check\"><\/i>\t\t\t\t\t\t<\/span>\n\t\t\t\t\t\t\t\t\t\t<span class=\"elementor-icon-list-text\">Graduaci\u00f3n 12,50% vol.<\/span>\n\t\t\t\t\t\t\t\t\t<\/li>\n\t\t\t\t\t\t\t\t<li class=\"elementor-icon-list-item\">\n\t\t\t\t\t\t\t\t\t\t\t<span class=\"elementor-icon-list-icon\">\n\t\t\t\t\t\t\t<i aria-hidden=\"true\" class=\"fas fa-check\"><\/i>\t\t\t\t\t\t<\/span>\n\t\t\t\t\t\t\t\t\t\t<span class=\"elementor-icon-list-text\">Acidez Total 6,24 g\/l (en H2T) pH 3,44<\/span>\n\t\t\t\t\t\t\t\t\t<\/li>\n\t\t\t\t\t\t\t\t<li class=\"elementor-icon-list-item\">\n\t\t\t\t\t\t\t\t\t\t\t<span class=\"elementor-icon-list-icon\">\n\t\t\t\t\t\t\t<i aria-hidden=\"true\" class=\"fas fa-check\"><\/i>\t\t\t\t\t\t<\/span>\n\t\t\t\t\t\t\t\t\t\t<span class=\"elementor-icon-list-text\">Acidez Vol\u00e1til 0,40 g\/l<\/span>\n\t\t\t\t\t\t\t\t\t<\/li>\n\t\t\t\t\t\t\t\t<li class=\"elementor-icon-list-item\">\n\t\t\t\t\t\t\t\t\t\t\t<span class=\"elementor-icon-list-icon\">\n\t\t\t\t\t\t\t<i aria-hidden=\"true\" class=\"fas fa-check\"><\/i>\t\t\t\t\t\t<\/span>\n\t\t\t\t\t\t\t\t\t\t<span class=\"elementor-icon-list-text\">Di\u00f3xido de Azufre Total 73 mg\/l<\/span>\n\t\t\t\t\t\t\t\t\t<\/li>\n\t\t\t\t\t\t\t\t<li class=\"elementor-icon-list-item\">\n\t\t\t\t\t\t\t\t\t\t\t<span class=\"elementor-icon-list-icon\">\n\t\t\t\t\t\t\t<i aria-hidden=\"true\" class=\"fas fa-check\"><\/i>\t\t\t\t\t\t<\/span>\n\t\t\t\t\t\t\t\t\t\t<span class=\"elementor-icon-list-text\">Az\u00facares Totales &lt; 0,2 g\/l<\/span>\n\t\t\t\t\t\t\t\t\t<\/li>\n\t\t\t\t\t\t<\/ul>\n\t\t\t\t\t\t<\/div>\n\t\t\t\t<\/div>\n\t\t\t\t<div class=\"elementor-element elementor-element-eb562ca elementor-widget elementor-widget-text-editor\" data-id=\"eb562ca\" data-element_type=\"widget\" data-e-type=\"widget\" data-widget_type=\"text-editor.default\">\n\t\t\t\t<div class=\"elementor-widget-container\">\n\t\t\t\t\t\t\t\t\t<p><b>TEMPERATURA DE SERVICIO:<\/b> Entre 6 y 8\u00baC<\/p>\n\t\t\t\t\t\t\t\t<\/div>\n\t\t\t\t<\/div>\n\t\t<div class=\"elementor-element elementor-element-0a919e2 e-con-full e-flex e-con e-parent\" data-id=\"0a919e2\" data-element_type=\"container\" data-e-type=\"container\">\n\t\t\t\t<div class=\"elementor-element elementor-element-5c3449f elementor-widget elementor-widget-text-editor\" data-id=\"5c3449f\" data-element_type=\"widget\" data-e-type=\"widget\" data-widget_type=\"text-editor.default\">\n\t\t\t\t<div class=\"elementor-widget-container\">\n\t\t\t\t\t\t\t\t\t<p><b>ELABORACI\u00d3N:<\/b> Vino elaborado exclusivamente en la finca \u00abLes Torres\u00bb de nuestra propiedad. Las variedades cultivadas sobre un suelo semi-profundo, de textura arcillosa-calc\u00e1rea y con una buena composici\u00f3n mineral, tienen una edad m\u00ednima de 15 a\u00f1os.<\/p>\n<p>La uva se vendimia de forma manual en cajas de 12 kg, en su punto \u00f3ptimo de maduraci\u00f3n y en perfecto estado sanitario. Una vez en bodega, se refrigera a 4\u00baC a fin de extraer al m\u00e1ximo sus caracter\u00edsticas arom\u00e1ticas e iniciando su fermentaci\u00f3n en contacto con su propia piel, consiguiendo as\u00ed una mayor estructura.<\/p>\n<p>Llegados a una densidad de 1050, se desencuba y contin\u00faa la fermentaci\u00f3n del mosto en dep\u00f3sitos de acero inoxidable con control de temperatura, sin superar en ning\u00fan momento 16\u00baC.<\/p>\n<p><b>NOTA DE CATA:<\/b> De color amarillo brillante, su aroma es de fruta blanca madura (manzana y pera) y hierba de monta\u00f1a (hinojo y tomillo). En boca es suave, ligeramente \u00e1cido, fresco y buena estructura. Largo, intenso y robusto.<\/p>\n\t\t\t\t\t\t\t\t<\/div>\n\t\t\t\t<\/div>\n\t\t\t\t<\/div>\n\t\t\t\t<\/div>\n\t\t\t\t<\/main>\n\t\t\t\t<\/div>\n\t\t","protected":false},"excerpt":{"rendered":"<p>DO Costers del Segre El Peque\u00f1o de SANUI | Blanco 2019 Vuelve a productos Prueba nuestros vinos DO COSTEROS DE SEGRE COMPRAR BODEGA: Celler de SANUI \u2013 Productes Frescos de Lleida, SLU. ZONA: Denominaci\u00f3n de origen COSTERS DEL SEGRE VENDIMIA: Cosecha 2019 VARIEDADES: 85% Macabeo 12% Riesling 3% Muscat AN\u00c1LISIS: Graduaci\u00f3n 12,50% vol. Acidez Total [&hellip;]<\/p>\n","protected":false},"author":1,"featured_media":0,"parent":0,"menu_order":0,"comment_status":"closed","ping_status":"closed","template":"","meta":{"footnotes":""},"class_list":["post-5475","page","type-page","status-publish","hentry"],"yoast_head":"<!-- This site is optimized with the Yoast SEO plugin v27.4 - https:\/\/yoast.com\/product\/yoast-seo-wordpress\/ -->\n<title>El Peque\u00f1o de SANUI BLANCO - El Celler de Sanui<\/title>\n<meta name=\"description\" content=\"De color amarillo brillante, su aroma es de fruta blanca madura (manzana y pera) y hierba de monta\u00f1a (hinojo y tomillo).\" \/>\n<meta name=\"robots\" content=\"index, follow, max-snippet:-1, max-image-preview:large, max-video-preview:-1\" \/>\n<link rel=\"canonical\" href=\"https:\/\/cellerdelleida.com\/es\/el-pequeno-de-sanui-blanco\/\" \/>\n<meta property=\"og:locale\" content=\"es_ES\" \/>\n<meta property=\"og:type\" content=\"article\" \/>\n<meta property=\"og:title\" content=\"El Peque\u00f1o de SANUI BLANCO - El Celler de Sanui\" \/>\n<meta property=\"og:description\" content=\"De color amarillo brillante, su aroma es de fruta blanca madura (manzana y pera) y hierba de monta\u00f1a (hinojo y tomillo).\" \/>\n<meta property=\"og:url\" content=\"https:\/\/cellerdelleida.com\/es\/el-pequeno-de-sanui-blanco\/\" \/>\n<meta property=\"og:site_name\" content=\"El Celler de Sanui\" \/>\n<meta property=\"article:modified_time\" content=\"2023-01-17T17:32:21+00:00\" \/>\n<meta property=\"og:image\" content=\"https:\/\/cellerdelleida.com\/wp-content\/uploads\/2022\/09\/petit-blanc.jpg\" \/>\n<meta name=\"twitter:card\" content=\"summary_large_image\" \/>\n<meta name=\"twitter:label1\" content=\"Tiempo de lectura\" \/>\n\t<meta name=\"twitter:data1\" content=\"2 minutos\" \/>\n<script type=\"application\/ld+json\" class=\"yoast-schema-graph\">{\"@context\":\"https:\\\/\\\/schema.org\",\"@graph\":[{\"@type\":\"WebPage\",\"@id\":\"https:\\\/\\\/cellerdelleida.com\\\/es\\\/el-pequeno-de-sanui-blanco\\\/\",\"url\":\"https:\\\/\\\/cellerdelleida.com\\\/es\\\/el-pequeno-de-sanui-blanco\\\/\",\"name\":\"El Peque\u00f1o de SANUI BLANCO - El Celler de Sanui\",\"isPartOf\":{\"@id\":\"https:\\\/\\\/cellerdelleida.com\\\/es\\\/#website\"},\"primaryImageOfPage\":{\"@id\":\"https:\\\/\\\/cellerdelleida.com\\\/es\\\/el-pequeno-de-sanui-blanco\\\/#primaryimage\"},\"image\":{\"@id\":\"https:\\\/\\\/cellerdelleida.com\\\/es\\\/el-pequeno-de-sanui-blanco\\\/#primaryimage\"},\"thumbnailUrl\":\"https:\\\/\\\/cellerdelleida.com\\\/wp-content\\\/uploads\\\/2022\\\/09\\\/petit-blanc.jpg\",\"datePublished\":\"2022-09-07T05:46:20+00:00\",\"dateModified\":\"2023-01-17T17:32:21+00:00\",\"description\":\"De color amarillo brillante, su aroma es de fruta blanca madura (manzana y pera) y hierba de monta\u00f1a (hinojo y tomillo).\",\"breadcrumb\":{\"@id\":\"https:\\\/\\\/cellerdelleida.com\\\/es\\\/el-pequeno-de-sanui-blanco\\\/#breadcrumb\"},\"inLanguage\":\"es\",\"potentialAction\":[{\"@type\":\"ReadAction\",\"target\":[\"https:\\\/\\\/cellerdelleida.com\\\/es\\\/el-pequeno-de-sanui-blanco\\\/\"]}]},{\"@type\":\"ImageObject\",\"inLanguage\":\"es\",\"@id\":\"https:\\\/\\\/cellerdelleida.com\\\/es\\\/el-pequeno-de-sanui-blanco\\\/#primaryimage\",\"url\":\"https:\\\/\\\/cellerdelleida.com\\\/wp-content\\\/uploads\\\/2022\\\/09\\\/petit-blanc.jpg\",\"contentUrl\":\"https:\\\/\\\/cellerdelleida.com\\\/wp-content\\\/uploads\\\/2022\\\/09\\\/petit-blanc.jpg\"},{\"@type\":\"BreadcrumbList\",\"@id\":\"https:\\\/\\\/cellerdelleida.com\\\/es\\\/el-pequeno-de-sanui-blanco\\\/#breadcrumb\",\"itemListElement\":[{\"@type\":\"ListItem\",\"position\":1,\"name\":\"Portada\",\"item\":\"https:\\\/\\\/cellerdelleida.com\\\/es\\\/\"},{\"@type\":\"ListItem\",\"position\":2,\"name\":\"El Peque\u00f1o de SANUI BLANCO\"}]},{\"@type\":\"WebSite\",\"@id\":\"https:\\\/\\\/cellerdelleida.com\\\/es\\\/#website\",\"url\":\"https:\\\/\\\/cellerdelleida.com\\\/es\\\/\",\"name\":\"El Celler de Sanui\",\"description\":\"Productes frescos de LLeida\",\"publisher\":{\"@id\":\"https:\\\/\\\/cellerdelleida.com\\\/es\\\/#organization\"},\"potentialAction\":[{\"@type\":\"SearchAction\",\"target\":{\"@type\":\"EntryPoint\",\"urlTemplate\":\"https:\\\/\\\/cellerdelleida.com\\\/es\\\/?s={search_term_string}\"},\"query-input\":{\"@type\":\"PropertyValueSpecification\",\"valueRequired\":true,\"valueName\":\"search_term_string\"}}],\"inLanguage\":\"es\"},{\"@type\":\"Organization\",\"@id\":\"https:\\\/\\\/cellerdelleida.com\\\/es\\\/#organization\",\"name\":\"El Celler de Sanui\",\"url\":\"https:\\\/\\\/cellerdelleida.com\\\/es\\\/\",\"logo\":{\"@type\":\"ImageObject\",\"inLanguage\":\"es\",\"@id\":\"https:\\\/\\\/cellerdelleida.com\\\/es\\\/#\\\/schema\\\/logo\\\/image\\\/\",\"url\":\"https:\\\/\\\/cellerdelleida.com\\\/wp-content\\\/uploads\\\/2022\\\/09\\\/Logo-marro.png\",\"contentUrl\":\"https:\\\/\\\/cellerdelleida.com\\\/wp-content\\\/uploads\\\/2022\\\/09\\\/Logo-marro.png\",\"width\":451,\"height\":304,\"caption\":\"El Celler de Sanui\"},\"image\":{\"@id\":\"https:\\\/\\\/cellerdelleida.com\\\/es\\\/#\\\/schema\\\/logo\\\/image\\\/\"}}]}<\/script>\n<!-- \/ Yoast SEO plugin. -->","yoast_head_json":{"title":"El Peque\u00f1o de SANUI BLANCO - El Celler de Sanui","description":"De color amarillo brillante, su aroma es de fruta blanca madura (manzana y pera) y hierba de monta\u00f1a (hinojo y tomillo).","robots":{"index":"index","follow":"follow","max-snippet":"max-snippet:-1","max-image-preview":"max-image-preview:large","max-video-preview":"max-video-preview:-1"},"canonical":"https:\/\/cellerdelleida.com\/es\/el-pequeno-de-sanui-blanco\/","og_locale":"es_ES","og_type":"article","og_title":"El Peque\u00f1o de SANUI BLANCO - El Celler de Sanui","og_description":"De color amarillo brillante, su aroma es de fruta blanca madura (manzana y pera) y hierba de monta\u00f1a (hinojo y tomillo).","og_url":"https:\/\/cellerdelleida.com\/es\/el-pequeno-de-sanui-blanco\/","og_site_name":"El Celler de Sanui","article_modified_time":"2023-01-17T17:32:21+00:00","og_image":[{"url":"https:\/\/cellerdelleida.com\/wp-content\/uploads\/2022\/09\/petit-blanc.jpg","type":"","width":"","height":""}],"twitter_card":"summary_large_image","twitter_misc":{"Tiempo de lectura":"2 minutos"},"schema":{"@context":"https:\/\/schema.org","@graph":[{"@type":"WebPage","@id":"https:\/\/cellerdelleida.com\/es\/el-pequeno-de-sanui-blanco\/","url":"https:\/\/cellerdelleida.com\/es\/el-pequeno-de-sanui-blanco\/","name":"El Peque\u00f1o de SANUI BLANCO - El Celler de Sanui","isPartOf":{"@id":"https:\/\/cellerdelleida.com\/es\/#website"},"primaryImageOfPage":{"@id":"https:\/\/cellerdelleida.com\/es\/el-pequeno-de-sanui-blanco\/#primaryimage"},"image":{"@id":"https:\/\/cellerdelleida.com\/es\/el-pequeno-de-sanui-blanco\/#primaryimage"},"thumbnailUrl":"https:\/\/cellerdelleida.com\/wp-content\/uploads\/2022\/09\/petit-blanc.jpg","datePublished":"2022-09-07T05:46:20+00:00","dateModified":"2023-01-17T17:32:21+00:00","description":"De color amarillo brillante, su aroma es de fruta blanca madura (manzana y pera) y hierba de monta\u00f1a (hinojo y tomillo).","breadcrumb":{"@id":"https:\/\/cellerdelleida.com\/es\/el-pequeno-de-sanui-blanco\/#breadcrumb"},"inLanguage":"es","potentialAction":[{"@type":"ReadAction","target":["https:\/\/cellerdelleida.com\/es\/el-pequeno-de-sanui-blanco\/"]}]},{"@type":"ImageObject","inLanguage":"es","@id":"https:\/\/cellerdelleida.com\/es\/el-pequeno-de-sanui-blanco\/#primaryimage","url":"https:\/\/cellerdelleida.com\/wp-content\/uploads\/2022\/09\/petit-blanc.jpg","contentUrl":"https:\/\/cellerdelleida.com\/wp-content\/uploads\/2022\/09\/petit-blanc.jpg"},{"@type":"BreadcrumbList","@id":"https:\/\/cellerdelleida.com\/es\/el-pequeno-de-sanui-blanco\/#breadcrumb","itemListElement":[{"@type":"ListItem","position":1,"name":"Portada","item":"https:\/\/cellerdelleida.com\/es\/"},{"@type":"ListItem","position":2,"name":"El Peque\u00f1o de SANUI BLANCO"}]},{"@type":"WebSite","@id":"https:\/\/cellerdelleida.com\/es\/#website","url":"https:\/\/cellerdelleida.com\/es\/","name":"El Celler de Sanui","description":"Productes frescos de LLeida","publisher":{"@id":"https:\/\/cellerdelleida.com\/es\/#organization"},"potentialAction":[{"@type":"SearchAction","target":{"@type":"EntryPoint","urlTemplate":"https:\/\/cellerdelleida.com\/es\/?s={search_term_string}"},"query-input":{"@type":"PropertyValueSpecification","valueRequired":true,"valueName":"search_term_string"}}],"inLanguage":"es"},{"@type":"Organization","@id":"https:\/\/cellerdelleida.com\/es\/#organization","name":"El Celler de Sanui","url":"https:\/\/cellerdelleida.com\/es\/","logo":{"@type":"ImageObject","inLanguage":"es","@id":"https:\/\/cellerdelleida.com\/es\/#\/schema\/logo\/image\/","url":"https:\/\/cellerdelleida.com\/wp-content\/uploads\/2022\/09\/Logo-marro.png","contentUrl":"https:\/\/cellerdelleida.com\/wp-content\/uploads\/2022\/09\/Logo-marro.png","width":451,"height":304,"caption":"El Celler de Sanui"},"image":{"@id":"https:\/\/cellerdelleida.com\/es\/#\/schema\/logo\/image\/"}}]}},"_links":{"self":[{"href":"https:\/\/cellerdelleida.com\/es\/wp-json\/wp\/v2\/pages\/5475","targetHints":{"allow":["GET"]}}],"collection":[{"href":"https:\/\/cellerdelleida.com\/es\/wp-json\/wp\/v2\/pages"}],"about":[{"href":"https:\/\/cellerdelleida.com\/es\/wp-json\/wp\/v2\/types\/page"}],"author":[{"embeddable":true,"href":"https:\/\/cellerdelleida.com\/es\/wp-json\/wp\/v2\/users\/1"}],"replies":[{"embeddable":true,"href":"https:\/\/cellerdelleida.com\/es\/wp-json\/wp\/v2\/comments?post=5475"}],"version-history":[{"count":11,"href":"https:\/\/cellerdelleida.com\/es\/wp-json\/wp\/v2\/pages\/5475\/revisions"}],"predecessor-version":[{"id":6991,"href":"https:\/\/cellerdelleida.com\/es\/wp-json\/wp\/v2\/pages\/5475\/revisions\/6991"}],"wp:attachment":[{"href":"https:\/\/cellerdelleida.com\/es\/wp-json\/wp\/v2\/media?parent=5475"}],"curies":[{"name":"wp","href":"https:\/\/api.w.org\/{rel}","templated":true}]}}