{"id":5469,"date":"2022-09-06T09:31:04","date_gmt":"2022-09-06T07:31:04","guid":{"rendered":"https:\/\/cellerdelleida.com\/inicio\/"},"modified":"2024-10-04T13:33:26","modified_gmt":"2024-10-04T11:33:26","slug":"inicio","status":"publish","type":"page","link":"https:\/\/cellerdelleida.com\/es\/","title":{"rendered":"Inicio"},"content":{"rendered":"\t\t<div data-elementor-type=\"wp-page\" data-elementor-id=\"5469\" class=\"elementor elementor-5469\" data-elementor-post-type=\"page\">\n\t\t\t\t\t\t<header class=\"elementor-section elementor-top-section elementor-element elementor-element-193c9259 elementor-section-full_width elementor-section-height-min-height elementor-section-items-stretch elementor-section-height-default\" data-id=\"193c9259\" data-element_type=\"section\" data-e-type=\"section\" data-settings=\"{&quot;background_background&quot;:&quot;classic&quot;}\">\n\t\t\t\t\t\t\t<div class=\"elementor-background-overlay\"><\/div>\n\t\t\t\t\t\t\t<div class=\"elementor-container elementor-column-gap-default\">\n\t\t\t\t\t<div class=\"elementor-column elementor-col-33 elementor-top-column elementor-element elementor-element-c3f87e9\" data-id=\"c3f87e9\" data-element_type=\"column\" data-e-type=\"column\">\n\t\t\t<div class=\"elementor-widget-wrap elementor-element-populated\">\n\t\t\t\t\t\t<div class=\"elementor-element elementor-element-7dad4377 elementor-invisible elementor-widget elementor-widget-heading\" data-id=\"7dad4377\" data-element_type=\"widget\" data-e-type=\"widget\" data-settings=\"{&quot;_animation&quot;:&quot;fadeIn&quot;}\" data-widget_type=\"heading.default\">\n\t\t\t\t<div class=\"elementor-widget-container\">\n\t\t\t\t\t<div class=\"elementor-heading-title elementor-size-default\">Productos frescos de Lleida<\/div>\t\t\t\t<\/div>\n\t\t\t\t<\/div>\n\t\t\t\t<div class=\"elementor-element elementor-element-660ca91b elementor-invisible elementor-widget elementor-widget-heading\" data-id=\"660ca91b\" data-element_type=\"widget\" data-e-type=\"widget\" data-settings=\"{&quot;_animation_delay&quot;:&quot;400&quot;,&quot;_animation&quot;:&quot;fadeIn&quot;}\" data-widget_type=\"heading.default\">\n\t\t\t\t<div class=\"elementor-widget-container\">\n\t\t\t\t\t<h1 class=\"elementor-heading-title elementor-size-default\">Celler de Sanui<\/h1>\t\t\t\t<\/div>\n\t\t\t\t<\/div>\n\t\t\t\t<div class=\"elementor-element elementor-element-c5f0b41 elementor-widget__width-auto elementor-align-right elementor-button-info elementor-tablet-align-center elementor-invisible elementor-widget elementor-widget-button\" data-id=\"c5f0b41\" data-element_type=\"widget\" data-e-type=\"widget\" data-settings=\"{&quot;_animation&quot;:&quot;fadeInLeft&quot;}\" data-widget_type=\"button.default\">\n\t\t\t\t<div class=\"elementor-widget-container\">\n\t\t\t\t\t\t\t\t\t<div class=\"elementor-button-wrapper\">\n\t\t\t\t\t<a class=\"elementor-button elementor-button-link elementor-size-sm\" href=\"https:\/\/cellerdelleida.com\/es\/productos\/\">\n\t\t\t\t\t\t<span class=\"elementor-button-content-wrapper\">\n\t\t\t\t\t\t<span class=\"elementor-button-icon\">\n\t\t\t\t<i aria-hidden=\"true\" class=\"fas fa-chevron-right\"><\/i>\t\t\t<\/span>\n\t\t\t\t\t\t\t\t\t<span class=\"elementor-button-text\">NUESTROS VINOS<\/span>\n\t\t\t\t\t<\/span>\n\t\t\t\t\t<\/a>\n\t\t\t\t<\/div>\n\t\t\t\t\t\t\t\t<\/div>\n\t\t\t\t<\/div>\n\t\t\t\t\t<\/div>\n\t\t<\/div>\n\t\t\t\t<div class=\"elementor-column elementor-col-66 elementor-top-column elementor-element elementor-element-6dd5e1ed\" data-id=\"6dd5e1ed\" data-element_type=\"column\" data-e-type=\"column\">\n\t\t\t<div class=\"elementor-widget-wrap elementor-element-populated\">\n\t\t\t\t\t\t<div class=\"elementor-element elementor-element-af77f0e elementor-invisible elementor-widget elementor-widget-image\" data-id=\"af77f0e\" data-element_type=\"widget\" data-e-type=\"widget\" data-settings=\"{&quot;_animation&quot;:&quot;fadeInRight&quot;,&quot;_animation_tablet&quot;:&quot;none&quot;,&quot;_animation_mobile&quot;:&quot;none&quot;}\" data-widget_type=\"image.default\">\n\t\t\t\t<div class=\"elementor-widget-container\">\n\t\t\t\t\t\t\t\t\t\t\t\t\t\t\t<img fetchpriority=\"high\" decoding=\"async\" width=\"1024\" height=\"768\" src=\"https:\/\/cellerdelleida.com\/wp-content\/uploads\/2022\/09\/vinyes-tardor.jpg\" class=\"attachment-full size-full wp-image-3481\" alt=\"vinyes de tardor\" srcset=\"https:\/\/cellerdelleida.com\/wp-content\/uploads\/2022\/09\/vinyes-tardor.jpg 1024w, https:\/\/cellerdelleida.com\/wp-content\/uploads\/2022\/09\/vinyes-tardor-300x225.jpg 300w, https:\/\/cellerdelleida.com\/wp-content\/uploads\/2022\/09\/vinyes-tardor-768x576.jpg 768w\" sizes=\"(max-width: 1024px) 100vw, 1024px\" \/>\t\t\t\t\t\t\t\t\t\t\t\t\t\t\t<\/div>\n\t\t\t\t<\/div>\n\t\t\t\t\t<\/div>\n\t\t<\/div>\n\t\t\t\t\t<\/div>\n\t\t<\/header>\n\t\t\t\t<section class=\"elementor-section elementor-top-section elementor-element elementor-element-613582c1 elementor-section-full_width elementor-section-height-min-height elementor-section-items-stretch elementor-section-content-middle elementor-section-height-default\" data-id=\"613582c1\" data-element_type=\"section\" data-e-type=\"section\">\n\t\t\t\t\t\t<div class=\"elementor-container elementor-column-gap-no\">\n\t\t\t\t\t<div class=\"elementor-column elementor-col-100 elementor-top-column elementor-element elementor-element-42508b12\" data-id=\"42508b12\" data-element_type=\"column\" data-e-type=\"column\">\n\t\t\t<div class=\"elementor-widget-wrap elementor-element-populated\">\n\t\t\t\t\t\t<div class=\"elementor-element elementor-element-75406683 elementor-widget__width-initial elementor-absolute elementor-widget-tablet__width-initial elementor-widget-mobile__width-initial elementor-invisible elementor-widget elementor-widget-spacer\" data-id=\"75406683\" data-element_type=\"widget\" data-e-type=\"widget\" data-settings=\"{&quot;_position&quot;:&quot;absolute&quot;,&quot;_animation&quot;:&quot;fadeInLeft&quot;}\" data-widget_type=\"spacer.default\">\n\t\t\t\t<div class=\"elementor-widget-container\">\n\t\t\t\t\t\t\t<div class=\"elementor-spacer\">\n\t\t\t<div class=\"elementor-spacer-inner\"><\/div>\n\t\t<\/div>\n\t\t\t\t\t\t<\/div>\n\t\t\t\t<\/div>\n\t\t\t\t<section class=\"elementor-section elementor-inner-section elementor-element elementor-element-ef3d727 elementor-section-boxed elementor-section-height-default elementor-section-height-default\" data-id=\"ef3d727\" data-element_type=\"section\" data-e-type=\"section\">\n\t\t\t\t\t\t<div class=\"elementor-container elementor-column-gap-default\">\n\t\t\t\t\t<div class=\"elementor-column elementor-col-33 elementor-inner-column elementor-element elementor-element-3f296394\" data-id=\"3f296394\" data-element_type=\"column\" data-e-type=\"column\">\n\t\t\t<div class=\"elementor-widget-wrap elementor-element-populated\">\n\t\t\t\t\t\t<div class=\"elementor-element elementor-element-59261bc8 elementor-invisible elementor-widget elementor-widget-heading\" data-id=\"59261bc8\" data-element_type=\"widget\" data-e-type=\"widget\" data-settings=\"{&quot;_animation&quot;:&quot;fadeIn&quot;,&quot;_animation_delay&quot;:&quot;200&quot;}\" data-widget_type=\"heading.default\">\n\t\t\t\t<div class=\"elementor-widget-container\">\n\t\t\t\t\t<h2 class=\"elementor-heading-title elementor-size-default\">Los vi\u00f1edos<\/h2>\t\t\t\t<\/div>\n\t\t\t\t<\/div>\n\t\t\t\t\t<\/div>\n\t\t<\/div>\n\t\t\t\t<div class=\"elementor-column elementor-col-33 elementor-inner-column elementor-element elementor-element-70cc4199\" data-id=\"70cc4199\" data-element_type=\"column\" data-e-type=\"column\">\n\t\t\t<div class=\"elementor-widget-wrap elementor-element-populated\">\n\t\t\t\t\t\t<div class=\"elementor-element elementor-element-10e89576 elementor-widget-divider--view-line elementor-widget elementor-widget-divider\" data-id=\"10e89576\" data-element_type=\"widget\" data-e-type=\"widget\" data-widget_type=\"divider.default\">\n\t\t\t\t<div class=\"elementor-widget-container\">\n\t\t\t\t\t\t\t<div class=\"elementor-divider\">\n\t\t\t<span class=\"elementor-divider-separator\">\n\t\t\t\t\t\t<\/span>\n\t\t<\/div>\n\t\t\t\t\t\t<\/div>\n\t\t\t\t<\/div>\n\t\t\t\t\t<\/div>\n\t\t<\/div>\n\t\t\t\t<div class=\"elementor-column elementor-col-33 elementor-inner-column elementor-element elementor-element-50a4646\" data-id=\"50a4646\" data-element_type=\"column\" data-e-type=\"column\">\n\t\t\t<div class=\"elementor-widget-wrap elementor-element-populated\">\n\t\t\t\t\t\t<div class=\"elementor-element elementor-element-24b6d158 elementor-widget elementor-widget-text-editor\" data-id=\"24b6d158\" data-element_type=\"widget\" data-e-type=\"widget\" data-widget_type=\"text-editor.default\">\n\t\t\t\t<div class=\"elementor-widget-container\">\n\t\t\t\t\t\t\t\t\t<p>En los vi\u00f1edos viejos que cultivamos con el sistema de espaldera encontramos una selecci\u00f3n de variedades nobles y bien adaptadas a esta zona. Todas adem\u00e1s con un gran potencial arom\u00e1tico y gustativo.<\/p>\n<p>En uva tinta tenemos las variedades m\u00e1s tradicionales, como son la Garnacha y el Tempranillo, que se combinan con otras variedades bien reconocidas internacionalmente, como la Merlot y la Syrah.<\/p>\n<p>En una proporci\u00f3n m\u00e1s peque\u00f1a tenemos tambi\u00e9n la variedad blanca y m\u00e1s t\u00edpica de la DO Costers del Segre, Macabeo, que combinamos con la Riesling y el Muscat de grano peque\u00f1o.<\/p>\n<p>Todas ellas con un alto potencial cualitativo para obtener vinos j\u00f3venes y de guarda que ser\u00e1n la verdadera imagen de nuestra Bodega.<\/p>\n<p>El clima es de influencia continental, con inviernos rigurosamente fr\u00edos y h\u00famedos, caracterizados por las nieblas escarchadoras cl\u00e1sicas de este valle del Ebro, y con veranos muy calurosos y secos.<\/p>\n<p>En la \u00e9poca de maduraci\u00f3n de la uva, la climatolog\u00eda es muy importante para conseguir una buena calidad del fruto. En nuestra zona cercana a la ciudad de Lleida, las temperaturas muy altas durante el d\u00eda y bajas por la noche, con un salto t\u00e9rmico que oscila entre los 10 y 15\u00baC, favorecen una mayor extracci\u00f3n de color y una mejor capacidad arom\u00e1tica del uva.<\/p>\n\t\t\t\t\t\t\t\t<\/div>\n\t\t\t\t<\/div>\n\t\t\t\t\t<\/div>\n\t\t<\/div>\n\t\t\t\t\t<\/div>\n\t\t<\/section>\n\t\t\t\t\t<\/div>\n\t\t<\/div>\n\t\t\t\t\t<\/div>\n\t\t<\/section>\n\t\t\t\t<section class=\"elementor-section elementor-top-section elementor-element elementor-element-70f6b01 elementor-section-full_width elementor-section-height-default elementor-section-height-default\" data-id=\"70f6b01\" data-element_type=\"section\" data-e-type=\"section\">\n\t\t\t\t\t\t<div class=\"elementor-container elementor-column-gap-no\">\n\t\t\t\t\t<div class=\"elementor-column elementor-col-100 elementor-top-column elementor-element elementor-element-0782f23\" data-id=\"0782f23\" data-element_type=\"column\" data-e-type=\"column\">\n\t\t\t<div class=\"elementor-widget-wrap elementor-element-populated\">\n\t\t\t\t\t\t<div class=\"elementor-element elementor-element-65553b2 elementor-widget elementor-widget-image\" data-id=\"65553b2\" data-element_type=\"widget\" data-e-type=\"widget\" data-widget_type=\"image.default\">\n\t\t\t\t<div class=\"elementor-widget-container\">\n\t\t\t\t\t\t\t\t\t\t\t\t\t\t\t<img decoding=\"async\" width=\"1536\" height=\"864\" src=\"https:\/\/cellerdelleida.com\/wp-content\/uploads\/2022\/09\/la-finca.jpg\" class=\"attachment-full size-full wp-image-3475\" alt=\"imatge \u00e0rea de la finca\" srcset=\"https:\/\/cellerdelleida.com\/wp-content\/uploads\/2022\/09\/la-finca.jpg 1536w, https:\/\/cellerdelleida.com\/wp-content\/uploads\/2022\/09\/la-finca-300x169.jpg 300w, https:\/\/cellerdelleida.com\/wp-content\/uploads\/2022\/09\/la-finca-1024x576.jpg 1024w, https:\/\/cellerdelleida.com\/wp-content\/uploads\/2022\/09\/la-finca-768x432.jpg 768w\" sizes=\"(max-width: 1536px) 100vw, 1536px\" \/>\t\t\t\t\t\t\t\t\t\t\t\t\t\t\t<\/div>\n\t\t\t\t<\/div>\n\t\t\t\t\t<\/div>\n\t\t<\/div>\n\t\t\t\t\t<\/div>\n\t\t<\/section>\n\t\t\t\t<section class=\"elementor-section elementor-top-section elementor-element elementor-element-76a56db elementor-section-full_width elementor-section-height-min-height elementor-section-items-stretch elementor-section-content-middle elementor-section-height-default\" data-id=\"76a56db\" data-element_type=\"section\" data-e-type=\"section\">\n\t\t\t\t\t\t<div class=\"elementor-container elementor-column-gap-no\">\n\t\t\t\t\t<div class=\"elementor-column elementor-col-100 elementor-top-column elementor-element elementor-element-e334afc\" data-id=\"e334afc\" data-element_type=\"column\" data-e-type=\"column\">\n\t\t\t<div class=\"elementor-widget-wrap elementor-element-populated\">\n\t\t\t\t\t\t<section class=\"elementor-section elementor-inner-section elementor-element elementor-element-a1cca10 elementor-section-boxed elementor-section-height-default elementor-section-height-default\" data-id=\"a1cca10\" data-element_type=\"section\" data-e-type=\"section\">\n\t\t\t\t\t\t<div class=\"elementor-container elementor-column-gap-default\">\n\t\t\t\t\t<div class=\"elementor-column elementor-col-33 elementor-inner-column elementor-element elementor-element-cb9ab0e\" data-id=\"cb9ab0e\" data-element_type=\"column\" data-e-type=\"column\">\n\t\t\t<div class=\"elementor-widget-wrap elementor-element-populated\">\n\t\t\t\t\t\t<div class=\"elementor-element elementor-element-01edf90 elementor-invisible elementor-widget elementor-widget-heading\" data-id=\"01edf90\" data-element_type=\"widget\" data-e-type=\"widget\" data-settings=\"{&quot;_animation&quot;:&quot;fadeIn&quot;,&quot;_animation_delay&quot;:&quot;200&quot;}\" data-widget_type=\"heading.default\">\n\t\t\t\t<div class=\"elementor-widget-container\">\n\t\t\t\t\t<h2 class=\"elementor-heading-title elementor-size-default\">La Finca<\/h2>\t\t\t\t<\/div>\n\t\t\t\t<\/div>\n\t\t\t\t\t<\/div>\n\t\t<\/div>\n\t\t\t\t<div class=\"elementor-column elementor-col-33 elementor-inner-column elementor-element elementor-element-be1d887\" data-id=\"be1d887\" data-element_type=\"column\" data-e-type=\"column\">\n\t\t\t<div class=\"elementor-widget-wrap elementor-element-populated\">\n\t\t\t\t\t\t<div class=\"elementor-element elementor-element-43d3b92 elementor-widget-divider--view-line elementor-widget elementor-widget-divider\" data-id=\"43d3b92\" data-element_type=\"widget\" data-e-type=\"widget\" data-widget_type=\"divider.default\">\n\t\t\t\t<div class=\"elementor-widget-container\">\n\t\t\t\t\t\t\t<div class=\"elementor-divider\">\n\t\t\t<span class=\"elementor-divider-separator\">\n\t\t\t\t\t\t<\/span>\n\t\t<\/div>\n\t\t\t\t\t\t<\/div>\n\t\t\t\t<\/div>\n\t\t\t\t\t<\/div>\n\t\t<\/div>\n\t\t\t\t<div class=\"elementor-column elementor-col-33 elementor-inner-column elementor-element elementor-element-d313d1b\" data-id=\"d313d1b\" data-element_type=\"column\" data-e-type=\"column\">\n\t\t\t<div class=\"elementor-widget-wrap elementor-element-populated\">\n\t\t\t\t\t\t<div class=\"elementor-element elementor-element-e2ba6cd elementor-widget elementor-widget-text-editor\" data-id=\"e2ba6cd\" data-element_type=\"widget\" data-e-type=\"widget\" data-widget_type=\"text-editor.default\">\n\t\t\t\t<div class=\"elementor-widget-container\">\n\t\t\t\t\t\t\t\t\t<p>La finca est\u00e1 situada en el noroeste de la ciudad de Lleida, en la zona conocida como Partida de Torres de Sanui dentro de las tierras de huerta que rodean la capital.<\/p>\n<p>Seg\u00fan apuntan los libros de historia, fue en este lugar donde, en el a\u00f1o 49 a. C., se libr\u00f3 la famosa batalla de Ilerda entre los ej\u00e9rcitos de Julio C\u00e9sar y de su general Cneo Pompeu durante la segunda guerra civil del Imperio Romano.<\/p>\n<p>Dominadas por la colina de Les Torres, nuestras tierras se encuentran ubicadas en una meseta, a unos 270 metros sobre el nivel del mar, y presentan una gran belleza natural y un ecosistema extraordinariamente rico y diverso.<\/p>\n<p>La finca es de una sola pieza y tiene una extensi\u00f3n de m\u00e1s de 10 hect\u00e1reas plantadas con vi\u00f1edo de diversas variedades de uva blanca y negra que rodean el Celler, adem\u00e1s de olivos, \u00e1rboles frutales y terrenos \u2013ahora bald\u00edos\u2013 dedicados a otros cultivos, b\u00e1sicamente forrajes y cereales.<\/p>\n<p>Con suelos semi-profundos de textura arcillo-calc\u00e1rea y una buena composici\u00f3n mineral, el terreno se convierte en un entorno ideal para obtener una uva equilibrada y de muy buena calidad.<\/p>\n\t\t\t\t\t\t\t\t<\/div>\n\t\t\t\t<\/div>\n\t\t\t\t\t<\/div>\n\t\t<\/div>\n\t\t\t\t\t<\/div>\n\t\t<\/section>\n\t\t\t\t<div class=\"elementor-element elementor-element-228de15 elementor-widget__width-initial elementor-absolute elementor-widget-tablet__width-initial elementor-widget-mobile__width-initial elementor-invisible elementor-widget elementor-widget-spacer\" data-id=\"228de15\" data-element_type=\"widget\" data-e-type=\"widget\" data-settings=\"{&quot;_position&quot;:&quot;absolute&quot;,&quot;_animation&quot;:&quot;fadeInRight&quot;}\" data-widget_type=\"spacer.default\">\n\t\t\t\t<div class=\"elementor-widget-container\">\n\t\t\t\t\t\t\t<div class=\"elementor-spacer\">\n\t\t\t<div class=\"elementor-spacer-inner\"><\/div>\n\t\t<\/div>\n\t\t\t\t\t\t<\/div>\n\t\t\t\t<\/div>\n\t\t\t\t\t<\/div>\n\t\t<\/div>\n\t\t\t\t\t<\/div>\n\t\t<\/section>\n\t\t\t\t<\/div>\n\t\t","protected":false},"excerpt":{"rendered":"<p>Productos Frescos de Lleida Celler de Sanui NUESTROS VINOS Los vi\u00f1edos En los vi\u00f1edos viejos que cultivamos con el sistema de espaldera encontramos una selecci\u00f3n de variedades nobles y bien adaptadas a esta zona. Todas adem\u00e1s con un gran potencial arom\u00e1tico y gustativo. En uva tinta tenemos las variedades m\u00e1s tradicionales, como son la Garnacha [&hellip;]<\/p>\n","protected":false},"author":1,"featured_media":0,"parent":0,"menu_order":0,"comment_status":"closed","ping_status":"closed","template":"","meta":{"footnotes":""},"class_list":["post-5469","page","type-page","status-publish","hentry"],"yoast_head":"<!-- This site is optimized with the Yoast SEO plugin v27.4 - https:\/\/yoast.com\/product\/yoast-seo-wordpress\/ -->\n<title>Inicio - El Celler de Sanui<\/title>\n<meta name=\"description\" content=\"La Celler de SANUI es la \u00fanica bodega inscrita en la Denominaci\u00f3n de Origen Costers del Segre en el t\u00e9rmino municipal de Lleida.\" \/>\n<meta name=\"robots\" content=\"index, follow, max-snippet:-1, max-image-preview:large, max-video-preview:-1\" \/>\n<link rel=\"canonical\" href=\"https:\/\/cellerdelleida.com\/es\/\" \/>\n<meta property=\"og:locale\" content=\"es_ES\" \/>\n<meta property=\"og:type\" content=\"article\" \/>\n<meta property=\"og:title\" content=\"Inicio - El Celler de Sanui\" \/>\n<meta property=\"og:description\" content=\"La Celler de SANUI es la \u00fanica bodega inscrita en la Denominaci\u00f3n de Origen Costers del Segre en el t\u00e9rmino municipal de Lleida.\" \/>\n<meta property=\"og:url\" content=\"https:\/\/cellerdelleida.com\/es\/\" \/>\n<meta property=\"og:site_name\" content=\"El Celler de Sanui\" \/>\n<meta property=\"article:modified_time\" content=\"2024-10-04T11:33:26+00:00\" \/>\n<meta property=\"og:image\" content=\"https:\/\/cellerdelleida.com\/wp-content\/uploads\/2022\/09\/vinyes-tardor.jpg\" \/>\n<meta name=\"twitter:card\" content=\"summary_large_image\" \/>\n<meta name=\"twitter:label1\" content=\"Tiempo de lectura\" \/>\n\t<meta name=\"twitter:data1\" content=\"3 minutos\" \/>\n<script type=\"application\/ld+json\" class=\"yoast-schema-graph\">{\"@context\":\"https:\\\/\\\/schema.org\",\"@graph\":[{\"@type\":\"WebPage\",\"@id\":\"https:\\\/\\\/cellerdelleida.com\\\/es\\\/\",\"url\":\"https:\\\/\\\/cellerdelleida.com\\\/es\\\/\",\"name\":\"Inicio - El Celler de Sanui\",\"isPartOf\":{\"@id\":\"https:\\\/\\\/cellerdelleida.com\\\/es\\\/#website\"},\"primaryImageOfPage\":{\"@id\":\"https:\\\/\\\/cellerdelleida.com\\\/es\\\/#primaryimage\"},\"image\":{\"@id\":\"https:\\\/\\\/cellerdelleida.com\\\/es\\\/#primaryimage\"},\"thumbnailUrl\":\"https:\\\/\\\/cellerdelleida.com\\\/wp-content\\\/uploads\\\/2022\\\/09\\\/vinyes-tardor.jpg\",\"datePublished\":\"2022-09-06T07:31:04+00:00\",\"dateModified\":\"2024-10-04T11:33:26+00:00\",\"description\":\"La Celler de SANUI es la \u00fanica bodega inscrita en la Denominaci\u00f3n de Origen Costers del Segre en el t\u00e9rmino municipal de Lleida.\",\"breadcrumb\":{\"@id\":\"https:\\\/\\\/cellerdelleida.com\\\/es\\\/#breadcrumb\"},\"inLanguage\":\"es\",\"potentialAction\":[{\"@type\":\"ReadAction\",\"target\":[\"https:\\\/\\\/cellerdelleida.com\\\/es\\\/\"]}]},{\"@type\":\"ImageObject\",\"inLanguage\":\"es\",\"@id\":\"https:\\\/\\\/cellerdelleida.com\\\/es\\\/#primaryimage\",\"url\":\"https:\\\/\\\/cellerdelleida.com\\\/wp-content\\\/uploads\\\/2022\\\/09\\\/vinyes-tardor.jpg\",\"contentUrl\":\"https:\\\/\\\/cellerdelleida.com\\\/wp-content\\\/uploads\\\/2022\\\/09\\\/vinyes-tardor.jpg\"},{\"@type\":\"BreadcrumbList\",\"@id\":\"https:\\\/\\\/cellerdelleida.com\\\/es\\\/#breadcrumb\",\"itemListElement\":[{\"@type\":\"ListItem\",\"position\":1,\"name\":\"Portada\",\"item\":\"https:\\\/\\\/cellerdelleida.com\\\/es\\\/\"},{\"@type\":\"ListItem\",\"position\":2,\"name\":\"Inicio\"}]},{\"@type\":\"WebSite\",\"@id\":\"https:\\\/\\\/cellerdelleida.com\\\/es\\\/#website\",\"url\":\"https:\\\/\\\/cellerdelleida.com\\\/es\\\/\",\"name\":\"El Celler de Sanui\",\"description\":\"Productes frescos de LLeida\",\"publisher\":{\"@id\":\"https:\\\/\\\/cellerdelleida.com\\\/es\\\/#organization\"},\"potentialAction\":[{\"@type\":\"SearchAction\",\"target\":{\"@type\":\"EntryPoint\",\"urlTemplate\":\"https:\\\/\\\/cellerdelleida.com\\\/es\\\/?s={search_term_string}\"},\"query-input\":{\"@type\":\"PropertyValueSpecification\",\"valueRequired\":true,\"valueName\":\"search_term_string\"}}],\"inLanguage\":\"es\"},{\"@type\":\"Organization\",\"@id\":\"https:\\\/\\\/cellerdelleida.com\\\/es\\\/#organization\",\"name\":\"El Celler de Sanui\",\"url\":\"https:\\\/\\\/cellerdelleida.com\\\/es\\\/\",\"logo\":{\"@type\":\"ImageObject\",\"inLanguage\":\"es\",\"@id\":\"https:\\\/\\\/cellerdelleida.com\\\/es\\\/#\\\/schema\\\/logo\\\/image\\\/\",\"url\":\"https:\\\/\\\/cellerdelleida.com\\\/wp-content\\\/uploads\\\/2022\\\/09\\\/Logo-marro.png\",\"contentUrl\":\"https:\\\/\\\/cellerdelleida.com\\\/wp-content\\\/uploads\\\/2022\\\/09\\\/Logo-marro.png\",\"width\":451,\"height\":304,\"caption\":\"El Celler de Sanui\"},\"image\":{\"@id\":\"https:\\\/\\\/cellerdelleida.com\\\/es\\\/#\\\/schema\\\/logo\\\/image\\\/\"}}]}<\/script>\n<!-- \/ Yoast SEO plugin. -->","yoast_head_json":{"title":"Inicio - El Celler de Sanui","description":"La Celler de SANUI es la \u00fanica bodega inscrita en la Denominaci\u00f3n de Origen Costers del Segre en el t\u00e9rmino municipal de Lleida.","robots":{"index":"index","follow":"follow","max-snippet":"max-snippet:-1","max-image-preview":"max-image-preview:large","max-video-preview":"max-video-preview:-1"},"canonical":"https:\/\/cellerdelleida.com\/es\/","og_locale":"es_ES","og_type":"article","og_title":"Inicio - El Celler de Sanui","og_description":"La Celler de SANUI es la \u00fanica bodega inscrita en la Denominaci\u00f3n de Origen Costers del Segre en el t\u00e9rmino municipal de Lleida.","og_url":"https:\/\/cellerdelleida.com\/es\/","og_site_name":"El Celler de Sanui","article_modified_time":"2024-10-04T11:33:26+00:00","og_image":[{"url":"https:\/\/cellerdelleida.com\/wp-content\/uploads\/2022\/09\/vinyes-tardor.jpg","type":"","width":"","height":""}],"twitter_card":"summary_large_image","twitter_misc":{"Tiempo de lectura":"3 minutos"},"schema":{"@context":"https:\/\/schema.org","@graph":[{"@type":"WebPage","@id":"https:\/\/cellerdelleida.com\/es\/","url":"https:\/\/cellerdelleida.com\/es\/","name":"Inicio - El Celler de Sanui","isPartOf":{"@id":"https:\/\/cellerdelleida.com\/es\/#website"},"primaryImageOfPage":{"@id":"https:\/\/cellerdelleida.com\/es\/#primaryimage"},"image":{"@id":"https:\/\/cellerdelleida.com\/es\/#primaryimage"},"thumbnailUrl":"https:\/\/cellerdelleida.com\/wp-content\/uploads\/2022\/09\/vinyes-tardor.jpg","datePublished":"2022-09-06T07:31:04+00:00","dateModified":"2024-10-04T11:33:26+00:00","description":"La Celler de SANUI es la \u00fanica bodega inscrita en la Denominaci\u00f3n de Origen Costers del Segre en el t\u00e9rmino municipal de Lleida.","breadcrumb":{"@id":"https:\/\/cellerdelleida.com\/es\/#breadcrumb"},"inLanguage":"es","potentialAction":[{"@type":"ReadAction","target":["https:\/\/cellerdelleida.com\/es\/"]}]},{"@type":"ImageObject","inLanguage":"es","@id":"https:\/\/cellerdelleida.com\/es\/#primaryimage","url":"https:\/\/cellerdelleida.com\/wp-content\/uploads\/2022\/09\/vinyes-tardor.jpg","contentUrl":"https:\/\/cellerdelleida.com\/wp-content\/uploads\/2022\/09\/vinyes-tardor.jpg"},{"@type":"BreadcrumbList","@id":"https:\/\/cellerdelleida.com\/es\/#breadcrumb","itemListElement":[{"@type":"ListItem","position":1,"name":"Portada","item":"https:\/\/cellerdelleida.com\/es\/"},{"@type":"ListItem","position":2,"name":"Inicio"}]},{"@type":"WebSite","@id":"https:\/\/cellerdelleida.com\/es\/#website","url":"https:\/\/cellerdelleida.com\/es\/","name":"El Celler de Sanui","description":"Productes frescos de LLeida","publisher":{"@id":"https:\/\/cellerdelleida.com\/es\/#organization"},"potentialAction":[{"@type":"SearchAction","target":{"@type":"EntryPoint","urlTemplate":"https:\/\/cellerdelleida.com\/es\/?s={search_term_string}"},"query-input":{"@type":"PropertyValueSpecification","valueRequired":true,"valueName":"search_term_string"}}],"inLanguage":"es"},{"@type":"Organization","@id":"https:\/\/cellerdelleida.com\/es\/#organization","name":"El Celler de Sanui","url":"https:\/\/cellerdelleida.com\/es\/","logo":{"@type":"ImageObject","inLanguage":"es","@id":"https:\/\/cellerdelleida.com\/es\/#\/schema\/logo\/image\/","url":"https:\/\/cellerdelleida.com\/wp-content\/uploads\/2022\/09\/Logo-marro.png","contentUrl":"https:\/\/cellerdelleida.com\/wp-content\/uploads\/2022\/09\/Logo-marro.png","width":451,"height":304,"caption":"El Celler de Sanui"},"image":{"@id":"https:\/\/cellerdelleida.com\/es\/#\/schema\/logo\/image\/"}}]}},"_links":{"self":[{"href":"https:\/\/cellerdelleida.com\/es\/wp-json\/wp\/v2\/pages\/5469","targetHints":{"allow":["GET"]}}],"collection":[{"href":"https:\/\/cellerdelleida.com\/es\/wp-json\/wp\/v2\/pages"}],"about":[{"href":"https:\/\/cellerdelleida.com\/es\/wp-json\/wp\/v2\/types\/page"}],"author":[{"embeddable":true,"href":"https:\/\/cellerdelleida.com\/es\/wp-json\/wp\/v2\/users\/1"}],"replies":[{"embeddable":true,"href":"https:\/\/cellerdelleida.com\/es\/wp-json\/wp\/v2\/comments?post=5469"}],"version-history":[{"count":6,"href":"https:\/\/cellerdelleida.com\/es\/wp-json\/wp\/v2\/pages\/5469\/revisions"}],"predecessor-version":[{"id":7312,"href":"https:\/\/cellerdelleida.com\/es\/wp-json\/wp\/v2\/pages\/5469\/revisions\/7312"}],"wp:attachment":[{"href":"https:\/\/cellerdelleida.com\/es\/wp-json\/wp\/v2\/media?parent=5469"}],"curies":[{"name":"wp","href":"https:\/\/api.w.org\/{rel}","templated":true}]}}