{"id":5449,"date":"2022-09-06T09:30:58","date_gmt":"2022-09-06T07:30:58","guid":{"rendered":"https:\/\/cellerdelleida.com\/productos\/"},"modified":"2023-02-02T10:38:29","modified_gmt":"2023-02-02T09:38:29","slug":"productos","status":"publish","type":"page","link":"https:\/\/cellerdelleida.com\/es\/productos\/","title":{"rendered":"Productos"},"content":{"rendered":"\t\t<div data-elementor-type=\"wp-page\" data-elementor-id=\"5449\" class=\"elementor elementor-5449\" data-elementor-post-type=\"page\">\n\t\t\t\t<header class=\"elementor-element elementor-element-c7bf35e e-con-full e-flex e-con e-parent\" data-id=\"c7bf35e\" data-element_type=\"container\" data-e-type=\"container\">\n\t\t\t\t<div class=\"elementor-element elementor-element-6bb9b10 elementor-invisible elementor-widget elementor-widget-heading\" data-id=\"6bb9b10\" data-element_type=\"widget\" data-e-type=\"widget\" data-settings=\"{&quot;_animation&quot;:&quot;fadeIn&quot;}\" data-widget_type=\"heading.default\">\n\t\t\t\t<div class=\"elementor-widget-container\">\n\t\t\t\t\t<h1 class=\"elementor-heading-title elementor-size-default\">Nuestros VINOS<\/h1>\t\t\t\t<\/div>\n\t\t\t\t<\/div>\n\t\t\t\t<\/header>\n\t\t\t\t<article class=\"elementor-section elementor-top-section elementor-element elementor-element-726605be elementor-section-full_width elementor-section-height-default elementor-section-height-default\" data-id=\"726605be\" data-element_type=\"section\" data-e-type=\"section\">\n\t\t\t\t\t\t<div class=\"elementor-container elementor-column-gap-no\">\n\t\t\t\t\t<div class=\"elementor-column elementor-col-50 elementor-top-column elementor-element elementor-element-7797828b elementor-hidden-tablet elementor-hidden-mobile elementor-invisible\" data-id=\"7797828b\" data-element_type=\"column\" data-e-type=\"column\" data-settings=\"{&quot;background_background&quot;:&quot;classic&quot;,&quot;animation&quot;:&quot;fadeInLeft&quot;}\">\n\t\t\t<div class=\"elementor-widget-wrap\">\n\t\t\t\t\t<div class=\"elementor-background-overlay\"><\/div>\n\t\t\t\t\t\t\t<\/div>\n\t\t<\/div>\n\t\t\t\t<div class=\"elementor-column elementor-col-50 elementor-top-column elementor-element elementor-element-781b90b9\" data-id=\"781b90b9\" data-element_type=\"column\" data-e-type=\"column\">\n\t\t\t<div class=\"elementor-widget-wrap elementor-element-populated\">\n\t\t\t\t\t\t<div class=\"elementor-element elementor-element-3fb19b9 elementor-hidden-desktop elementor-widget elementor-widget-image\" data-id=\"3fb19b9\" data-element_type=\"widget\" data-e-type=\"widget\" data-widget_type=\"image.default\">\n\t\t\t\t<div class=\"elementor-widget-container\">\n\t\t\t\t\t\t\t\t\t\t\t\t\t\t\t<img fetchpriority=\"high\" decoding=\"async\" width=\"800\" height=\"533\" src=\"https:\/\/cellerdelleida.com\/wp-content\/uploads\/2022\/09\/copas-vi.jpg\" class=\"attachment-large size-large wp-image-3469\" alt=\"copes de vi negre\" srcset=\"https:\/\/cellerdelleida.com\/wp-content\/uploads\/2022\/09\/copas-vi.jpg 800w, https:\/\/cellerdelleida.com\/wp-content\/uploads\/2022\/09\/copas-vi-300x200.jpg 300w, https:\/\/cellerdelleida.com\/wp-content\/uploads\/2022\/09\/copas-vi-768x512.jpg 768w\" sizes=\"(max-width: 800px) 100vw, 800px\" \/>\t\t\t\t\t\t\t\t\t\t\t\t\t\t\t<\/div>\n\t\t\t\t<\/div>\n\t\t\t\t<div class=\"elementor-element elementor-element-3303b1 elementor-widget__width-inherit elementor-widget elementor-widget-text-editor\" data-id=\"3303b1\" data-element_type=\"widget\" data-e-type=\"widget\" data-widget_type=\"text-editor.default\">\n\t\t\t\t<div class=\"elementor-widget-container\">\n\t\t\t\t\t\t\t\t\tLos <b>vinos de la Bodega de SANUI<\/b> tienen el car\u00e1cter y la personalidad que la tierra y el clima confieren a las diferentes variedades de uva plantadas en nuestros vi\u00f1edos, cultivadas bajo un estricto control de producci\u00f3n limitada.\nSon vinos con colores agradables y brillantes, de aromas frescos y afrutados que nos muestran las caracter\u00edsticas de las variedades de las uvas de las que proceden. En boca son estructurados, equilibrados, persistentes y con buen paso. Llenos de vida y sensaciones, nuestros vinos reflejan el paisaje en el que nacen.\t\t\t\t\t\t\t\t<\/div>\n\t\t\t\t<\/div>\n\t\t\t\t<div class=\"elementor-element elementor-element-6c76dc08 elementor-widget elementor-widget-text-editor\" data-id=\"6c76dc08\" data-element_type=\"widget\" data-e-type=\"widget\" data-widget_type=\"text-editor.default\">\n\t\t\t\t<div class=\"elementor-widget-container\">\n\t\t\t\t\t\t\t\t\t<p>Los blancos, agradables a la vista, arom\u00e1ticos, suaves, con buena acidez y delicados.<\/p>\n<p>Los tintos, con una buena capa, de intenso color y persistente sabor. Tienen una buena concentraci\u00f3n de polifenoles que, a su vez, tendr\u00e1n que favorecer su evoluci\u00f3n en la botella a la vez que los hacen m\u00e1s saludables.<\/p>\n<p>Ambos, especialmente los j\u00f3venes, son vinos que podemos tomar como vino de copa o en los manjares de nuestro d\u00eda a d\u00eda. Los vinos de barrica, es decir, los de crianza, m\u00e1s complejos y con una muy buena estructura, son ideales para acompa\u00f1ar la rica y variada gastronom\u00eda de las Terres de Ponent de donde provienen, pero tambi\u00e9n los platos de esta cocina Mediterr\u00e1nea tan saludable y tan cercana.<\/p>\n\t\t\t\t\t\t\t\t<\/div>\n\t\t\t\t<\/div>\n\t\t\t\t<div class=\"elementor-element elementor-element-573d58af elementor-widget elementor-widget-text-editor\" data-id=\"573d58af\" data-element_type=\"widget\" data-e-type=\"widget\" data-widget_type=\"text-editor.default\">\n\t\t\t\t<div class=\"elementor-widget-container\">\n\t\t\t\t\t\t\t\t\t<p>Ahora s\u00f3lo falta que usted, que nos acaba de conocer, disfrute de estos vinos de la Bodega de SANUI para que pronto forme parte de nuestro grupo de amigos\/as y consumidores\/as fieles a la marca.<\/p>\n\t\t\t\t\t\t\t\t<\/div>\n\t\t\t\t<\/div>\n\t\t\t\t\t<\/div>\n\t\t<\/div>\n\t\t\t\t\t<\/div>\n\t\t<\/article>\n\t\t<div class=\"elementor-element elementor-element-60073171 e-con-full e-flex e-con e-parent\" data-id=\"60073171\" data-element_type=\"container\" data-e-type=\"container\">\n\t\t<div class=\"elementor-element elementor-element-36c0d7d5 e-con-full e-flex e-con e-parent\" data-id=\"36c0d7d5\" data-element_type=\"container\" data-e-type=\"container\">\n\t\t\t\t<div class=\"elementor-element elementor-element-3a9cefa1 elementor-widget elementor-widget-image\" data-id=\"3a9cefa1\" data-element_type=\"widget\" data-e-type=\"widget\" data-widget_type=\"image.default\">\n\t\t\t\t<div class=\"elementor-widget-container\">\n\t\t\t\t\t\t\t\t\t\t\t\t\t\t\t<img decoding=\"async\" width=\"800\" height=\"554\" src=\"https:\/\/cellerdelleida.com\/wp-content\/uploads\/2022\/09\/vins-sanui.png\" class=\"attachment-large size-large wp-image-3489\" alt=\"ampolles de vi\" srcset=\"https:\/\/cellerdelleida.com\/wp-content\/uploads\/2022\/09\/vins-sanui.png 900w, https:\/\/cellerdelleida.com\/wp-content\/uploads\/2022\/09\/vins-sanui-300x208.png 300w, https:\/\/cellerdelleida.com\/wp-content\/uploads\/2022\/09\/vins-sanui-768x532.png 768w\" sizes=\"(max-width: 800px) 100vw, 800px\" \/>\t\t\t\t\t\t\t\t\t\t\t\t\t\t\t<\/div>\n\t\t\t\t<\/div>\n\t\t\t\t<\/div>\n\t\t<div class=\"elementor-element elementor-element-2c5b0edf e-con-full e-flex e-con e-parent\" data-id=\"2c5b0edf\" data-element_type=\"container\" data-e-type=\"container\" data-settings=\"{&quot;background_background&quot;:&quot;classic&quot;}\">\n\t\t\t\t<div class=\"elementor-element elementor-element-547f7861 elementor-widget elementor-widget-heading\" data-id=\"547f7861\" data-element_type=\"widget\" data-e-type=\"widget\" data-widget_type=\"heading.default\">\n\t\t\t\t<div class=\"elementor-widget-container\">\n\t\t\t\t\t<h2 class=\"elementor-heading-title elementor-size-default\">Prueba nuestros vinos<\/h2>\t\t\t\t<\/div>\n\t\t\t\t<\/div>\n\t\t\t\t<div class=\"elementor-element elementor-element-3450dfff elementor-widget elementor-widget-heading\" data-id=\"3450dfff\" data-element_type=\"widget\" data-e-type=\"widget\" data-widget_type=\"heading.default\">\n\t\t\t\t<div class=\"elementor-widget-container\">\n\t\t\t\t\t<h3 class=\"elementor-heading-title elementor-size-default\">DO COSTEROS DE SEGRE<\/h3>\t\t\t\t<\/div>\n\t\t\t\t<\/div>\n\t\t\t\t<div class=\"elementor-element elementor-element-1659e399 elementor-widget__width-auto elementor-align-right elementor-button-info elementor-tablet-align-center elementor-invisible elementor-widget elementor-widget-button\" data-id=\"1659e399\" data-element_type=\"widget\" data-e-type=\"widget\" data-settings=\"{&quot;_animation&quot;:&quot;fadeInLeft&quot;}\" data-widget_type=\"button.default\">\n\t\t\t\t<div class=\"elementor-widget-container\">\n\t\t\t\t\t\t\t\t\t<div class=\"elementor-button-wrapper\">\n\t\t\t\t\t<a class=\"elementor-button elementor-button-link elementor-size-lg\" href=\"\/es\/tienda\">\n\t\t\t\t\t\t<span class=\"elementor-button-content-wrapper\">\n\t\t\t\t\t\t<span class=\"elementor-button-icon\">\n\t\t\t\t<i aria-hidden=\"true\" class=\"fas fa-chevron-right\"><\/i>\t\t\t<\/span>\n\t\t\t\t\t\t\t\t\t<span class=\"elementor-button-text\">COMPRAR<\/span>\n\t\t\t\t\t<\/span>\n\t\t\t\t\t<\/a>\n\t\t\t\t<\/div>\n\t\t\t\t\t\t\t\t<\/div>\n\t\t\t\t<\/div>\n\t\t\t\t<\/div>\n\t\t\t\t<\/div>\n\t\t\t\t<\/div>\n\t\t","protected":false},"excerpt":{"rendered":"<p>Nuestros VINOS Los vinos de la Bodega de SANUI tienen el car\u00e1cter y la personalidad que la tierra y el clima confieren a las diferentes variedades de uva plantadas en nuestros vi\u00f1edos, cultivadas bajo un estricto control de producci\u00f3n limitada. Son vinos con colores agradables y brillantes, de aromas frescos y afrutados que nos muestran [&hellip;]<\/p>\n","protected":false},"author":1,"featured_media":0,"parent":0,"menu_order":0,"comment_status":"closed","ping_status":"closed","template":"","meta":{"footnotes":""},"class_list":["post-5449","page","type-page","status-publish","hentry"],"yoast_head":"<!-- This site is optimized with the Yoast SEO plugin v27.5 - https:\/\/yoast.com\/product\/yoast-seo-wordpress\/ -->\n<title>Productos - El Celler de Sanui<\/title>\n<meta name=\"description\" content=\"Nuestros productos tienen el car\u00e1cter y la personalidad que les confiere la tierra y el clima de donde se encuentran los vi\u00f1edos.\" \/>\n<meta name=\"robots\" content=\"index, follow, max-snippet:-1, max-image-preview:large, max-video-preview:-1\" \/>\n<link rel=\"canonical\" href=\"https:\/\/cellerdelleida.com\/es\/productos\/\" \/>\n<meta property=\"og:locale\" content=\"es_ES\" \/>\n<meta property=\"og:type\" content=\"article\" \/>\n<meta property=\"og:title\" content=\"Productos - El Celler de Sanui\" \/>\n<meta property=\"og:description\" content=\"Nuestros productos tienen el car\u00e1cter y la personalidad que les confiere la tierra y el clima de donde se encuentran los vi\u00f1edos.\" \/>\n<meta property=\"og:url\" content=\"https:\/\/cellerdelleida.com\/es\/productos\/\" \/>\n<meta property=\"og:site_name\" content=\"El Celler de Sanui\" \/>\n<meta property=\"article:modified_time\" content=\"2023-02-02T09:38:29+00:00\" \/>\n<meta property=\"og:image\" content=\"https:\/\/cellerdelleida.com\/wp-content\/uploads\/2022\/09\/copas-vi.jpg\" \/>\n<meta name=\"twitter:card\" content=\"summary_large_image\" \/>\n<meta name=\"twitter:label1\" content=\"Tiempo de lectura\" \/>\n\t<meta name=\"twitter:data1\" content=\"2 minutos\" \/>\n<script type=\"application\/ld+json\" class=\"yoast-schema-graph\">{\"@context\":\"https:\\\/\\\/schema.org\",\"@graph\":[{\"@type\":\"WebPage\",\"@id\":\"https:\\\/\\\/cellerdelleida.com\\\/es\\\/productos\\\/\",\"url\":\"https:\\\/\\\/cellerdelleida.com\\\/es\\\/productos\\\/\",\"name\":\"Productos - El Celler de Sanui\",\"isPartOf\":{\"@id\":\"https:\\\/\\\/cellerdelleida.com\\\/es\\\/#website\"},\"primaryImageOfPage\":{\"@id\":\"https:\\\/\\\/cellerdelleida.com\\\/es\\\/productos\\\/#primaryimage\"},\"image\":{\"@id\":\"https:\\\/\\\/cellerdelleida.com\\\/es\\\/productos\\\/#primaryimage\"},\"thumbnailUrl\":\"https:\\\/\\\/cellerdelleida.com\\\/wp-content\\\/uploads\\\/2022\\\/09\\\/copas-vi.jpg\",\"datePublished\":\"2022-09-06T07:30:58+00:00\",\"dateModified\":\"2023-02-02T09:38:29+00:00\",\"description\":\"Nuestros productos tienen el car\u00e1cter y la personalidad que les confiere la tierra y el clima de donde se encuentran los vi\u00f1edos.\",\"breadcrumb\":{\"@id\":\"https:\\\/\\\/cellerdelleida.com\\\/es\\\/productos\\\/#breadcrumb\"},\"inLanguage\":\"es\",\"potentialAction\":[{\"@type\":\"ReadAction\",\"target\":[\"https:\\\/\\\/cellerdelleida.com\\\/es\\\/productos\\\/\"]}]},{\"@type\":\"ImageObject\",\"inLanguage\":\"es\",\"@id\":\"https:\\\/\\\/cellerdelleida.com\\\/es\\\/productos\\\/#primaryimage\",\"url\":\"https:\\\/\\\/cellerdelleida.com\\\/wp-content\\\/uploads\\\/2022\\\/09\\\/copas-vi.jpg\",\"contentUrl\":\"https:\\\/\\\/cellerdelleida.com\\\/wp-content\\\/uploads\\\/2022\\\/09\\\/copas-vi.jpg\"},{\"@type\":\"BreadcrumbList\",\"@id\":\"https:\\\/\\\/cellerdelleida.com\\\/es\\\/productos\\\/#breadcrumb\",\"itemListElement\":[{\"@type\":\"ListItem\",\"position\":1,\"name\":\"Portada\",\"item\":\"https:\\\/\\\/cellerdelleida.com\\\/es\\\/\"},{\"@type\":\"ListItem\",\"position\":2,\"name\":\"Productos\"}]},{\"@type\":\"WebSite\",\"@id\":\"https:\\\/\\\/cellerdelleida.com\\\/es\\\/#website\",\"url\":\"https:\\\/\\\/cellerdelleida.com\\\/es\\\/\",\"name\":\"El Celler de Sanui\",\"description\":\"Productes frescos de LLeida\",\"publisher\":{\"@id\":\"https:\\\/\\\/cellerdelleida.com\\\/es\\\/#organization\"},\"potentialAction\":[{\"@type\":\"SearchAction\",\"target\":{\"@type\":\"EntryPoint\",\"urlTemplate\":\"https:\\\/\\\/cellerdelleida.com\\\/es\\\/?s={search_term_string}\"},\"query-input\":{\"@type\":\"PropertyValueSpecification\",\"valueRequired\":true,\"valueName\":\"search_term_string\"}}],\"inLanguage\":\"es\"},{\"@type\":\"Organization\",\"@id\":\"https:\\\/\\\/cellerdelleida.com\\\/es\\\/#organization\",\"name\":\"El Celler de Sanui\",\"url\":\"https:\\\/\\\/cellerdelleida.com\\\/es\\\/\",\"logo\":{\"@type\":\"ImageObject\",\"inLanguage\":\"es\",\"@id\":\"https:\\\/\\\/cellerdelleida.com\\\/es\\\/#\\\/schema\\\/logo\\\/image\\\/\",\"url\":\"https:\\\/\\\/cellerdelleida.com\\\/wp-content\\\/uploads\\\/2022\\\/09\\\/Logo-marro.png\",\"contentUrl\":\"https:\\\/\\\/cellerdelleida.com\\\/wp-content\\\/uploads\\\/2022\\\/09\\\/Logo-marro.png\",\"width\":451,\"height\":304,\"caption\":\"El Celler de Sanui\"},\"image\":{\"@id\":\"https:\\\/\\\/cellerdelleida.com\\\/es\\\/#\\\/schema\\\/logo\\\/image\\\/\"}}]}<\/script>\n<!-- \/ Yoast SEO plugin. -->","yoast_head_json":{"title":"Productos - El Celler de Sanui","description":"Nuestros productos tienen el car\u00e1cter y la personalidad que les confiere la tierra y el clima de donde se encuentran los vi\u00f1edos.","robots":{"index":"index","follow":"follow","max-snippet":"max-snippet:-1","max-image-preview":"max-image-preview:large","max-video-preview":"max-video-preview:-1"},"canonical":"https:\/\/cellerdelleida.com\/es\/productos\/","og_locale":"es_ES","og_type":"article","og_title":"Productos - El Celler de Sanui","og_description":"Nuestros productos tienen el car\u00e1cter y la personalidad que les confiere la tierra y el clima de donde se encuentran los vi\u00f1edos.","og_url":"https:\/\/cellerdelleida.com\/es\/productos\/","og_site_name":"El Celler de Sanui","article_modified_time":"2023-02-02T09:38:29+00:00","og_image":[{"url":"https:\/\/cellerdelleida.com\/wp-content\/uploads\/2022\/09\/copas-vi.jpg","type":"","width":"","height":""}],"twitter_card":"summary_large_image","twitter_misc":{"Tiempo de lectura":"2 minutos"},"schema":{"@context":"https:\/\/schema.org","@graph":[{"@type":"WebPage","@id":"https:\/\/cellerdelleida.com\/es\/productos\/","url":"https:\/\/cellerdelleida.com\/es\/productos\/","name":"Productos - El Celler de Sanui","isPartOf":{"@id":"https:\/\/cellerdelleida.com\/es\/#website"},"primaryImageOfPage":{"@id":"https:\/\/cellerdelleida.com\/es\/productos\/#primaryimage"},"image":{"@id":"https:\/\/cellerdelleida.com\/es\/productos\/#primaryimage"},"thumbnailUrl":"https:\/\/cellerdelleida.com\/wp-content\/uploads\/2022\/09\/copas-vi.jpg","datePublished":"2022-09-06T07:30:58+00:00","dateModified":"2023-02-02T09:38:29+00:00","description":"Nuestros productos tienen el car\u00e1cter y la personalidad que les confiere la tierra y el clima de donde se encuentran los vi\u00f1edos.","breadcrumb":{"@id":"https:\/\/cellerdelleida.com\/es\/productos\/#breadcrumb"},"inLanguage":"es","potentialAction":[{"@type":"ReadAction","target":["https:\/\/cellerdelleida.com\/es\/productos\/"]}]},{"@type":"ImageObject","inLanguage":"es","@id":"https:\/\/cellerdelleida.com\/es\/productos\/#primaryimage","url":"https:\/\/cellerdelleida.com\/wp-content\/uploads\/2022\/09\/copas-vi.jpg","contentUrl":"https:\/\/cellerdelleida.com\/wp-content\/uploads\/2022\/09\/copas-vi.jpg"},{"@type":"BreadcrumbList","@id":"https:\/\/cellerdelleida.com\/es\/productos\/#breadcrumb","itemListElement":[{"@type":"ListItem","position":1,"name":"Portada","item":"https:\/\/cellerdelleida.com\/es\/"},{"@type":"ListItem","position":2,"name":"Productos"}]},{"@type":"WebSite","@id":"https:\/\/cellerdelleida.com\/es\/#website","url":"https:\/\/cellerdelleida.com\/es\/","name":"El Celler de Sanui","description":"Productes frescos de LLeida","publisher":{"@id":"https:\/\/cellerdelleida.com\/es\/#organization"},"potentialAction":[{"@type":"SearchAction","target":{"@type":"EntryPoint","urlTemplate":"https:\/\/cellerdelleida.com\/es\/?s={search_term_string}"},"query-input":{"@type":"PropertyValueSpecification","valueRequired":true,"valueName":"search_term_string"}}],"inLanguage":"es"},{"@type":"Organization","@id":"https:\/\/cellerdelleida.com\/es\/#organization","name":"El Celler de Sanui","url":"https:\/\/cellerdelleida.com\/es\/","logo":{"@type":"ImageObject","inLanguage":"es","@id":"https:\/\/cellerdelleida.com\/es\/#\/schema\/logo\/image\/","url":"https:\/\/cellerdelleida.com\/wp-content\/uploads\/2022\/09\/Logo-marro.png","contentUrl":"https:\/\/cellerdelleida.com\/wp-content\/uploads\/2022\/09\/Logo-marro.png","width":451,"height":304,"caption":"El Celler de Sanui"},"image":{"@id":"https:\/\/cellerdelleida.com\/es\/#\/schema\/logo\/image\/"}}]}},"_links":{"self":[{"href":"https:\/\/cellerdelleida.com\/es\/wp-json\/wp\/v2\/pages\/5449","targetHints":{"allow":["GET"]}}],"collection":[{"href":"https:\/\/cellerdelleida.com\/es\/wp-json\/wp\/v2\/pages"}],"about":[{"href":"https:\/\/cellerdelleida.com\/es\/wp-json\/wp\/v2\/types\/page"}],"author":[{"embeddable":true,"href":"https:\/\/cellerdelleida.com\/es\/wp-json\/wp\/v2\/users\/1"}],"replies":[{"embeddable":true,"href":"https:\/\/cellerdelleida.com\/es\/wp-json\/wp\/v2\/comments?post=5449"}],"version-history":[{"count":25,"href":"https:\/\/cellerdelleida.com\/es\/wp-json\/wp\/v2\/pages\/5449\/revisions"}],"predecessor-version":[{"id":7194,"href":"https:\/\/cellerdelleida.com\/es\/wp-json\/wp\/v2\/pages\/5449\/revisions\/7194"}],"wp:attachment":[{"href":"https:\/\/cellerdelleida.com\/es\/wp-json\/wp\/v2\/media?parent=5449"}],"curies":[{"name":"wp","href":"https:\/\/api.w.org\/{rel}","templated":true}]}}