{"id":6983,"date":"2023-01-17T17:36:23","date_gmt":"2023-01-17T16:36:23","guid":{"rendered":"https:\/\/cellerdelleida.com\/vermut-negre-amarg\/"},"modified":"2023-01-27T09:46:19","modified_gmt":"2023-01-27T08:46:19","slug":"vermut-negre-amarg","status":"publish","type":"page","link":"https:\/\/cellerdelleida.com\/en\/vermut-negre-amarg\/","title":{"rendered":"Vermut Negre AMARG"},"content":{"rendered":"\t\t<div data-elementor-type=\"wp-page\" data-elementor-id=\"6983\" class=\"elementor elementor-6983\" data-elementor-post-type=\"page\">\n\t\t\t\t<header class=\"elementor-element elementor-element-79a19add e-con-full e-flex e-con e-parent\" data-id=\"79a19add\" data-element_type=\"container\" data-e-type=\"container\">\n\t\t\t\t<div class=\"elementor-element elementor-element-5e778524 elementor-widget elementor-widget-heading\" data-id=\"5e778524\" data-element_type=\"widget\" data-e-type=\"widget\" data-widget_type=\"heading.default\">\n\t\t\t\t<div class=\"elementor-widget-container\">\n\t\t\t\t\t<p class=\"elementor-heading-title elementor-size-default\">Celler de SANUI<\/p>\t\t\t\t<\/div>\n\t\t\t\t<\/div>\n\t\t\t\t<div class=\"elementor-element elementor-element-545791e2 elementor-widget elementor-widget-heading\" data-id=\"545791e2\" data-element_type=\"widget\" data-e-type=\"widget\" data-widget_type=\"heading.default\">\n\t\t\t\t<div class=\"elementor-widget-container\">\n\t\t\t\t\t<h1 class=\"elementor-heading-title elementor-size-default\">Vermut Negre AMARG<\/h1>\t\t\t\t<\/div>\n\t\t\t\t<\/div>\n\t\t\t\t<\/header>\n\t\t<main class=\"elementor-element elementor-element-23d9d10b e-con-full e-flex e-con e-parent\" data-id=\"23d9d10b\" data-element_type=\"container\" data-e-type=\"container\">\n\t\t<div class=\"elementor-element elementor-element-69043cc9 e-con-full e-flex elementor-invisible e-con e-parent\" data-id=\"69043cc9\" data-element_type=\"container\" data-e-type=\"container\" data-settings=\"{&quot;animation&quot;:&quot;fadeInLeft&quot;,&quot;background_background&quot;:&quot;classic&quot;}\">\n\t\t<div class=\"elementor-element elementor-element-6c99d85f e-con-full e-flex e-con e-parent\" data-id=\"6c99d85f\" data-element_type=\"container\" data-e-type=\"container\">\n\t\t\t\t<div class=\"elementor-element elementor-element-eee10fb elementor-widget__width-auto elementor-align-left elementor-button-info elementor-tablet-align-center elementor-widget elementor-widget-button\" data-id=\"eee10fb\" data-element_type=\"widget\" data-e-type=\"widget\" data-widget_type=\"button.default\">\n\t\t\t\t<div class=\"elementor-widget-container\">\n\t\t\t\t\t\t\t\t\t<div class=\"elementor-button-wrapper\">\n\t\t\t\t\t<a class=\"elementor-button elementor-button-link elementor-size-sm\" href=\"\/productes\">\n\t\t\t\t\t\t<span class=\"elementor-button-content-wrapper\">\n\t\t\t\t\t\t<span class=\"elementor-button-icon\">\n\t\t\t\t<i aria-hidden=\"true\" class=\"fas fa-chevron-left\"><\/i>\t\t\t<\/span>\n\t\t\t\t\t\t\t\t\t<span class=\"elementor-button-text\">Torna a productes<\/span>\n\t\t\t\t\t<\/span>\n\t\t\t\t\t<\/a>\n\t\t\t\t<\/div>\n\t\t\t\t\t\t\t\t<\/div>\n\t\t\t\t<\/div>\n\t\t\t\t<\/div>\n\t\t\t\t<div class=\"elementor-element elementor-element-bb6f3ae elementor-widget elementor-widget-image\" data-id=\"bb6f3ae\" data-element_type=\"widget\" data-e-type=\"widget\" data-widget_type=\"image.default\">\n\t\t\t\t<div class=\"elementor-widget-container\">\n\t\t\t\t\t\t\t\t\t\t\t\t\t\t\t<img fetchpriority=\"high\" decoding=\"async\" width=\"600\" height=\"900\" src=\"https:\/\/cellerdelleida.com\/wp-content\/uploads\/2023\/01\/Vermut-negre.jpg\" class=\"attachment-full size-full wp-image-6839\" alt=\"\" srcset=\"https:\/\/cellerdelleida.com\/wp-content\/uploads\/2023\/01\/Vermut-negre.jpg 600w, https:\/\/cellerdelleida.com\/wp-content\/uploads\/2023\/01\/Vermut-negre-200x300.jpg 200w, https:\/\/cellerdelleida.com\/wp-content\/uploads\/2023\/01\/Vermut-negre-300x450.jpg 300w\" sizes=\"(max-width: 600px) 100vw, 600px\" \/>\t\t\t\t\t\t\t\t\t\t\t\t\t\t\t<\/div>\n\t\t\t\t<\/div>\n\t\t<div class=\"elementor-element elementor-element-6dfb67c3 e-flex e-con-boxed e-con e-parent\" data-id=\"6dfb67c3\" data-element_type=\"container\" data-e-type=\"container\" data-settings=\"{&quot;background_background&quot;:&quot;classic&quot;}\">\n\t\t\t\t\t<div class=\"e-con-inner\">\n\t\t\t\t<div class=\"elementor-element elementor-element-622f555c elementor-widget elementor-widget-heading\" data-id=\"622f555c\" data-element_type=\"widget\" data-e-type=\"widget\" data-widget_type=\"heading.default\">\n\t\t\t\t<div class=\"elementor-widget-container\">\n\t\t\t\t\t<h2 class=\"elementor-heading-title elementor-size-default\">Tasta els nostres vins<\/h2>\t\t\t\t<\/div>\n\t\t\t\t<\/div>\n\t\t\t\t<div class=\"elementor-element elementor-element-5a1ffa elementor-widget elementor-widget-heading\" data-id=\"5a1ffa\" data-element_type=\"widget\" data-e-type=\"widget\" data-widget_type=\"heading.default\">\n\t\t\t\t<div class=\"elementor-widget-container\">\n\t\t\t\t\t<h3 class=\"elementor-heading-title elementor-size-default\">CELLER DE SANUI<\/h3>\t\t\t\t<\/div>\n\t\t\t\t<\/div>\n\t\t\t\t<div class=\"elementor-element elementor-element-4d7dad6a elementor-widget__width-auto elementor-align-left elementor-button-info elementor-tablet-align-center elementor-widget elementor-widget-button\" data-id=\"4d7dad6a\" data-element_type=\"widget\" data-e-type=\"widget\" data-widget_type=\"button.default\">\n\t\t\t\t<div class=\"elementor-widget-container\">\n\t\t\t\t\t\t\t\t\t<div class=\"elementor-button-wrapper\">\n\t\t\t\t\t<a class=\"elementor-button elementor-button-link elementor-size-sm\" href=\"\/botiga\">\n\t\t\t\t\t\t<span class=\"elementor-button-content-wrapper\">\n\t\t\t\t\t\t<span class=\"elementor-button-icon\">\n\t\t\t\t<i aria-hidden=\"true\" class=\"fas fa-chevron-right\"><\/i>\t\t\t<\/span>\n\t\t\t\t\t\t\t\t\t<span class=\"elementor-button-text\">COMPRAR<\/span>\n\t\t\t\t\t<\/span>\n\t\t\t\t\t<\/a>\n\t\t\t\t<\/div>\n\t\t\t\t\t\t\t\t<\/div>\n\t\t\t\t<\/div>\n\t\t\t\t\t<\/div>\n\t\t\t\t<\/div>\n\t\t\t\t<\/div>\n\t\t<div class=\"elementor-element elementor-element-5371937d e-con-full e-flex e-con e-parent\" data-id=\"5371937d\" data-element_type=\"container\" data-e-type=\"container\">\n\t\t\t\t<div class=\"elementor-element elementor-element-4dfc86c4 elementor-widget elementor-widget-text-editor\" data-id=\"4dfc86c4\" data-element_type=\"widget\" data-e-type=\"widget\" data-widget_type=\"text-editor.default\">\n\t\t\t\t<div class=\"elementor-widget-container\">\n\t\t\t\t\t\t\t\t\t<b>CELLER:<\/b> Celler de SANUI \u2013 Productes Frescos de Lleida, SLU.\t\t\t\t\t\t\t\t<\/div>\n\t\t\t\t<\/div>\n\t\t\t\t<div class=\"elementor-element elementor-element-3c101b7c elementor-widget elementor-widget-text-editor\" data-id=\"3c101b7c\" data-element_type=\"widget\" data-e-type=\"widget\" data-widget_type=\"text-editor.default\">\n\t\t\t\t<div class=\"elementor-widget-container\">\n\t\t\t\t\t\t\t\t\t<b>VARIETATS:<\/b>\t\t\t\t\t\t\t\t<\/div>\n\t\t\t\t<\/div>\n\t\t\t\t<div class=\"elementor-element elementor-element-68fd8ff5 elementor-icon-list--layout-traditional elementor-list-item-link-full_width elementor-widget elementor-widget-icon-list\" data-id=\"68fd8ff5\" data-element_type=\"widget\" data-e-type=\"widget\" data-widget_type=\"icon-list.default\">\n\t\t\t\t<div class=\"elementor-widget-container\">\n\t\t\t\t\t\t\t<ul class=\"elementor-icon-list-items\">\n\t\t\t\t\t\t\t<li class=\"elementor-icon-list-item\">\n\t\t\t\t\t\t\t\t\t\t\t<span class=\"elementor-icon-list-icon\">\n\t\t\t\t\t\t\t<i aria-hidden=\"true\" class=\"fas fa-check\"><\/i>\t\t\t\t\t\t<\/span>\n\t\t\t\t\t\t\t\t\t\t<span class=\"elementor-icon-list-text\">85% Macabeu<\/span>\n\t\t\t\t\t\t\t\t\t<\/li>\n\t\t\t\t\t\t\t\t<li class=\"elementor-icon-list-item\">\n\t\t\t\t\t\t\t\t\t\t\t<span class=\"elementor-icon-list-icon\">\n\t\t\t\t\t\t\t<i aria-hidden=\"true\" class=\"fas fa-check\"><\/i>\t\t\t\t\t\t<\/span>\n\t\t\t\t\t\t\t\t\t\t<span class=\"elementor-icon-list-text\">15% Garnatxa Negra<\/span>\n\t\t\t\t\t\t\t\t\t<\/li>\n\t\t\t\t\t\t<\/ul>\n\t\t\t\t\t\t<\/div>\n\t\t\t\t<\/div>\n\t\t\t\t<div class=\"elementor-element elementor-element-6bb8d7ad elementor-widget elementor-widget-text-editor\" data-id=\"6bb8d7ad\" data-element_type=\"widget\" data-e-type=\"widget\" data-widget_type=\"text-editor.default\">\n\t\t\t\t<div class=\"elementor-widget-container\">\n\t\t\t\t\t\t\t\t\t<b>AN\u00c0LISIS:<\/b>\t\t\t\t\t\t\t\t<\/div>\n\t\t\t\t<\/div>\n\t\t\t\t<div class=\"elementor-element elementor-element-335c7649 elementor-icon-list--layout-traditional elementor-list-item-link-full_width elementor-widget elementor-widget-icon-list\" data-id=\"335c7649\" data-element_type=\"widget\" data-e-type=\"widget\" data-widget_type=\"icon-list.default\">\n\t\t\t\t<div class=\"elementor-widget-container\">\n\t\t\t\t\t\t\t<ul class=\"elementor-icon-list-items\">\n\t\t\t\t\t\t\t<li class=\"elementor-icon-list-item\">\n\t\t\t\t\t\t\t\t\t\t\t<span class=\"elementor-icon-list-icon\">\n\t\t\t\t\t\t\t<i aria-hidden=\"true\" class=\"fas fa-check\"><\/i>\t\t\t\t\t\t<\/span>\n\t\t\t\t\t\t\t\t\t\t<span class=\"elementor-icon-list-text\">Graduaci\u00f3 14,950% vol.<\/span>\n\t\t\t\t\t\t\t\t\t<\/li>\n\t\t\t\t\t\t\t\t<li class=\"elementor-icon-list-item\">\n\t\t\t\t\t\t\t\t\t\t\t<span class=\"elementor-icon-list-icon\">\n\t\t\t\t\t\t\t<i aria-hidden=\"true\" class=\"fas fa-check\"><\/i>\t\t\t\t\t\t<\/span>\n\t\t\t\t\t\t\t\t\t\t<span class=\"elementor-icon-list-text\">Acidesa Total 5,23 gr\/l (en H2T) <\/span>\n\t\t\t\t\t\t\t\t\t<\/li>\n\t\t\t\t\t\t\t\t<li class=\"elementor-icon-list-item\">\n\t\t\t\t\t\t\t\t\t\t\t<span class=\"elementor-icon-list-icon\">\n\t\t\t\t\t\t\t<i aria-hidden=\"true\" class=\"fas fa-check\"><\/i>\t\t\t\t\t\t<\/span>\n\t\t\t\t\t\t\t\t\t\t<span class=\"elementor-icon-list-text\">Sucres Totals 121,17 gr\/l.<\/span>\n\t\t\t\t\t\t\t\t\t<\/li>\n\t\t\t\t\t\t\t\t<li class=\"elementor-icon-list-item\">\n\t\t\t\t\t\t\t\t\t\t\t<span class=\"elementor-icon-list-icon\">\n\t\t\t\t\t\t\t<i aria-hidden=\"true\" class=\"fas fa-check\"><\/i>\t\t\t\t\t\t<\/span>\n\t\t\t\t\t\t\t\t\t\t<span class=\"elementor-icon-list-text\">Massa de volum 1.0333<\/span>\n\t\t\t\t\t\t\t\t\t<\/li>\n\t\t\t\t\t\t<\/ul>\n\t\t\t\t\t\t<\/div>\n\t\t\t\t<\/div>\n\t\t\t\t<div class=\"elementor-element elementor-element-2df1d414 elementor-widget elementor-widget-text-editor\" data-id=\"2df1d414\" data-element_type=\"widget\" data-e-type=\"widget\" data-widget_type=\"text-editor.default\">\n\t\t\t\t<div class=\"elementor-widget-container\">\n\t\t\t\t\t\t\t\t\t<p><b>TEMPERATURA DE SERVEI:<\/b> Entre 3 i 6\u00baC<\/p><p>Ideal conservar l&#8217;ampolla al frigor\u00edfic ja que, en addicionar-li el gel per beure&#8217;l, aquest no es diluir\u00e0 tan f\u00e0cilment i aix\u00ed mantindr\u00e0 integres, per mes temps, les seves qualitats organol\u00e8ptiques.<\/p>\t\t\t\t\t\t\t\t<\/div>\n\t\t\t\t<\/div>\n\t\t<div class=\"elementor-element elementor-element-7cfcdae8 e-con-full e-flex e-con e-parent\" data-id=\"7cfcdae8\" data-element_type=\"container\" data-e-type=\"container\">\n\t\t\t\t<div class=\"elementor-element elementor-element-3e2044e1 elementor-widget elementor-widget-text-editor\" data-id=\"3e2044e1\" data-element_type=\"widget\" data-e-type=\"widget\" data-widget_type=\"text-editor.default\">\n\t\t\t\t<div class=\"elementor-widget-container\">\n\t\t\t\t\t\t\t\t\t<p><b>ELABORACI\u00d3:<\/b> Vi fortificat la base del qual \u00e9s produeix a la finca &#8220;Les Torres&#8221;, de la nostra propietat. Els ra\u00efms que entren en la seva composici\u00f3, es cultivan de forma tradicional en espatllera, es veremen i arriben en estat \u00f2ptim de maduraci\u00f3 al celler per a la seva elaboraci\u00f3.<\/p><p>Fermentats a temperatura controlada, una vegada reposat i passat el primer hivern, se li afegeix la infusi\u00f3 de donzell (ajenjo) me la dels 22 bot\u00e0nics (herbes, escorces arom\u00e0tiques i pells de diversos c\u00edtrics) i es deixa reposar durant un per\u00edode m\u00ednim d&#8217; entre 9 a 12 mesos en antigues botes de castanyer.<\/p><p>Posteriorment s&#8217; hi afegeix un vi de licor que tamb\u00e9 s&#8217; ha macerat amb diferents herbes arom\u00e0tiques per tal d&#8217; obtenir la seva eleg\u00e0ncia i equilibrat dol\u00e7or.<\/p>\t\t\t\t\t\t\t\t<\/div>\n\t\t\t\t<\/div>\n\t\t\t\t<\/div>\n\t\t\t\t<\/div>\n\t\t\t\t<\/main>\n\t\t\t\t<\/div>\n\t\t","protected":false},"excerpt":{"rendered":"<p>Celler de SANUI Vermut Negre AMARG Torna a productes Tasta els nostres vins CELLER DE SANUI COMPRAR CELLER: Celler de SANUI \u2013 Productes Frescos de Lleida, SLU.VARIETATS: 85% Macabeu 15% Garnatxa Negra AN\u00c0LISIS: Graduaci\u00f3 14,950% vol. Acidesa Total 5,23 gr\/l (en H2T) Sucres Totals 121,17 gr\/l. Massa de volum 1.0333 TEMPERATURA DE SERVEI: Entre 3 [&hellip;]<\/p>\n","protected":false},"author":1,"featured_media":0,"parent":0,"menu_order":0,"comment_status":"closed","ping_status":"closed","template":"","meta":{"footnotes":""},"class_list":["post-6983","page","type-page","status-publish","hentry"],"yoast_head":"<!-- This site is optimized with the Yoast SEO plugin v27.3 - https:\/\/yoast.com\/product\/yoast-seo-wordpress\/ -->\n<title>Vermut Negre AMARG - El Celler de Sanui<\/title>\n<meta name=\"robots\" content=\"index, follow, max-snippet:-1, max-image-preview:large, max-video-preview:-1\" \/>\n<link rel=\"canonical\" href=\"https:\/\/cellerdelleida.com\/en\/vermut-negre-amarg\/\" \/>\n<meta property=\"og:locale\" content=\"en_US\" \/>\n<meta property=\"og:type\" content=\"article\" \/>\n<meta property=\"og:title\" content=\"Vermut Negre AMARG - El Celler de Sanui\" \/>\n<meta property=\"og:description\" content=\"Celler de SANUI Vermut Negre AMARG Torna a productes Tasta els nostres vins CELLER DE SANUI COMPRAR CELLER: Celler de SANUI \u2013 Productes Frescos de Lleida, SLU.VARIETATS: 85% Macabeu 15% Garnatxa Negra AN\u00c0LISIS: Graduaci\u00f3 14,950% vol. Acidesa Total 5,23 gr\/l (en H2T) Sucres Totals 121,17 gr\/l. Massa de volum 1.0333 TEMPERATURA DE SERVEI: Entre 3 [&hellip;]\" \/>\n<meta property=\"og:url\" content=\"https:\/\/cellerdelleida.com\/en\/vermut-negre-amarg\/\" \/>\n<meta property=\"og:site_name\" content=\"El Celler de Sanui\" \/>\n<meta property=\"article:modified_time\" content=\"2023-01-27T08:46:19+00:00\" \/>\n<meta property=\"og:image\" content=\"https:\/\/cellerdelleida.com\/wp-content\/uploads\/2023\/01\/Vermut-negre.jpg\" \/>\n<meta name=\"twitter:card\" content=\"summary_large_image\" \/>\n<meta name=\"twitter:label1\" content=\"Est. reading time\" \/>\n\t<meta name=\"twitter:data1\" content=\"2 minutes\" \/>\n<script type=\"application\/ld+json\" class=\"yoast-schema-graph\">{\"@context\":\"https:\\\/\\\/schema.org\",\"@graph\":[{\"@type\":\"WebPage\",\"@id\":\"https:\\\/\\\/cellerdelleida.com\\\/en\\\/vermut-negre-amarg\\\/\",\"url\":\"https:\\\/\\\/cellerdelleida.com\\\/en\\\/vermut-negre-amarg\\\/\",\"name\":\"Vermut Negre AMARG - El Celler de Sanui\",\"isPartOf\":{\"@id\":\"https:\\\/\\\/cellerdelleida.com\\\/en\\\/#website\"},\"primaryImageOfPage\":{\"@id\":\"https:\\\/\\\/cellerdelleida.com\\\/en\\\/vermut-negre-amarg\\\/#primaryimage\"},\"image\":{\"@id\":\"https:\\\/\\\/cellerdelleida.com\\\/en\\\/vermut-negre-amarg\\\/#primaryimage\"},\"thumbnailUrl\":\"https:\\\/\\\/cellerdelleida.com\\\/wp-content\\\/uploads\\\/2023\\\/01\\\/Vermut-negre.jpg\",\"datePublished\":\"2023-01-17T16:36:23+00:00\",\"dateModified\":\"2023-01-27T08:46:19+00:00\",\"breadcrumb\":{\"@id\":\"https:\\\/\\\/cellerdelleida.com\\\/en\\\/vermut-negre-amarg\\\/#breadcrumb\"},\"inLanguage\":\"en-US\",\"potentialAction\":[{\"@type\":\"ReadAction\",\"target\":[\"https:\\\/\\\/cellerdelleida.com\\\/en\\\/vermut-negre-amarg\\\/\"]}]},{\"@type\":\"ImageObject\",\"inLanguage\":\"en-US\",\"@id\":\"https:\\\/\\\/cellerdelleida.com\\\/en\\\/vermut-negre-amarg\\\/#primaryimage\",\"url\":\"https:\\\/\\\/cellerdelleida.com\\\/wp-content\\\/uploads\\\/2023\\\/01\\\/Vermut-negre.jpg\",\"contentUrl\":\"https:\\\/\\\/cellerdelleida.com\\\/wp-content\\\/uploads\\\/2023\\\/01\\\/Vermut-negre.jpg\"},{\"@type\":\"BreadcrumbList\",\"@id\":\"https:\\\/\\\/cellerdelleida.com\\\/en\\\/vermut-negre-amarg\\\/#breadcrumb\",\"itemListElement\":[{\"@type\":\"ListItem\",\"position\":1,\"name\":\"Portada\",\"item\":\"https:\\\/\\\/cellerdelleida.com\\\/en\\\/\"},{\"@type\":\"ListItem\",\"position\":2,\"name\":\"Vermut Negre AMARG\"}]},{\"@type\":\"WebSite\",\"@id\":\"https:\\\/\\\/cellerdelleida.com\\\/en\\\/#website\",\"url\":\"https:\\\/\\\/cellerdelleida.com\\\/en\\\/\",\"name\":\"El Celler de Sanui\",\"description\":\"Productes frescos de LLeida\",\"publisher\":{\"@id\":\"https:\\\/\\\/cellerdelleida.com\\\/en\\\/#organization\"},\"potentialAction\":[{\"@type\":\"SearchAction\",\"target\":{\"@type\":\"EntryPoint\",\"urlTemplate\":\"https:\\\/\\\/cellerdelleida.com\\\/en\\\/?s={search_term_string}\"},\"query-input\":{\"@type\":\"PropertyValueSpecification\",\"valueRequired\":true,\"valueName\":\"search_term_string\"}}],\"inLanguage\":\"en-US\"},{\"@type\":\"Organization\",\"@id\":\"https:\\\/\\\/cellerdelleida.com\\\/en\\\/#organization\",\"name\":\"El Celler de Sanui\",\"url\":\"https:\\\/\\\/cellerdelleida.com\\\/en\\\/\",\"logo\":{\"@type\":\"ImageObject\",\"inLanguage\":\"en-US\",\"@id\":\"https:\\\/\\\/cellerdelleida.com\\\/en\\\/#\\\/schema\\\/logo\\\/image\\\/\",\"url\":\"https:\\\/\\\/cellerdelleida.com\\\/wp-content\\\/uploads\\\/2022\\\/09\\\/Logo-marro.png\",\"contentUrl\":\"https:\\\/\\\/cellerdelleida.com\\\/wp-content\\\/uploads\\\/2022\\\/09\\\/Logo-marro.png\",\"width\":451,\"height\":304,\"caption\":\"El Celler de Sanui\"},\"image\":{\"@id\":\"https:\\\/\\\/cellerdelleida.com\\\/en\\\/#\\\/schema\\\/logo\\\/image\\\/\"}}]}<\/script>\n<!-- \/ Yoast SEO plugin. -->","yoast_head_json":{"title":"Vermut Negre AMARG - El Celler de Sanui","robots":{"index":"index","follow":"follow","max-snippet":"max-snippet:-1","max-image-preview":"max-image-preview:large","max-video-preview":"max-video-preview:-1"},"canonical":"https:\/\/cellerdelleida.com\/en\/vermut-negre-amarg\/","og_locale":"en_US","og_type":"article","og_title":"Vermut Negre AMARG - El Celler de Sanui","og_description":"Celler de SANUI Vermut Negre AMARG Torna a productes Tasta els nostres vins CELLER DE SANUI COMPRAR CELLER: Celler de SANUI \u2013 Productes Frescos de Lleida, SLU.VARIETATS: 85% Macabeu 15% Garnatxa Negra AN\u00c0LISIS: Graduaci\u00f3 14,950% vol. Acidesa Total 5,23 gr\/l (en H2T) Sucres Totals 121,17 gr\/l. Massa de volum 1.0333 TEMPERATURA DE SERVEI: Entre 3 [&hellip;]","og_url":"https:\/\/cellerdelleida.com\/en\/vermut-negre-amarg\/","og_site_name":"El Celler de Sanui","article_modified_time":"2023-01-27T08:46:19+00:00","og_image":[{"url":"https:\/\/cellerdelleida.com\/wp-content\/uploads\/2023\/01\/Vermut-negre.jpg","type":"","width":"","height":""}],"twitter_card":"summary_large_image","twitter_misc":{"Est. reading time":"2 minutes"},"schema":{"@context":"https:\/\/schema.org","@graph":[{"@type":"WebPage","@id":"https:\/\/cellerdelleida.com\/en\/vermut-negre-amarg\/","url":"https:\/\/cellerdelleida.com\/en\/vermut-negre-amarg\/","name":"Vermut Negre AMARG - El Celler de Sanui","isPartOf":{"@id":"https:\/\/cellerdelleida.com\/en\/#website"},"primaryImageOfPage":{"@id":"https:\/\/cellerdelleida.com\/en\/vermut-negre-amarg\/#primaryimage"},"image":{"@id":"https:\/\/cellerdelleida.com\/en\/vermut-negre-amarg\/#primaryimage"},"thumbnailUrl":"https:\/\/cellerdelleida.com\/wp-content\/uploads\/2023\/01\/Vermut-negre.jpg","datePublished":"2023-01-17T16:36:23+00:00","dateModified":"2023-01-27T08:46:19+00:00","breadcrumb":{"@id":"https:\/\/cellerdelleida.com\/en\/vermut-negre-amarg\/#breadcrumb"},"inLanguage":"en-US","potentialAction":[{"@type":"ReadAction","target":["https:\/\/cellerdelleida.com\/en\/vermut-negre-amarg\/"]}]},{"@type":"ImageObject","inLanguage":"en-US","@id":"https:\/\/cellerdelleida.com\/en\/vermut-negre-amarg\/#primaryimage","url":"https:\/\/cellerdelleida.com\/wp-content\/uploads\/2023\/01\/Vermut-negre.jpg","contentUrl":"https:\/\/cellerdelleida.com\/wp-content\/uploads\/2023\/01\/Vermut-negre.jpg"},{"@type":"BreadcrumbList","@id":"https:\/\/cellerdelleida.com\/en\/vermut-negre-amarg\/#breadcrumb","itemListElement":[{"@type":"ListItem","position":1,"name":"Portada","item":"https:\/\/cellerdelleida.com\/en\/"},{"@type":"ListItem","position":2,"name":"Vermut Negre AMARG"}]},{"@type":"WebSite","@id":"https:\/\/cellerdelleida.com\/en\/#website","url":"https:\/\/cellerdelleida.com\/en\/","name":"El Celler de Sanui","description":"Productes frescos de LLeida","publisher":{"@id":"https:\/\/cellerdelleida.com\/en\/#organization"},"potentialAction":[{"@type":"SearchAction","target":{"@type":"EntryPoint","urlTemplate":"https:\/\/cellerdelleida.com\/en\/?s={search_term_string}"},"query-input":{"@type":"PropertyValueSpecification","valueRequired":true,"valueName":"search_term_string"}}],"inLanguage":"en-US"},{"@type":"Organization","@id":"https:\/\/cellerdelleida.com\/en\/#organization","name":"El Celler de Sanui","url":"https:\/\/cellerdelleida.com\/en\/","logo":{"@type":"ImageObject","inLanguage":"en-US","@id":"https:\/\/cellerdelleida.com\/en\/#\/schema\/logo\/image\/","url":"https:\/\/cellerdelleida.com\/wp-content\/uploads\/2022\/09\/Logo-marro.png","contentUrl":"https:\/\/cellerdelleida.com\/wp-content\/uploads\/2022\/09\/Logo-marro.png","width":451,"height":304,"caption":"El Celler de Sanui"},"image":{"@id":"https:\/\/cellerdelleida.com\/en\/#\/schema\/logo\/image\/"}}]}},"_links":{"self":[{"href":"https:\/\/cellerdelleida.com\/en\/wp-json\/wp\/v2\/pages\/6983","targetHints":{"allow":["GET"]}}],"collection":[{"href":"https:\/\/cellerdelleida.com\/en\/wp-json\/wp\/v2\/pages"}],"about":[{"href":"https:\/\/cellerdelleida.com\/en\/wp-json\/wp\/v2\/types\/page"}],"author":[{"embeddable":true,"href":"https:\/\/cellerdelleida.com\/en\/wp-json\/wp\/v2\/users\/1"}],"replies":[{"embeddable":true,"href":"https:\/\/cellerdelleida.com\/en\/wp-json\/wp\/v2\/comments?post=6983"}],"version-history":[{"count":43,"href":"https:\/\/cellerdelleida.com\/en\/wp-json\/wp\/v2\/pages\/6983\/revisions"}],"predecessor-version":[{"id":7111,"href":"https:\/\/cellerdelleida.com\/en\/wp-json\/wp\/v2\/pages\/6983\/revisions\/7111"}],"wp:attachment":[{"href":"https:\/\/cellerdelleida.com\/en\/wp-json\/wp\/v2\/media?parent=6983"}],"curies":[{"name":"wp","href":"https:\/\/api.w.org\/{rel}","templated":true}]}}