{"id":5439,"date":"2022-09-05T15:30:49","date_gmt":"2022-09-05T13:30:49","guid":{"rendered":"https:\/\/cellerdelleida.com\/complete-purchase\/"},"modified":"2022-10-07T19:52:42","modified_gmt":"2022-10-07T17:52:42","slug":"complete-purchase","status":"publish","type":"page","link":"https:\/\/cellerdelleida.com\/en\/complete-purchase\/","title":{"rendered":"Finish purchase"},"content":{"rendered":"\t\t<div data-elementor-type=\"wp-page\" data-elementor-id=\"5439\" class=\"elementor elementor-5439\" data-elementor-post-type=\"page\">\n\t\t\t\t\t\t<section class=\"elementor-section elementor-top-section elementor-element elementor-element-4e16ce3d elementor-section-boxed elementor-section-height-default elementor-section-height-default\" data-id=\"4e16ce3d\" data-element_type=\"section\" data-e-type=\"section\">\n\t\t\t\t\t\t<div class=\"elementor-container elementor-column-gap-default\">\n\t\t\t\t\t<div class=\"elementor-column elementor-col-100 elementor-top-column elementor-element elementor-element-efeaddf\" data-id=\"efeaddf\" data-element_type=\"column\" data-e-type=\"column\">\n\t\t\t<div class=\"elementor-widget-wrap elementor-element-populated\">\n\t\t\t\t\t\t<div class=\"elementor-element elementor-element-40bb77c enlace e-checkout-layout-two-column elementor-widget elementor-widget-woocommerce-checkout-page\" data-id=\"40bb77c\" data-element_type=\"widget\" data-e-type=\"widget\" data-widget_type=\"woocommerce-checkout-page.default\">\n\t\t\t\t<div class=\"elementor-widget-container\">\n\t\t\t\t\t<div class=\"woocommerce\"><\/div>\t\t\t\t<\/div>\n\t\t\t\t<\/div>\n\t\t\t\t\t<\/div>\n\t\t<\/div>\n\t\t\t\t\t<\/div>\n\t\t<\/section>\n\t\t\t\t<\/div>\n\t\t","protected":false},"excerpt":{"rendered":"<p>Billing details First name&nbsp;* Last name&nbsp;* Name of the company&nbsp;(opcional) Pa\u00eds \/ Regi\u00f3n&nbsp;*Espa\u00f1a Direcci\u00f3n de la calle&nbsp;* Apartamento, habitaci\u00f3n, escalera, etc.&nbsp;(opcional) C\u00f3digo postal&nbsp;* Poblaci\u00f3n&nbsp;* Provincia&nbsp;*Elige una opci\u00f3n&hellip;La Coru\u00f1a\u00c1lavaAlbaceteAlicanteAlmer\u00edaAsturias\u00c1vilaBadajozBalearesBarcelonaBurgosC\u00e1ceresC\u00e1dizCantabriaCastell\u00f3nCeutaCiudad RealC\u00f3rdobaCuencaGeronaGranadaGuadalajaraGuip\u00fazcoaHuelvaHuescaJa\u00e9nLa RiojaLas PalmasLe\u00f3nL\u00e9ridaLugoMadridM\u00e1lagaMelillaMurciaNavarraOrensePalenciaPontevedraSalamancaSanta Cruz de TenerifeSegoviaSevillaSoriaTarragonaTeruelToledoValenciaValladolidVizcayaZamoraZaragoza phone&nbsp;* E-mail&nbsp;* Send to a different address? First name&nbsp;* Last name&nbsp;* Name of the company&nbsp;(opcional) Pa\u00eds \/ Regi\u00f3n&nbsp;*Espa\u00f1a Direcci\u00f3n de la [&hellip;]<\/p>\n","protected":false},"author":1,"featured_media":0,"parent":0,"menu_order":0,"comment_status":"closed","ping_status":"closed","template":"","meta":{"footnotes":""},"class_list":["post-5439","page","type-page","status-publish","hentry"],"yoast_head":"<!-- This site is optimized with the Yoast SEO plugin v27.5 - https:\/\/yoast.com\/product\/yoast-seo-wordpress\/ -->\n<title>Finish purchase - El Celler de Sanui<\/title>\n<meta name=\"robots\" content=\"index, follow, max-snippet:-1, max-image-preview:large, max-video-preview:-1\" \/>\n<link rel=\"canonical\" href=\"https:\/\/cellerdelleida.com\/en\/complete-purchase\/\" \/>\n<meta property=\"og:locale\" content=\"en_US\" \/>\n<meta property=\"og:type\" content=\"article\" \/>\n<meta property=\"og:title\" content=\"Finish purchase - El Celler de Sanui\" \/>\n<meta property=\"og:description\" content=\"Billing details First name&nbsp;* Last name&nbsp;* Name of the company&nbsp;(opcional) Pa\u00eds \/ Regi\u00f3n&nbsp;*Espa\u00f1a Direcci\u00f3n de la calle&nbsp;* Apartamento, habitaci\u00f3n, escalera, etc.&nbsp;(opcional) C\u00f3digo postal&nbsp;* Poblaci\u00f3n&nbsp;* Provincia&nbsp;*Elige una opci\u00f3n&hellip;La Coru\u00f1a\u00c1lavaAlbaceteAlicanteAlmer\u00edaAsturias\u00c1vilaBadajozBalearesBarcelonaBurgosC\u00e1ceresC\u00e1dizCantabriaCastell\u00f3nCeutaCiudad RealC\u00f3rdobaCuencaGeronaGranadaGuadalajaraGuip\u00fazcoaHuelvaHuescaJa\u00e9nLa RiojaLas PalmasLe\u00f3nL\u00e9ridaLugoMadridM\u00e1lagaMelillaMurciaNavarraOrensePalenciaPontevedraSalamancaSanta Cruz de TenerifeSegoviaSevillaSoriaTarragonaTeruelToledoValenciaValladolidVizcayaZamoraZaragoza phone&nbsp;* E-mail&nbsp;* Send to a different address? First name&nbsp;* Last name&nbsp;* Name of the company&nbsp;(opcional) Pa\u00eds \/ Regi\u00f3n&nbsp;*Espa\u00f1a Direcci\u00f3n de la [&hellip;]\" \/>\n<meta property=\"og:url\" content=\"https:\/\/cellerdelleida.com\/en\/complete-purchase\/\" \/>\n<meta property=\"og:site_name\" content=\"El Celler de Sanui\" \/>\n<meta property=\"article:modified_time\" content=\"2022-10-07T17:52:42+00:00\" \/>\n<meta name=\"twitter:card\" content=\"summary_large_image\" \/>\n<meta name=\"twitter:label1\" content=\"Est. reading time\" \/>\n\t<meta name=\"twitter:data1\" content=\"14 minutes\" \/>\n<script type=\"application\/ld+json\" class=\"yoast-schema-graph\">{\"@context\":\"https:\\\/\\\/schema.org\",\"@graph\":[{\"@type\":\"WebPage\",\"@id\":\"https:\\\/\\\/cellerdelleida.com\\\/en\\\/complete-purchase\\\/\",\"url\":\"https:\\\/\\\/cellerdelleida.com\\\/en\\\/complete-purchase\\\/\",\"name\":\"Finish purchase - El Celler de Sanui\",\"isPartOf\":{\"@id\":\"https:\\\/\\\/cellerdelleida.com\\\/en\\\/#website\"},\"datePublished\":\"2022-09-05T13:30:49+00:00\",\"dateModified\":\"2022-10-07T17:52:42+00:00\",\"breadcrumb\":{\"@id\":\"https:\\\/\\\/cellerdelleida.com\\\/en\\\/complete-purchase\\\/#breadcrumb\"},\"inLanguage\":\"en-US\",\"potentialAction\":[{\"@type\":\"ReadAction\",\"target\":[\"https:\\\/\\\/cellerdelleida.com\\\/en\\\/complete-purchase\\\/\"]}]},{\"@type\":\"BreadcrumbList\",\"@id\":\"https:\\\/\\\/cellerdelleida.com\\\/en\\\/complete-purchase\\\/#breadcrumb\",\"itemListElement\":[{\"@type\":\"ListItem\",\"position\":1,\"name\":\"Portada\",\"item\":\"https:\\\/\\\/cellerdelleida.com\\\/en\\\/\"},{\"@type\":\"ListItem\",\"position\":2,\"name\":\"Finish purchase\"}]},{\"@type\":\"WebSite\",\"@id\":\"https:\\\/\\\/cellerdelleida.com\\\/en\\\/#website\",\"url\":\"https:\\\/\\\/cellerdelleida.com\\\/en\\\/\",\"name\":\"El Celler de Sanui\",\"description\":\"Productes frescos de LLeida\",\"publisher\":{\"@id\":\"https:\\\/\\\/cellerdelleida.com\\\/en\\\/#organization\"},\"potentialAction\":[{\"@type\":\"SearchAction\",\"target\":{\"@type\":\"EntryPoint\",\"urlTemplate\":\"https:\\\/\\\/cellerdelleida.com\\\/en\\\/?s={search_term_string}\"},\"query-input\":{\"@type\":\"PropertyValueSpecification\",\"valueRequired\":true,\"valueName\":\"search_term_string\"}}],\"inLanguage\":\"en-US\"},{\"@type\":\"Organization\",\"@id\":\"https:\\\/\\\/cellerdelleida.com\\\/en\\\/#organization\",\"name\":\"El Celler de Sanui\",\"url\":\"https:\\\/\\\/cellerdelleida.com\\\/en\\\/\",\"logo\":{\"@type\":\"ImageObject\",\"inLanguage\":\"en-US\",\"@id\":\"https:\\\/\\\/cellerdelleida.com\\\/en\\\/#\\\/schema\\\/logo\\\/image\\\/\",\"url\":\"https:\\\/\\\/cellerdelleida.com\\\/wp-content\\\/uploads\\\/2022\\\/09\\\/Logo-marro.png\",\"contentUrl\":\"https:\\\/\\\/cellerdelleida.com\\\/wp-content\\\/uploads\\\/2022\\\/09\\\/Logo-marro.png\",\"width\":451,\"height\":304,\"caption\":\"El Celler de Sanui\"},\"image\":{\"@id\":\"https:\\\/\\\/cellerdelleida.com\\\/en\\\/#\\\/schema\\\/logo\\\/image\\\/\"}}]}<\/script>\n<!-- \/ Yoast SEO plugin. -->","yoast_head_json":{"title":"Finish purchase - El Celler de Sanui","robots":{"index":"index","follow":"follow","max-snippet":"max-snippet:-1","max-image-preview":"max-image-preview:large","max-video-preview":"max-video-preview:-1"},"canonical":"https:\/\/cellerdelleida.com\/en\/complete-purchase\/","og_locale":"en_US","og_type":"article","og_title":"Finish purchase - El Celler de Sanui","og_description":"Billing details First name&nbsp;* Last name&nbsp;* Name of the company&nbsp;(opcional) Pa\u00eds \/ Regi\u00f3n&nbsp;*Espa\u00f1a Direcci\u00f3n de la calle&nbsp;* Apartamento, habitaci\u00f3n, escalera, etc.&nbsp;(opcional) C\u00f3digo postal&nbsp;* Poblaci\u00f3n&nbsp;* Provincia&nbsp;*Elige una opci\u00f3n&hellip;La Coru\u00f1a\u00c1lavaAlbaceteAlicanteAlmer\u00edaAsturias\u00c1vilaBadajozBalearesBarcelonaBurgosC\u00e1ceresC\u00e1dizCantabriaCastell\u00f3nCeutaCiudad RealC\u00f3rdobaCuencaGeronaGranadaGuadalajaraGuip\u00fazcoaHuelvaHuescaJa\u00e9nLa RiojaLas PalmasLe\u00f3nL\u00e9ridaLugoMadridM\u00e1lagaMelillaMurciaNavarraOrensePalenciaPontevedraSalamancaSanta Cruz de TenerifeSegoviaSevillaSoriaTarragonaTeruelToledoValenciaValladolidVizcayaZamoraZaragoza phone&nbsp;* E-mail&nbsp;* Send to a different address? First name&nbsp;* Last name&nbsp;* Name of the company&nbsp;(opcional) Pa\u00eds \/ Regi\u00f3n&nbsp;*Espa\u00f1a Direcci\u00f3n de la [&hellip;]","og_url":"https:\/\/cellerdelleida.com\/en\/complete-purchase\/","og_site_name":"El Celler de Sanui","article_modified_time":"2022-10-07T17:52:42+00:00","twitter_card":"summary_large_image","twitter_misc":{"Est. reading time":"14 minutes"},"schema":{"@context":"https:\/\/schema.org","@graph":[{"@type":"WebPage","@id":"https:\/\/cellerdelleida.com\/en\/complete-purchase\/","url":"https:\/\/cellerdelleida.com\/en\/complete-purchase\/","name":"Finish purchase - El Celler de Sanui","isPartOf":{"@id":"https:\/\/cellerdelleida.com\/en\/#website"},"datePublished":"2022-09-05T13:30:49+00:00","dateModified":"2022-10-07T17:52:42+00:00","breadcrumb":{"@id":"https:\/\/cellerdelleida.com\/en\/complete-purchase\/#breadcrumb"},"inLanguage":"en-US","potentialAction":[{"@type":"ReadAction","target":["https:\/\/cellerdelleida.com\/en\/complete-purchase\/"]}]},{"@type":"BreadcrumbList","@id":"https:\/\/cellerdelleida.com\/en\/complete-purchase\/#breadcrumb","itemListElement":[{"@type":"ListItem","position":1,"name":"Portada","item":"https:\/\/cellerdelleida.com\/en\/"},{"@type":"ListItem","position":2,"name":"Finish purchase"}]},{"@type":"WebSite","@id":"https:\/\/cellerdelleida.com\/en\/#website","url":"https:\/\/cellerdelleida.com\/en\/","name":"El Celler de Sanui","description":"Productes frescos de LLeida","publisher":{"@id":"https:\/\/cellerdelleida.com\/en\/#organization"},"potentialAction":[{"@type":"SearchAction","target":{"@type":"EntryPoint","urlTemplate":"https:\/\/cellerdelleida.com\/en\/?s={search_term_string}"},"query-input":{"@type":"PropertyValueSpecification","valueRequired":true,"valueName":"search_term_string"}}],"inLanguage":"en-US"},{"@type":"Organization","@id":"https:\/\/cellerdelleida.com\/en\/#organization","name":"El Celler de Sanui","url":"https:\/\/cellerdelleida.com\/en\/","logo":{"@type":"ImageObject","inLanguage":"en-US","@id":"https:\/\/cellerdelleida.com\/en\/#\/schema\/logo\/image\/","url":"https:\/\/cellerdelleida.com\/wp-content\/uploads\/2022\/09\/Logo-marro.png","contentUrl":"https:\/\/cellerdelleida.com\/wp-content\/uploads\/2022\/09\/Logo-marro.png","width":451,"height":304,"caption":"El Celler de Sanui"},"image":{"@id":"https:\/\/cellerdelleida.com\/en\/#\/schema\/logo\/image\/"}}]}},"_links":{"self":[{"href":"https:\/\/cellerdelleida.com\/en\/wp-json\/wp\/v2\/pages\/5439","targetHints":{"allow":["GET"]}}],"collection":[{"href":"https:\/\/cellerdelleida.com\/en\/wp-json\/wp\/v2\/pages"}],"about":[{"href":"https:\/\/cellerdelleida.com\/en\/wp-json\/wp\/v2\/types\/page"}],"author":[{"embeddable":true,"href":"https:\/\/cellerdelleida.com\/en\/wp-json\/wp\/v2\/users\/1"}],"replies":[{"embeddable":true,"href":"https:\/\/cellerdelleida.com\/en\/wp-json\/wp\/v2\/comments?post=5439"}],"version-history":[{"count":94,"href":"https:\/\/cellerdelleida.com\/en\/wp-json\/wp\/v2\/pages\/5439\/revisions"}],"predecessor-version":[{"id":6584,"href":"https:\/\/cellerdelleida.com\/en\/wp-json\/wp\/v2\/pages\/5439\/revisions\/6584"}],"wp:attachment":[{"href":"https:\/\/cellerdelleida.com\/en\/wp-json\/wp\/v2\/media?parent=5439"}],"curies":[{"name":"wp","href":"https:\/\/api.w.org\/{rel}","templated":true}]}}