{"id":5339,"date":"2022-09-30T17:25:36","date_gmt":"2022-09-30T15:25:36","guid":{"rendered":"https:\/\/cellerdelleida.com\/basket\/"},"modified":"2022-10-07T20:21:47","modified_gmt":"2022-10-07T18:21:47","slug":"basket","status":"publish","type":"page","link":"https:\/\/cellerdelleida.com\/en\/basket\/","title":{"rendered":"basket"},"content":{"rendered":"<p><!--open container--><br \/>\n\t\t\t\t\t\t\t<!--open column-1--><\/p>\n<form action=\"https:\/\/cellerdelleida.com\/cistella\/\" method=\"post\">\n\t\t\t\t\t\t<!--open shop table div --><\/p>\n<table cellspacing=\"0\">\n<thead>\n<tr>\n<th>Eliminar art\u00edculo<\/th>\n<th>Imagen en miniatura<\/th>\n<th>Producto<\/th>\n<th>Precio<\/th>\n<th>Cantidad<\/th>\n<th>Subtotal<\/th>\n<\/tr>\n<\/thead>\n<tbody>\n<tr>\n<td>\n\t\t\t\t\t\t\t<a href=\"https:\/\/cellerdelleida.com\/cistella\/?remove_item=0cac7ab6f43614bd677c3adce9ea592d&#038;_wpnonce=282cefa3a2\" aria-label=\"Borrar este art\u00edculo\" data-product_id=\"3806\" data-product_sku=\"\">&times;<\/a>\t\t\t\t\t\t<\/td>\n<td>\n\t\t\t\t\t\t<a href=\"https:\/\/cellerdelleida.com\/producto\/petit-de-sanui-blanc\/\"><img loading=\"lazy\" decoding=\"async\" width=\"300\" height=\"450\" src=\"https:\/\/cellerdelleida.com\/wp-content\/uploads\/2022\/09\/petit-blanc-300x450.jpg\" alt=\"Ampolla de vi el petit de Sanui blanc\" loading=\"lazy\" srcset=\"https:\/\/cellerdelleida.com\/wp-content\/uploads\/2022\/09\/petit-blanc-300x450.jpg 300w, https:\/\/cellerdelleida.com\/wp-content\/uploads\/2022\/09\/petit-blanc-200x300.jpg 200w, https:\/\/cellerdelleida.com\/wp-content\/uploads\/2022\/09\/petit-blanc.jpg 600w\" sizes=\"auto, (max-width: 300px) 100vw, 300px\" \/><\/a>\t\t\t\t\t\t<\/td>\n<td data-title=\"Producto\">\n\t\t\t\t\t\t<a href=\"https:\/\/cellerdelleida.com\/producto\/petit-de-sanui-blanc\/\">Petit de SANUI blanc<\/a>\t\t\t\t\t\t<\/td>\n<td data-title=\"Precio\">\n\t\t\t\t\t\t\t<bdi>6,00&nbsp;&euro;<\/bdi>\t\t\t\t\t\t<\/td>\n<td data-title=\"Cantidad\">\n\t\t\t\t<label for=\"quantity_63406e3baa5ec\">Petit de SANUI blanc cantidad<\/label><br \/>\n\t\t<input\n\t\t\ttype=\"number\"\n\t\t\tid=\"quantity_63406e3baa5ec\"\n\t\t\tclass=\"input-text qty text\"\n\t\t\tstep=\"1\"\n\t\t\tmin=\"0\"\n\t\t\tmax=\"\"\n\t\t\tname=\"cart[0cac7ab6f43614bd677c3adce9ea592d][qty]\"\n\t\t\tvalue=\"1\"\n\t\t\ttitle=\"Cantidad\"\n\t\t\tsize=\"4\"\n\t\t\tplaceholder=\"\"\n\t\t\tinputmode=\"numeric\"\n\t\t\tautocomplete=\"off\"\n\t\t\/>\n\t\t\t\t\t\t\t<\/td>\n<td data-title=\"Subtotal\">\n\t\t\t\t\t\t\t<bdi>6,00&nbsp;&euro;<\/bdi>\t\t\t\t\t\t<\/td>\n<\/tr>\n<tr>\n<td>\n\t\t\t\t\t\t\t<a href=\"https:\/\/cellerdelleida.com\/cistella\/?remove_item=e85b93d3ac9e2ddc5c39ae145b88bee0&#038;_wpnonce=282cefa3a2\" aria-label=\"Borrar este art\u00edculo\" data-product_id=\"3773\" data-product_sku=\"\">&times;<\/a>\t\t\t\t\t\t<\/td>\n<td>\n\t\t\t\t\t\t<a href=\"https:\/\/cellerdelleida.com\/producto\/petit-de-sanui-negre\/\"><img loading=\"lazy\" decoding=\"async\" width=\"300\" height=\"450\" src=\"https:\/\/cellerdelleida.com\/wp-content\/uploads\/2022\/09\/prat-negre-300x450.jpg\" alt=\"Ampolla de vi Prat d&#039;hores negre\" loading=\"lazy\" srcset=\"https:\/\/cellerdelleida.com\/wp-content\/uploads\/2022\/09\/prat-negre-300x450.jpg 300w, https:\/\/cellerdelleida.com\/wp-content\/uploads\/2022\/09\/prat-negre-200x300.jpg 200w, https:\/\/cellerdelleida.com\/wp-content\/uploads\/2022\/09\/prat-negre.jpg 600w\" sizes=\"auto, (max-width: 300px) 100vw, 300px\" \/><\/a>\t\t\t\t\t\t<\/td>\n<td data-title=\"Producto\">\n\t\t\t\t\t\t<a href=\"https:\/\/cellerdelleida.com\/producto\/petit-de-sanui-negre\/\">Petit de SANUI negre<\/a>\t\t\t\t\t\t<\/td>\n<td data-title=\"Precio\">\n\t\t\t\t\t\t\t<bdi>6,00&nbsp;&euro;<\/bdi>\t\t\t\t\t\t<\/td>\n<td data-title=\"Cantidad\">\n\t\t\t\t<label for=\"quantity_63406e3baaedb\">Petit de SANUI negre cantidad<\/label><br \/>\n\t\t<input\n\t\t\ttype=\"number\"\n\t\t\tid=\"quantity_63406e3baaedb\"\n\t\t\tclass=\"input-text qty text\"\n\t\t\tstep=\"1\"\n\t\t\tmin=\"0\"\n\t\t\tmax=\"\"\n\t\t\tname=\"cart[e85b93d3ac9e2ddc5c39ae145b88bee0][qty]\"\n\t\t\tvalue=\"2\"\n\t\t\ttitle=\"Cantidad\"\n\t\t\tsize=\"4\"\n\t\t\tplaceholder=\"\"\n\t\t\tinputmode=\"numeric\"\n\t\t\tautocomplete=\"off\"\n\t\t\/>\n\t\t\t\t\t\t\t<\/td>\n<td data-title=\"Subtotal\">\n\t\t\t\t\t\t\t<bdi>12,00&nbsp;&euro;<\/bdi>\t\t\t\t\t\t<\/td>\n<\/tr>\n<tr>\n<td colspan=\"6\">\n\t\t\t\t\t<button type=\"submit\" name=\"update_cart\" value=\"\"><\/button><br \/>\n\t\t\t\t\t<input type=\"hidden\" id=\"woocommerce-cart-nonce\" name=\"woocommerce-cart-nonce\" value=\"282cefa3a2\" \/><input type=\"hidden\" name=\"_wp_http_referer\" value=\"\/wp-admin\/admin-ajax.php\" \/>\t\t\t\t<\/td>\n<\/tr>\n<\/tbody>\n<\/table>\n<p>\t\t\t\t\t<!--close shop table div --><br \/>\n\t\t<\/form>\n<p>\t\t\t\t\t\t<!--close column-1--><br \/>\n\t\t\t\t\t\t\t<!--open column-2--><br \/>\n\t\t\t\t\t\t\t\t\t<!--open column-inner--><br \/>\n\t\t\t\t\t\t\t\t\t\t<!--open cart-totals--><\/p>\n<h2>BASKET TOTAL<\/h2>\n<table cellspacing=\"0\">\n<tr>\n<th>Subtotal<\/th>\n<td data-title=\"Subtotal\"><bdi>18,00&nbsp;&euro;<\/bdi><\/td>\n<\/tr>\n<tr>\n<th>Env\u00edo<\/th>\n<td data-title=\"Env\u00edo\">\n<form action=\"https:\/\/cellerdelleida.com\/cistella\/\" method=\"post\">\n\t<a href=\"#\">Calcular env\u00edo<\/a><\/p>\n<section style=\"display:none;\">\n<p id=\"calc_shipping_country_field\">\n\t\t\t\t<label for=\"calc_shipping_country\">Pa\u00eds o regi\u00f3n:<\/label><br \/>\n\t\t\t\t<select name=\"calc_shipping_country\" id=\"calc_shipping_country\" rel=\"calc_shipping_state\"><option value=\"default\">Selecciona un pa\u00eds\/regi\u00f3n&hellip;<\/option><option value=\"ES\" selected='selected'>Espa\u00f1a<\/option><\/select>\n\t\t\t<\/p>\n<p id=\"calc_shipping_state_field\">\n\t\t\t\t\t\t<label for=\"calc_shipping_state\">Regi\u00f3n \/ Provincia:<\/label><br \/>\n\t\t\t\t\t\t<select name=\"calc_shipping_state\" id=\"calc_shipping_state\" data-placeholder=\"Regi\u00f3n \/ Provincia\"><option value=\"\">Elige una opci\u00f3n&hellip;<\/option><option value=\"C\" >La Coru\u00f1a<\/option><option value=\"VI\" >\u00c1lava<\/option><option value=\"AB\" >Albacete<\/option><option value=\"A\" >Alicante<\/option><option value=\"AL\" >Almer\u00eda<\/option><option value=\"O\" >Asturias<\/option><option value=\"AV\" >\u00c1vila<\/option><option value=\"BA\" >Badajoz<\/option><option value=\"PM\" >Baleares<\/option><option value=\"B\" >Barcelona<\/option><option value=\"BU\" >Burgos<\/option><option value=\"CC\" >C\u00e1ceres<\/option><option value=\"CA\" >C\u00e1diz<\/option><option value=\"S\" >Cantabria<\/option><option value=\"CS\" >Castell\u00f3n<\/option><option value=\"CE\" >Ceuta<\/option><option value=\"CR\" >Ciudad Real<\/option><option value=\"CO\" >C\u00f3rdoba<\/option><option value=\"CU\" >Cuenca<\/option><option value=\"GI\" >Gerona<\/option><option value=\"GR\" >Granada<\/option><option value=\"GU\" >Guadalajara<\/option><option value=\"SS\" >Guip\u00fazcoa<\/option><option value=\"H\" >Huelva<\/option><option value=\"HU\" >Huesca<\/option><option value=\"J\" >Ja\u00e9n<\/option><option value=\"LO\" >La Rioja<\/option><option value=\"GC\"  selected='selected'>Las Palmas<\/option><option value=\"LE\" >Le\u00f3n<\/option><option value=\"L\" >L\u00e9rida<\/option><option value=\"LU\" >Lugo<\/option><option value=\"M\" >Madrid<\/option><option value=\"MA\" >M\u00e1laga<\/option><option value=\"ML\" >Melilla<\/option><option value=\"MU\" >Murcia<\/option><option value=\"NA\" >Navarra<\/option><option value=\"OR\" >Orense<\/option><option value=\"P\" >Palencia<\/option><option value=\"PO\" >Pontevedra<\/option><option value=\"SA\" >Salamanca<\/option><option value=\"TF\" >Santa Cruz de Tenerife<\/option><option value=\"SG\" >Segovia<\/option><option value=\"SE\" >Sevilla<\/option><option value=\"SO\" >Soria<\/option><option value=\"T\" >Tarragona<\/option><option value=\"TE\" >Teruel<\/option><option value=\"TO\" >Toledo<\/option><option value=\"V\" >Valencia<\/option><option value=\"VA\" >Valladolid<\/option><option value=\"BI\" >Vizcaya<\/option><option value=\"ZA\" >Zamora<\/option><option value=\"Z\" >Zaragoza<\/option><\/select>\n\t\t\t\t\t\t\t\t<\/p>\n<p id=\"calc_shipping_city_field\">\n\t\t\t\t<label for=\"calc_shipping_city\">Ciudad:<\/label><br \/>\n\t\t\t\t<input type=\"text\" value=\"\" placeholder=\"Ciudad\" name=\"calc_shipping_city\" id=\"calc_shipping_city\" \/>\n\t\t\t<\/p>\n<p id=\"calc_shipping_postcode_field\">\n\t\t\t\t<label for=\"calc_shipping_postcode\">C\u00f3digo postal:<\/label><br \/>\n\t\t\t\t<input type=\"text\" value=\"\" placeholder=\"C\u00f3digo postal\" name=\"calc_shipping_postcode\" id=\"calc_shipping_postcode\" \/>\n\t\t\t<\/p>\n<p><button type=\"submit\" name=\"calc_shipping\" value=\"1\">update<\/button><\/p>\n<p>\t\t<input type=\"hidden\" id=\"woocommerce-shipping-calculator-nonce\" name=\"woocommerce-shipping-calculator-nonce\" value=\"1f00846a01\" \/><input type=\"hidden\" name=\"_wp_http_referer\" value=\"\/wp-admin\/admin-ajax.php\" \/>\t<\/section>\n<\/form>\n<\/td>\n<\/tr>\n<tr>\n<th>Total<\/th>\n<td data-title=\"Total\"><strong><bdi>18,00&nbsp;&euro;<\/bdi><\/strong> <\/td>\n<\/tr>\n<\/table>\n<p><a href=\"https:\/\/cellerdelleida.com\/finalizar-compra\/\"><br \/>\n\tCheckout<\/a><br \/>\n\t\t\t\t\t\t\t\t\t<!--close cart-totals--><br \/>\n\t\t\t\t\t\t\t\t\t<!--close column-inner--><br \/>\n\t\t\t\t\t\t\t<!--close column-2--><br \/>\n\t\t\t\t\t\t<!--close container--><\/p>\n","protected":false},"excerpt":{"rendered":"<p>Eliminar art\u00edculo Imagen en miniatura Producto Precio Cantidad Subtotal &times; Petit de SANUI blanc 6,00&nbsp;&euro; Petit de SANUI blanc cantidad 6,00&nbsp;&euro; &times; Petit de SANUI negre 6,00&nbsp;&euro; Petit de SANUI negre cantidad 12,00&nbsp;&euro; BASKET TOTAL Subtotal 18,00&nbsp;&euro; Env\u00edo Calcular env\u00edo Pa\u00eds o regi\u00f3n: Selecciona un pa\u00eds\/regi\u00f3n&hellip;Espa\u00f1a Regi\u00f3n \/ Provincia: Elige una opci\u00f3n&hellip;La Coru\u00f1a\u00c1lavaAlbaceteAlicanteAlmer\u00edaAsturias\u00c1vilaBadajozBalearesBarcelonaBurgosC\u00e1ceresC\u00e1dizCantabriaCastell\u00f3nCeutaCiudad RealC\u00f3rdobaCuencaGeronaGranadaGuadalajaraGuip\u00fazcoaHuelvaHuescaJa\u00e9nLa RiojaLas [&hellip;]<\/p>\n","protected":false},"author":1,"featured_media":0,"parent":0,"menu_order":0,"comment_status":"closed","ping_status":"closed","template":"","meta":{"footnotes":""},"class_list":["post-5339","page","type-page","status-publish","hentry"],"yoast_head":"<!-- This site is optimized with the Yoast SEO plugin v27.4 - https:\/\/yoast.com\/product\/yoast-seo-wordpress\/ -->\n<title>basket - El Celler de Sanui<\/title>\n<meta name=\"robots\" content=\"index, follow, max-snippet:-1, max-image-preview:large, max-video-preview:-1\" \/>\n<link rel=\"canonical\" href=\"https:\/\/cellerdelleida.com\/en\/basket\/\" \/>\n<meta property=\"og:locale\" content=\"en_US\" \/>\n<meta property=\"og:type\" content=\"article\" \/>\n<meta property=\"og:title\" content=\"basket - El Celler de Sanui\" \/>\n<meta property=\"og:description\" content=\"Eliminar art\u00edculo Imagen en miniatura Producto Precio Cantidad Subtotal &times; Petit de SANUI blanc 6,00&nbsp;&euro; Petit de SANUI blanc cantidad 6,00&nbsp;&euro; &times; Petit de SANUI negre 6,00&nbsp;&euro; Petit de SANUI negre cantidad 12,00&nbsp;&euro; BASKET TOTAL Subtotal 18,00&nbsp;&euro; Env\u00edo Calcular env\u00edo Pa\u00eds o regi\u00f3n: Selecciona un pa\u00eds\/regi\u00f3n&hellip;Espa\u00f1a Regi\u00f3n \/ Provincia: Elige una opci\u00f3n&hellip;La Coru\u00f1a\u00c1lavaAlbaceteAlicanteAlmer\u00edaAsturias\u00c1vilaBadajozBalearesBarcelonaBurgosC\u00e1ceresC\u00e1dizCantabriaCastell\u00f3nCeutaCiudad RealC\u00f3rdobaCuencaGeronaGranadaGuadalajaraGuip\u00fazcoaHuelvaHuescaJa\u00e9nLa RiojaLas [&hellip;]\" \/>\n<meta property=\"og:url\" content=\"https:\/\/cellerdelleida.com\/en\/basket\/\" \/>\n<meta property=\"og:site_name\" content=\"El Celler de Sanui\" \/>\n<meta property=\"article:modified_time\" content=\"2022-10-07T18:21:47+00:00\" \/>\n<meta property=\"og:image\" content=\"https:\/\/cellerdelleida.com\/wp-content\/uploads\/2022\/09\/petit-blanc-300x450.jpg\" \/>\n<meta name=\"twitter:card\" content=\"summary_large_image\" \/>\n<meta name=\"twitter:label1\" content=\"Est. reading time\" \/>\n\t<meta name=\"twitter:data1\" content=\"1 minute\" \/>\n<script type=\"application\/ld+json\" class=\"yoast-schema-graph\">{\"@context\":\"https:\\\/\\\/schema.org\",\"@graph\":[{\"@type\":\"WebPage\",\"@id\":\"https:\\\/\\\/cellerdelleida.com\\\/en\\\/basket\\\/\",\"url\":\"https:\\\/\\\/cellerdelleida.com\\\/en\\\/basket\\\/\",\"name\":\"basket - El Celler de Sanui\",\"isPartOf\":{\"@id\":\"https:\\\/\\\/cellerdelleida.com\\\/en\\\/#website\"},\"primaryImageOfPage\":{\"@id\":\"https:\\\/\\\/cellerdelleida.com\\\/en\\\/basket\\\/#primaryimage\"},\"image\":{\"@id\":\"https:\\\/\\\/cellerdelleida.com\\\/en\\\/basket\\\/#primaryimage\"},\"thumbnailUrl\":\"https:\\\/\\\/cellerdelleida.com\\\/wp-content\\\/uploads\\\/2022\\\/09\\\/petit-blanc-300x450.jpg\",\"datePublished\":\"2022-09-30T15:25:36+00:00\",\"dateModified\":\"2022-10-07T18:21:47+00:00\",\"breadcrumb\":{\"@id\":\"https:\\\/\\\/cellerdelleida.com\\\/en\\\/basket\\\/#breadcrumb\"},\"inLanguage\":\"en-US\",\"potentialAction\":[{\"@type\":\"ReadAction\",\"target\":[\"https:\\\/\\\/cellerdelleida.com\\\/en\\\/basket\\\/\"]}]},{\"@type\":\"ImageObject\",\"inLanguage\":\"en-US\",\"@id\":\"https:\\\/\\\/cellerdelleida.com\\\/en\\\/basket\\\/#primaryimage\",\"url\":\"https:\\\/\\\/cellerdelleida.com\\\/wp-content\\\/uploads\\\/2022\\\/09\\\/petit-blanc-300x450.jpg\",\"contentUrl\":\"https:\\\/\\\/cellerdelleida.com\\\/wp-content\\\/uploads\\\/2022\\\/09\\\/petit-blanc-300x450.jpg\"},{\"@type\":\"BreadcrumbList\",\"@id\":\"https:\\\/\\\/cellerdelleida.com\\\/en\\\/basket\\\/#breadcrumb\",\"itemListElement\":[{\"@type\":\"ListItem\",\"position\":1,\"name\":\"Portada\",\"item\":\"https:\\\/\\\/cellerdelleida.com\\\/en\\\/\"},{\"@type\":\"ListItem\",\"position\":2,\"name\":\"basket\"}]},{\"@type\":\"WebSite\",\"@id\":\"https:\\\/\\\/cellerdelleida.com\\\/en\\\/#website\",\"url\":\"https:\\\/\\\/cellerdelleida.com\\\/en\\\/\",\"name\":\"El Celler de Sanui\",\"description\":\"Productes frescos de LLeida\",\"publisher\":{\"@id\":\"https:\\\/\\\/cellerdelleida.com\\\/en\\\/#organization\"},\"potentialAction\":[{\"@type\":\"SearchAction\",\"target\":{\"@type\":\"EntryPoint\",\"urlTemplate\":\"https:\\\/\\\/cellerdelleida.com\\\/en\\\/?s={search_term_string}\"},\"query-input\":{\"@type\":\"PropertyValueSpecification\",\"valueRequired\":true,\"valueName\":\"search_term_string\"}}],\"inLanguage\":\"en-US\"},{\"@type\":\"Organization\",\"@id\":\"https:\\\/\\\/cellerdelleida.com\\\/en\\\/#organization\",\"name\":\"El Celler de Sanui\",\"url\":\"https:\\\/\\\/cellerdelleida.com\\\/en\\\/\",\"logo\":{\"@type\":\"ImageObject\",\"inLanguage\":\"en-US\",\"@id\":\"https:\\\/\\\/cellerdelleida.com\\\/en\\\/#\\\/schema\\\/logo\\\/image\\\/\",\"url\":\"https:\\\/\\\/cellerdelleida.com\\\/wp-content\\\/uploads\\\/2022\\\/09\\\/Logo-marro.png\",\"contentUrl\":\"https:\\\/\\\/cellerdelleida.com\\\/wp-content\\\/uploads\\\/2022\\\/09\\\/Logo-marro.png\",\"width\":451,\"height\":304,\"caption\":\"El Celler de Sanui\"},\"image\":{\"@id\":\"https:\\\/\\\/cellerdelleida.com\\\/en\\\/#\\\/schema\\\/logo\\\/image\\\/\"}}]}<\/script>\n<!-- \/ Yoast SEO plugin. -->","yoast_head_json":{"title":"basket - El Celler de Sanui","robots":{"index":"index","follow":"follow","max-snippet":"max-snippet:-1","max-image-preview":"max-image-preview:large","max-video-preview":"max-video-preview:-1"},"canonical":"https:\/\/cellerdelleida.com\/en\/basket\/","og_locale":"en_US","og_type":"article","og_title":"basket - El Celler de Sanui","og_description":"Eliminar art\u00edculo Imagen en miniatura Producto Precio Cantidad Subtotal &times; Petit de SANUI blanc 6,00&nbsp;&euro; Petit de SANUI blanc cantidad 6,00&nbsp;&euro; &times; Petit de SANUI negre 6,00&nbsp;&euro; Petit de SANUI negre cantidad 12,00&nbsp;&euro; BASKET TOTAL Subtotal 18,00&nbsp;&euro; Env\u00edo Calcular env\u00edo Pa\u00eds o regi\u00f3n: Selecciona un pa\u00eds\/regi\u00f3n&hellip;Espa\u00f1a Regi\u00f3n \/ Provincia: Elige una opci\u00f3n&hellip;La Coru\u00f1a\u00c1lavaAlbaceteAlicanteAlmer\u00edaAsturias\u00c1vilaBadajozBalearesBarcelonaBurgosC\u00e1ceresC\u00e1dizCantabriaCastell\u00f3nCeutaCiudad RealC\u00f3rdobaCuencaGeronaGranadaGuadalajaraGuip\u00fazcoaHuelvaHuescaJa\u00e9nLa RiojaLas [&hellip;]","og_url":"https:\/\/cellerdelleida.com\/en\/basket\/","og_site_name":"El Celler de Sanui","article_modified_time":"2022-10-07T18:21:47+00:00","og_image":[{"url":"https:\/\/cellerdelleida.com\/wp-content\/uploads\/2022\/09\/petit-blanc-300x450.jpg","type":"","width":"","height":""}],"twitter_card":"summary_large_image","twitter_misc":{"Est. reading time":"1 minute"},"schema":{"@context":"https:\/\/schema.org","@graph":[{"@type":"WebPage","@id":"https:\/\/cellerdelleida.com\/en\/basket\/","url":"https:\/\/cellerdelleida.com\/en\/basket\/","name":"basket - El Celler de Sanui","isPartOf":{"@id":"https:\/\/cellerdelleida.com\/en\/#website"},"primaryImageOfPage":{"@id":"https:\/\/cellerdelleida.com\/en\/basket\/#primaryimage"},"image":{"@id":"https:\/\/cellerdelleida.com\/en\/basket\/#primaryimage"},"thumbnailUrl":"https:\/\/cellerdelleida.com\/wp-content\/uploads\/2022\/09\/petit-blanc-300x450.jpg","datePublished":"2022-09-30T15:25:36+00:00","dateModified":"2022-10-07T18:21:47+00:00","breadcrumb":{"@id":"https:\/\/cellerdelleida.com\/en\/basket\/#breadcrumb"},"inLanguage":"en-US","potentialAction":[{"@type":"ReadAction","target":["https:\/\/cellerdelleida.com\/en\/basket\/"]}]},{"@type":"ImageObject","inLanguage":"en-US","@id":"https:\/\/cellerdelleida.com\/en\/basket\/#primaryimage","url":"https:\/\/cellerdelleida.com\/wp-content\/uploads\/2022\/09\/petit-blanc-300x450.jpg","contentUrl":"https:\/\/cellerdelleida.com\/wp-content\/uploads\/2022\/09\/petit-blanc-300x450.jpg"},{"@type":"BreadcrumbList","@id":"https:\/\/cellerdelleida.com\/en\/basket\/#breadcrumb","itemListElement":[{"@type":"ListItem","position":1,"name":"Portada","item":"https:\/\/cellerdelleida.com\/en\/"},{"@type":"ListItem","position":2,"name":"basket"}]},{"@type":"WebSite","@id":"https:\/\/cellerdelleida.com\/en\/#website","url":"https:\/\/cellerdelleida.com\/en\/","name":"El Celler de Sanui","description":"Productes frescos de LLeida","publisher":{"@id":"https:\/\/cellerdelleida.com\/en\/#organization"},"potentialAction":[{"@type":"SearchAction","target":{"@type":"EntryPoint","urlTemplate":"https:\/\/cellerdelleida.com\/en\/?s={search_term_string}"},"query-input":{"@type":"PropertyValueSpecification","valueRequired":true,"valueName":"search_term_string"}}],"inLanguage":"en-US"},{"@type":"Organization","@id":"https:\/\/cellerdelleida.com\/en\/#organization","name":"El Celler de Sanui","url":"https:\/\/cellerdelleida.com\/en\/","logo":{"@type":"ImageObject","inLanguage":"en-US","@id":"https:\/\/cellerdelleida.com\/en\/#\/schema\/logo\/image\/","url":"https:\/\/cellerdelleida.com\/wp-content\/uploads\/2022\/09\/Logo-marro.png","contentUrl":"https:\/\/cellerdelleida.com\/wp-content\/uploads\/2022\/09\/Logo-marro.png","width":451,"height":304,"caption":"El Celler de Sanui"},"image":{"@id":"https:\/\/cellerdelleida.com\/en\/#\/schema\/logo\/image\/"}}]}},"_links":{"self":[{"href":"https:\/\/cellerdelleida.com\/en\/wp-json\/wp\/v2\/pages\/5339","targetHints":{"allow":["GET"]}}],"collection":[{"href":"https:\/\/cellerdelleida.com\/en\/wp-json\/wp\/v2\/pages"}],"about":[{"href":"https:\/\/cellerdelleida.com\/en\/wp-json\/wp\/v2\/types\/page"}],"author":[{"embeddable":true,"href":"https:\/\/cellerdelleida.com\/en\/wp-json\/wp\/v2\/users\/1"}],"replies":[{"embeddable":true,"href":"https:\/\/cellerdelleida.com\/en\/wp-json\/wp\/v2\/comments?post=5339"}],"version-history":[{"count":19,"href":"https:\/\/cellerdelleida.com\/en\/wp-json\/wp\/v2\/pages\/5339\/revisions"}],"predecessor-version":[{"id":6658,"href":"https:\/\/cellerdelleida.com\/en\/wp-json\/wp\/v2\/pages\/5339\/revisions\/6658"}],"wp:attachment":[{"href":"https:\/\/cellerdelleida.com\/en\/wp-json\/wp\/v2\/media?parent=5339"}],"curies":[{"name":"wp","href":"https:\/\/api.w.org\/{rel}","templated":true}]}}